{"id":98,"date":"2017-12-23T21:01:49","date_gmt":"2017-12-23T20:01:49","guid":{"rendered":"http:\/\/www.thailand-reiseguide.de\/?page_id=98"},"modified":"2023-01-30T21:04:26","modified_gmt":"2023-01-30T20:04:26","slug":"geschichte-thailand","status":"publish","type":"page","link":"https:\/\/www.thailand-reiseguide.de\/en\/geschichte-thailand\/","title":{"rendered":"Geschichte"},"content":{"rendered":"<p>Thailand, fr\u00fcher bekannt als Siam, ist ein Land mit einer reichen Geschichte und einer langen Linie von Herrschern. Die ersten bekannten K\u00f6nigreiche in Thailand entstanden im 13. Jahrhundert, als die Stadt Sukhothai und das K\u00f6nigreich Ayutthaya entstanden. Beide K\u00f6nigreiche spielten eine wichtige Rolle in der Entwicklung der thail\u00e4ndischen Kultur und politischen Struktur.<\/p>\n\n\n\n<p>Im 14. und 15. Jahrhundert expandierte das K\u00f6nigreich Ayutthaya in den angrenzenden L\u00e4ndern und erreichte seine gr\u00f6\u00dfte Ausdehnung. Es hatte jedoch auch viele Konflikte mit den Nachbarl\u00e4ndern, insbesondere mit dem K\u00f6nigreich Burma. Im 18. Jahrhundert fiel Ayutthaya schlie\u00dflich unter die Kontrolle Burmas und ein neues K\u00f6nigreich, das K\u00f6nigreich Thonburi, wurde gegr\u00fcndet.<\/p>\n\n\n\n<p>Das K\u00f6nigreich Thonburi wurde jedoch bald durch das K\u00f6nigreich Chakri abgel\u00f6st, als K\u00f6nig Rama I im Jahr 1782 die Krone bestieg. Unter der Herrschaft von K\u00f6nig Rama III und K\u00f6nig Rama IV begann Thailand, seine politische und wirtschaftliche Macht auszubauen. Dies f\u00fchrte zu einer engeren Beziehung zu europ\u00e4ischen L\u00e4ndern, insbesondere Gro\u00dfbritannien und Frankreich.<\/p>\n\n\n\n<p>Im 20. Jahrhundert blieb Thailand unter der Herrschaft der Chakri-Dynastie und erlebte politische Instabilit\u00e4t und milit\u00e4rische \u00dcbernahmen. Es war jedoch auch eine Zeit des Wachstums und der Modernisierung, insbesondere unter K\u00f6nig Bhumibol Adulyadej, auch bekannt als K\u00f6nig Rama IX. Er regierte von 1946 bis 2016 und f\u00f6rderte wichtige Reformen und Projekte im Bereich Bildung, Gesundheit und Landwirtschaft.<\/p>\n\n\n\n<p>Thailand hat heute eine konstitutionelle Monarchie und befindet sich in einer engeren Beziehung zu seinen Nachbarl\u00e4ndern, einschlie\u00dflich Myanmar, Laos, Kambodscha und Malaysia. Es ist auch ein wichtiger Handelspartner f\u00fcr viele L\u00e4nder in Asien und weltweit.<\/p>\n\n\n\n<p>Obwohl Thailand politische Instabilit\u00e4t erlebt hat, hat es eine lange und stolze Geschichte, die es zu einem der faszinierendsten L\u00e4nder in S\u00fcdostasien macht. Die Vielfalt seiner Kultur, Geschichte und Menschen bietet einzigartige Einblicke in eine faszinierende Region der Welt.<\/p>","protected":false},"excerpt":{"rendered":"<p>Thailand, fr\u00fcher bekannt als Siam, ist ein Land mit einer reichen Geschichte und einer langen Linie von Herrschern. Die ersten<\/p>","protected":false},"author":1,"featured_media":0,"parent":0,"menu_order":0,"comment_status":"closed","ping_status":"closed","template":"","meta":{"footnotes":""},"class_list":["post-98","page","type-page","status-publish","hentry"],"yoast_head":"<!-- This site is optimized with the Yoast SEO plugin v20.0 - https:\/\/yoast.com\/wordpress\/plugins\/seo\/ -->\n<title>Geschichte - Thailand Reiseguide<\/title>\n<meta name=\"robots\" content=\"noindex, follow, max-snippet:-1, max-image-preview:large, max-video-preview:-1\" \/>\n<meta property=\"og:locale\" content=\"en_GB\" \/>\n<meta property=\"og:type\" content=\"article\" \/>\n<meta property=\"og:title\" content=\"Geschichte - Thailand Reiseguide\" \/>\n<meta property=\"og:description\" content=\"Thailand, fr\u00fcher bekannt als Siam, ist ein Land mit einer reichen Geschichte und einer langen Linie von Herrschern. Die ersten\" \/>\n<meta property=\"og:url\" content=\"https:\/\/www.thailand-reiseguide.de\/en\/geschichte-thailand\/\" \/>\n<meta property=\"og:site_name\" content=\"Thailand Reiseguide\" \/>\n<meta property=\"article:modified_time\" content=\"2023-01-30T20:04:26+00:00\" \/>\n<meta name=\"twitter:card\" content=\"summary_large_image\" \/>\n<meta name=\"twitter:label1\" content=\"Estimated reading time\" \/>\n\t<meta name=\"twitter:data1\" content=\"2 minutes\" \/>\n<script type=\"application\/ld+json\" class=\"yoast-schema-graph\">{\"@context\":\"https:\/\/schema.org\",\"@graph\":[{\"@type\":\"WebPage\",\"@id\":\"https:\/\/www.thailand-reiseguide.de\/geschichte-thailand\/\",\"url\":\"https:\/\/www.thailand-reiseguide.de\/geschichte-thailand\/\",\"name\":\"Geschichte - Thailand Reiseguide\",\"isPartOf\":{\"@id\":\"https:\/\/www.thailand-reiseguide.de\/#website\"},\"datePublished\":\"2017-12-23T20:01:49+00:00\",\"dateModified\":\"2023-01-30T20:04:26+00:00\",\"breadcrumb\":{\"@id\":\"https:\/\/www.thailand-reiseguide.de\/geschichte-thailand\/#breadcrumb\"},\"inLanguage\":\"en-GB\",\"potentialAction\":[{\"@type\":\"ReadAction\",\"target\":[\"https:\/\/www.thailand-reiseguide.de\/geschichte-thailand\/\"]}]},{\"@type\":\"BreadcrumbList\",\"@id\":\"https:\/\/www.thailand-reiseguide.de\/geschichte-thailand\/#breadcrumb\",\"itemListElement\":[{\"@type\":\"ListItem\",\"position\":1,\"name\":\"Home\",\"item\":\"https:\/\/www.thailand-reiseguide.de\/\"},{\"@type\":\"ListItem\",\"position\":2,\"name\":\"Geschichte\"}]},{\"@type\":\"WebSite\",\"@id\":\"https:\/\/www.thailand-reiseguide.de\/#website\",\"url\":\"https:\/\/www.thailand-reiseguide.de\/\",\"name\":\"Thailand Reiseguide\",\"description\":\"Dein Reisef\u00fchrer f\u00fcr Thailand\",\"publisher\":{\"@id\":\"https:\/\/www.thailand-reiseguide.de\/#organization\"},\"potentialAction\":[{\"@type\":\"SearchAction\",\"target\":{\"@type\":\"EntryPoint\",\"urlTemplate\":\"https:\/\/www.thailand-reiseguide.de\/?s={search_term_string}\"},\"query-input\":\"required name=search_term_string\"}],\"inLanguage\":\"en-GB\"},{\"@type\":\"Organization\",\"@id\":\"https:\/\/www.thailand-reiseguide.de\/#organization\",\"name\":\"Thailand Reiseguide\",\"url\":\"https:\/\/www.thailand-reiseguide.de\/\",\"logo\":{\"@type\":\"ImageObject\",\"inLanguage\":\"en-GB\",\"@id\":\"https:\/\/www.thailand-reiseguide.de\/#\/schema\/logo\/image\/\",\"url\":\"https:\/\/www.thailand-reiseguide.de\/wp-content\/uploads\/2018\/01\/cropped-Thailand-Reiseguide-Dein-Thailand-Reisef\u00fchrer_.jpg\",\"contentUrl\":\"https:\/\/www.thailand-reiseguide.de\/wp-content\/uploads\/2018\/01\/cropped-Thailand-Reiseguide-Dein-Thailand-Reisef\u00fchrer_.jpg\",\"width\":652,\"height\":102,\"caption\":\"Thailand Reiseguide\"},\"image\":{\"@id\":\"https:\/\/www.thailand-reiseguide.de\/#\/schema\/logo\/image\/\"}}]}<\/script>\n<!-- \/ Yoast SEO plugin. -->","yoast_head_json":{"title":"Geschichte - Thailand Reiseguide","robots":{"index":"noindex","follow":"follow","max-snippet":"max-snippet:-1","max-image-preview":"max-image-preview:large","max-video-preview":"max-video-preview:-1"},"og_locale":"en_GB","og_type":"article","og_title":"Geschichte - Thailand Reiseguide","og_description":"Thailand, fr\u00fcher bekannt als Siam, ist ein Land mit einer reichen Geschichte und einer langen Linie von Herrschern. Die ersten","og_url":"https:\/\/www.thailand-reiseguide.de\/en\/geschichte-thailand\/","og_site_name":"Thailand Reiseguide","article_modified_time":"2023-01-30T20:04:26+00:00","twitter_card":"summary_large_image","twitter_misc":{"Estimated reading time":"2 minutes"},"schema":{"@context":"https:\/\/schema.org","@graph":[{"@type":"WebPage","@id":"https:\/\/www.thailand-reiseguide.de\/geschichte-thailand\/","url":"https:\/\/www.thailand-reiseguide.de\/geschichte-thailand\/","name":"Geschichte - Thailand Reiseguide","isPartOf":{"@id":"https:\/\/www.thailand-reiseguide.de\/#website"},"datePublished":"2017-12-23T20:01:49+00:00","dateModified":"2023-01-30T20:04:26+00:00","breadcrumb":{"@id":"https:\/\/www.thailand-reiseguide.de\/geschichte-thailand\/#breadcrumb"},"inLanguage":"en-GB","potentialAction":[{"@type":"ReadAction","target":["https:\/\/www.thailand-reiseguide.de\/geschichte-thailand\/"]}]},{"@type":"BreadcrumbList","@id":"https:\/\/www.thailand-reiseguide.de\/geschichte-thailand\/#breadcrumb","itemListElement":[{"@type":"ListItem","position":1,"name":"Home","item":"https:\/\/www.thailand-reiseguide.de\/"},{"@type":"ListItem","position":2,"name":"Geschichte"}]},{"@type":"WebSite","@id":"https:\/\/www.thailand-reiseguide.de\/#website","url":"https:\/\/www.thailand-reiseguide.de\/","name":"Thailand Reiseguide","description":"Dein Reisef\u00fchrer f\u00fcr Thailand","publisher":{"@id":"https:\/\/www.thailand-reiseguide.de\/#organization"},"potentialAction":[{"@type":"SearchAction","target":{"@type":"EntryPoint","urlTemplate":"https:\/\/www.thailand-reiseguide.de\/?s={search_term_string}"},"query-input":"required name=search_term_string"}],"inLanguage":"en-GB"},{"@type":"Organization","@id":"https:\/\/www.thailand-reiseguide.de\/#organization","name":"Thailand Reiseguide","url":"https:\/\/www.thailand-reiseguide.de\/","logo":{"@type":"ImageObject","inLanguage":"en-GB","@id":"https:\/\/www.thailand-reiseguide.de\/#\/schema\/logo\/image\/","url":"https:\/\/www.thailand-reiseguide.de\/wp-content\/uploads\/2018\/01\/cropped-Thailand-Reiseguide-Dein-Thailand-Reisef\u00fchrer_.jpg","contentUrl":"https:\/\/www.thailand-reiseguide.de\/wp-content\/uploads\/2018\/01\/cropped-Thailand-Reiseguide-Dein-Thailand-Reisef\u00fchrer_.jpg","width":652,"height":102,"caption":"Thailand Reiseguide"},"image":{"@id":"https:\/\/www.thailand-reiseguide.de\/#\/schema\/logo\/image\/"}}]}},"_links":{"self":[{"href":"https:\/\/www.thailand-reiseguide.de\/en\/wp-json\/wp\/v2\/pages\/98","targetHints":{"allow":["GET"]}}],"collection":[{"href":"https:\/\/www.thailand-reiseguide.de\/en\/wp-json\/wp\/v2\/pages"}],"about":[{"href":"https:\/\/www.thailand-reiseguide.de\/en\/wp-json\/wp\/v2\/types\/page"}],"author":[{"embeddable":true,"href":"https:\/\/www.thailand-reiseguide.de\/en\/wp-json\/wp\/v2\/users\/1"}],"replies":[{"embeddable":true,"href":"https:\/\/www.thailand-reiseguide.de\/en\/wp-json\/wp\/v2\/comments?post=98"}],"version-history":[{"count":2,"href":"https:\/\/www.thailand-reiseguide.de\/en\/wp-json\/wp\/v2\/pages\/98\/revisions"}],"predecessor-version":[{"id":421,"href":"https:\/\/www.thailand-reiseguide.de\/en\/wp-json\/wp\/v2\/pages\/98\/revisions\/421"}],"wp:attachment":[{"href":"https:\/\/www.thailand-reiseguide.de\/en\/wp-json\/wp\/v2\/media?parent=98"}],"curies":[{"name":"wp","href":"https:\/\/api.w.org\/{rel}","templated":true}]}}