{"id":94,"date":"2017-12-23T21:00:50","date_gmt":"2017-12-23T20:00:50","guid":{"rendered":"http:\/\/www.thailand-reiseguide.de\/?page_id=94"},"modified":"2023-01-30T20:47:41","modified_gmt":"2023-01-30T19:47:41","slug":"koenig-von-thailand","status":"publish","type":"page","link":"https:\/\/www.thailand-reiseguide.de\/en\/koenig-von-thailand\/","title":{"rendered":"Der K\u00f6nig"},"content":{"rendered":"<p>Der K\u00f6nig von Thailand, Maha Vajiralongkorn Phra Vajiraklaochaoyuhua, besser bekannt als K\u00f6nig Rama X, ist eine der bekanntesten und umstrittensten Pers\u00f6nlichkeiten in Thailand. Geboren am 28. Juli 1952, ist er der zehnte Monarch des Chakri-K\u00f6nigshauses und hat im Jahr 2016 die Nachfolge seines Vaters, K\u00f6nig Bhumibol Adulyadej, angetreten.<\/p>\n\n\n\n<p>K\u00f6nig Rama X gilt als ein Mann mit einer bewegten Vergangenheit, der eine Reihe von milit\u00e4rischen und gesch\u00e4ftlichen Karrieren verfolgt hat, bevor er zum K\u00f6nig gekr\u00f6nt wurde. Er studierte in England und Australien und diente sp\u00e4ter in der Royal Thai Air Force. In seiner Freizeit war er ein begeisterter Pilot und unternahm oft Flugreisen um die Welt.<\/p>\n\n\n\n<p>Seit seiner Kr\u00f6nung als K\u00f6nig hat er ein besonderes Augenmerk auf die Modernisierung und F\u00f6rderung der thail\u00e4ndischen Wirtschaft gelegt. Er hat auch Ma\u00dfnahmen ergriffen, um die nationale Sicherheit und das Milit\u00e4r zu st\u00e4rken. Unter seiner F\u00fchrung hat das K\u00f6nigreich auch einige diplomatische Errungenschaften erzielt, wie beispielsweise die Verbesserung der Beziehungen zu seinen asiatischen Nachbarn und der Einbindung in die Regionale Kooperationsorganisation f\u00fcr Asien-Pazifik (APEC).<\/p>\n\n\n\n<p>Jedoch ist seine Herrschaft auch von Kontroversen und Skandalen gepr\u00e4gt. Sein Privatleben und seine politischen \u00dcberzeugungen haben oft kontroverse Diskussionen ausgel\u00f6st und ihn zu einem polarisierenden Figuren in Thailand gemacht. In einigen Kreisen wird er als unzug\u00e4nglich und arrogant beschrieben, w\u00e4hrend andere ihn als konsequenten und starken Anf\u00fchrer sch\u00e4tzen.<\/p>\n\n\n\n<p>Trotz aller Kontroversen bleibt K\u00f6nig Rama X eine bemerkenswerte Pers\u00f6nlichkeit in der thail\u00e4ndischen Geschichte und eine wichtige Figur in der heutigen Weltpolitik. Als einer der reichsten Monarchen der Welt und als kulturelles Symbol f\u00fcr das thail\u00e4ndische Volk, beeinflusst er die politische Landschaft des Landes und hat einen starken Einfluss auf die thail\u00e4ndische Gesellschaft und Kultur.<\/p>\n\n\n\n<p>In der Zukunft wird es interessant sein zu sehen, wie sich die Regierungszeit von K\u00f6nig Rama X entwickelt und wie er weiterhin die Geschicke Thailands formen wird.<\/p>","protected":false},"excerpt":{"rendered":"<p>Der K\u00f6nig von Thailand, Maha Vajiralongkorn Phra Vajiraklaochaoyuhua, besser bekannt als K\u00f6nig Rama X, ist eine der bekanntesten und umstrittensten<\/p>","protected":false},"author":1,"featured_media":0,"parent":0,"menu_order":0,"comment_status":"closed","ping_status":"closed","template":"","meta":{"footnotes":""},"class_list":["post-94","page","type-page","status-publish","hentry"],"yoast_head":"<!-- This site is optimized with the Yoast SEO plugin v20.0 - https:\/\/yoast.com\/wordpress\/plugins\/seo\/ -->\n<title>Der K\u00f6nig - Thailand Reiseguide<\/title>\n<meta name=\"robots\" content=\"noindex, follow, max-snippet:-1, max-image-preview:large, max-video-preview:-1\" \/>\n<meta property=\"og:locale\" content=\"en_GB\" \/>\n<meta property=\"og:type\" content=\"article\" \/>\n<meta property=\"og:title\" content=\"Der K\u00f6nig - Thailand Reiseguide\" \/>\n<meta property=\"og:description\" content=\"Der K\u00f6nig von Thailand, Maha Vajiralongkorn Phra Vajiraklaochaoyuhua, besser bekannt als K\u00f6nig Rama X, ist eine der bekanntesten und umstrittensten\" \/>\n<meta property=\"og:url\" content=\"https:\/\/www.thailand-reiseguide.de\/en\/koenig-von-thailand\/\" \/>\n<meta property=\"og:site_name\" content=\"Thailand Reiseguide\" \/>\n<meta property=\"article:modified_time\" content=\"2023-01-30T19:47:41+00:00\" \/>\n<meta name=\"twitter:card\" content=\"summary_large_image\" \/>\n<meta name=\"twitter:label1\" content=\"Estimated reading time\" \/>\n\t<meta name=\"twitter:data1\" content=\"2 minutes\" \/>\n<script type=\"application\/ld+json\" class=\"yoast-schema-graph\">{\"@context\":\"https:\/\/schema.org\",\"@graph\":[{\"@type\":\"WebPage\",\"@id\":\"https:\/\/www.thailand-reiseguide.de\/koenig-von-thailand\/\",\"url\":\"https:\/\/www.thailand-reiseguide.de\/koenig-von-thailand\/\",\"name\":\"Der K\u00f6nig - Thailand Reiseguide\",\"isPartOf\":{\"@id\":\"https:\/\/www.thailand-reiseguide.de\/#website\"},\"datePublished\":\"2017-12-23T20:00:50+00:00\",\"dateModified\":\"2023-01-30T19:47:41+00:00\",\"breadcrumb\":{\"@id\":\"https:\/\/www.thailand-reiseguide.de\/koenig-von-thailand\/#breadcrumb\"},\"inLanguage\":\"en-GB\",\"potentialAction\":[{\"@type\":\"ReadAction\",\"target\":[\"https:\/\/www.thailand-reiseguide.de\/koenig-von-thailand\/\"]}]},{\"@type\":\"BreadcrumbList\",\"@id\":\"https:\/\/www.thailand-reiseguide.de\/koenig-von-thailand\/#breadcrumb\",\"itemListElement\":[{\"@type\":\"ListItem\",\"position\":1,\"name\":\"Home\",\"item\":\"https:\/\/www.thailand-reiseguide.de\/\"},{\"@type\":\"ListItem\",\"position\":2,\"name\":\"Der K\u00f6nig\"}]},{\"@type\":\"WebSite\",\"@id\":\"https:\/\/www.thailand-reiseguide.de\/#website\",\"url\":\"https:\/\/www.thailand-reiseguide.de\/\",\"name\":\"Thailand Reiseguide\",\"description\":\"Dein Reisef\u00fchrer f\u00fcr Thailand\",\"publisher\":{\"@id\":\"https:\/\/www.thailand-reiseguide.de\/#organization\"},\"potentialAction\":[{\"@type\":\"SearchAction\",\"target\":{\"@type\":\"EntryPoint\",\"urlTemplate\":\"https:\/\/www.thailand-reiseguide.de\/?s={search_term_string}\"},\"query-input\":\"required name=search_term_string\"}],\"inLanguage\":\"en-GB\"},{\"@type\":\"Organization\",\"@id\":\"https:\/\/www.thailand-reiseguide.de\/#organization\",\"name\":\"Thailand Reiseguide\",\"url\":\"https:\/\/www.thailand-reiseguide.de\/\",\"logo\":{\"@type\":\"ImageObject\",\"inLanguage\":\"en-GB\",\"@id\":\"https:\/\/www.thailand-reiseguide.de\/#\/schema\/logo\/image\/\",\"url\":\"https:\/\/www.thailand-reiseguide.de\/wp-content\/uploads\/2018\/01\/cropped-Thailand-Reiseguide-Dein-Thailand-Reisef\u00fchrer_.jpg\",\"contentUrl\":\"https:\/\/www.thailand-reiseguide.de\/wp-content\/uploads\/2018\/01\/cropped-Thailand-Reiseguide-Dein-Thailand-Reisef\u00fchrer_.jpg\",\"width\":652,\"height\":102,\"caption\":\"Thailand Reiseguide\"},\"image\":{\"@id\":\"https:\/\/www.thailand-reiseguide.de\/#\/schema\/logo\/image\/\"}}]}<\/script>\n<!-- \/ Yoast SEO plugin. -->","yoast_head_json":{"title":"Der K\u00f6nig - Thailand Reiseguide","robots":{"index":"noindex","follow":"follow","max-snippet":"max-snippet:-1","max-image-preview":"max-image-preview:large","max-video-preview":"max-video-preview:-1"},"og_locale":"en_GB","og_type":"article","og_title":"Der K\u00f6nig - Thailand Reiseguide","og_description":"Der K\u00f6nig von Thailand, Maha Vajiralongkorn Phra Vajiraklaochaoyuhua, besser bekannt als K\u00f6nig Rama X, ist eine der bekanntesten und umstrittensten","og_url":"https:\/\/www.thailand-reiseguide.de\/en\/koenig-von-thailand\/","og_site_name":"Thailand Reiseguide","article_modified_time":"2023-01-30T19:47:41+00:00","twitter_card":"summary_large_image","twitter_misc":{"Estimated reading time":"2 minutes"},"schema":{"@context":"https:\/\/schema.org","@graph":[{"@type":"WebPage","@id":"https:\/\/www.thailand-reiseguide.de\/koenig-von-thailand\/","url":"https:\/\/www.thailand-reiseguide.de\/koenig-von-thailand\/","name":"Der K\u00f6nig - Thailand Reiseguide","isPartOf":{"@id":"https:\/\/www.thailand-reiseguide.de\/#website"},"datePublished":"2017-12-23T20:00:50+00:00","dateModified":"2023-01-30T19:47:41+00:00","breadcrumb":{"@id":"https:\/\/www.thailand-reiseguide.de\/koenig-von-thailand\/#breadcrumb"},"inLanguage":"en-GB","potentialAction":[{"@type":"ReadAction","target":["https:\/\/www.thailand-reiseguide.de\/koenig-von-thailand\/"]}]},{"@type":"BreadcrumbList","@id":"https:\/\/www.thailand-reiseguide.de\/koenig-von-thailand\/#breadcrumb","itemListElement":[{"@type":"ListItem","position":1,"name":"Home","item":"https:\/\/www.thailand-reiseguide.de\/"},{"@type":"ListItem","position":2,"name":"Der K\u00f6nig"}]},{"@type":"WebSite","@id":"https:\/\/www.thailand-reiseguide.de\/#website","url":"https:\/\/www.thailand-reiseguide.de\/","name":"Thailand Reiseguide","description":"Dein Reisef\u00fchrer f\u00fcr Thailand","publisher":{"@id":"https:\/\/www.thailand-reiseguide.de\/#organization"},"potentialAction":[{"@type":"SearchAction","target":{"@type":"EntryPoint","urlTemplate":"https:\/\/www.thailand-reiseguide.de\/?s={search_term_string}"},"query-input":"required name=search_term_string"}],"inLanguage":"en-GB"},{"@type":"Organization","@id":"https:\/\/www.thailand-reiseguide.de\/#organization","name":"Thailand Reiseguide","url":"https:\/\/www.thailand-reiseguide.de\/","logo":{"@type":"ImageObject","inLanguage":"en-GB","@id":"https:\/\/www.thailand-reiseguide.de\/#\/schema\/logo\/image\/","url":"https:\/\/www.thailand-reiseguide.de\/wp-content\/uploads\/2018\/01\/cropped-Thailand-Reiseguide-Dein-Thailand-Reisef\u00fchrer_.jpg","contentUrl":"https:\/\/www.thailand-reiseguide.de\/wp-content\/uploads\/2018\/01\/cropped-Thailand-Reiseguide-Dein-Thailand-Reisef\u00fchrer_.jpg","width":652,"height":102,"caption":"Thailand Reiseguide"},"image":{"@id":"https:\/\/www.thailand-reiseguide.de\/#\/schema\/logo\/image\/"}}]}},"_links":{"self":[{"href":"https:\/\/www.thailand-reiseguide.de\/en\/wp-json\/wp\/v2\/pages\/94","targetHints":{"allow":["GET"]}}],"collection":[{"href":"https:\/\/www.thailand-reiseguide.de\/en\/wp-json\/wp\/v2\/pages"}],"about":[{"href":"https:\/\/www.thailand-reiseguide.de\/en\/wp-json\/wp\/v2\/types\/page"}],"author":[{"embeddable":true,"href":"https:\/\/www.thailand-reiseguide.de\/en\/wp-json\/wp\/v2\/users\/1"}],"replies":[{"embeddable":true,"href":"https:\/\/www.thailand-reiseguide.de\/en\/wp-json\/wp\/v2\/comments?post=94"}],"version-history":[{"count":2,"href":"https:\/\/www.thailand-reiseguide.de\/en\/wp-json\/wp\/v2\/pages\/94\/revisions"}],"predecessor-version":[{"id":413,"href":"https:\/\/www.thailand-reiseguide.de\/en\/wp-json\/wp\/v2\/pages\/94\/revisions\/413"}],"wp:attachment":[{"href":"https:\/\/www.thailand-reiseguide.de\/en\/wp-json\/wp\/v2\/media?parent=94"}],"curies":[{"name":"wp","href":"https:\/\/api.w.org\/{rel}","templated":true}]}}