{"id":90,"date":"2017-12-23T21:00:07","date_gmt":"2017-12-23T20:00:07","guid":{"rendered":"http:\/\/www.thailand-reiseguide.de\/?page_id=90"},"modified":"2023-01-30T22:33:39","modified_gmt":"2023-01-30T21:33:39","slug":"wissenswertes","status":"publish","type":"page","link":"https:\/\/www.thailand-reiseguide.de\/en\/wissenswertes\/","title":{"rendered":"Wissenswertes"},"content":{"rendered":"<p>Thailand, auch bekannt als das &#8222;Land des L\u00e4chelns&#8220;, ist ein beliebtes Reiseziel f\u00fcr Touristen aus aller Welt. Die Hauptstadt Bangkok ist bekannt f\u00fcr ihre \u00fcberf\u00fcllten Stra\u00dfen, bunten M\u00e4rkte und leckeren Gerichte. Die Landschaft Thailands ist abwechslungsreich, von Str\u00e4nden und Inseln im S\u00fcden bis hin zu Bergen und W\u00e4ldern im Norden.<\/p>\n\n\n\n<p>Thailand ist auch bekannt f\u00fcr seine reiche Kultur und Geschichte. Der Buddhismus ist die vorherrschende Religion und hat einen gro\u00dfen Einfluss auf das t\u00e4gliche Leben der Menschen. Einige der bekanntesten Tempel sind Wat Phra Kaew und Wat Arun in Bangkok. Die thail\u00e4ndische K\u00fcche ist ebenfalls ein Highlight, mit Gerichten wie Pad Thai und Tom Yum Soup.<\/p>\n\n\n\n<p>Ein weiteres Merkmal von Thailand ist seine K\u00f6nigsfamilie. K\u00f6nig Bhumibol Adulyadej war der K\u00f6nig Thailands f\u00fcr 70 Jahre und ist sehr verehrt und geliebt von seinen Untertanen. Die Thail\u00e4nder zeigen ihre Verehrung f\u00fcr den K\u00f6nig und die K\u00f6nigsfamilie durch ihr Verhalten und ihre Kleidung, bei offiziellen Anl\u00e4ssen tragen sie oft schwarz und gelb, die Farben des K\u00f6nigshauses.<\/p>\n\n\n\n<p>Insgesamt bietet Thailand eine faszinierende Kombination aus moderner Stadt- und Landschaftserlebnissen, religi\u00f6ser Kultur und Geschichte, k\u00f6stlicher K\u00fcche und freundlichen Menschen. Eine Reise nach Thailand ist definitiv ein unvergessliches Erlebnis.<\/p>\n\n\n\n<p>Ein bekanntes Thai-Sprichwort lautet:  <\/p>\n\n\n\n<blockquote class=\"wp-block-quote is-layout-flow wp-block-quote-is-layout-flow\">\n<p>&#8222;\u0e04\u0e19\u0e17\u0e35\u0e48\u0e23\u0e39\u0e49\u0e08\u0e31\u0e01\u0e04\u0e27\u0e32\u0e21\u0e2a\u0e38\u0e02 \u0e08\u0e30\u0e40\u0e02\u0e49\u0e32\u0e43\u0e08\u0e04\u0e27\u0e32\u0e21\u0e17\u0e38\u0e01\u0e02\u0e4c&#8220; (kon tee ruu jak kwaam suuk, cha khao jai kwaam tok). <br><\/p>\n<cite>Die \u00dcbersetzung lautet: &#8222;Wer Freude kennt, versteht auch den Schmerz.&#8220;<\/cite><\/blockquote>\n\n\n\n<p>Dieses Sprichwort dr\u00fcckt aus, dass man erst zu sch\u00e4tzen wei\u00df, was man hat, wenn man auch den Verlust kennt. Es betont die Bedeutung von Dankbarkeit und Demut in unserem Leben.<\/p>","protected":false},"excerpt":{"rendered":"<p>Thailand, auch bekannt als das &#8222;Land des L\u00e4chelns&#8220;, ist ein beliebtes Reiseziel f\u00fcr Touristen aus aller Welt. Die Hauptstadt Bangkok<\/p>","protected":false},"author":1,"featured_media":0,"parent":0,"menu_order":0,"comment_status":"closed","ping_status":"closed","template":"","meta":{"footnotes":""},"class_list":["post-90","page","type-page","status-publish","hentry"],"yoast_head":"<!-- This site is optimized with the Yoast SEO plugin v20.0 - https:\/\/yoast.com\/wordpress\/plugins\/seo\/ -->\n<title>Wissenswertes - Thailand Reiseguide<\/title>\n<meta name=\"robots\" content=\"noindex, follow, max-snippet:-1, max-image-preview:large, max-video-preview:-1\" \/>\n<meta property=\"og:locale\" content=\"en_GB\" \/>\n<meta property=\"og:type\" content=\"article\" \/>\n<meta property=\"og:title\" content=\"Wissenswertes - Thailand Reiseguide\" \/>\n<meta property=\"og:description\" content=\"Thailand, auch bekannt als das &#8222;Land des L\u00e4chelns&#8220;, ist ein beliebtes Reiseziel f\u00fcr Touristen aus aller Welt. Die Hauptstadt Bangkok\" \/>\n<meta property=\"og:url\" content=\"https:\/\/www.thailand-reiseguide.de\/en\/wissenswertes\/\" \/>\n<meta property=\"og:site_name\" content=\"Thailand Reiseguide\" \/>\n<meta property=\"article:modified_time\" content=\"2023-01-30T21:33:39+00:00\" \/>\n<meta name=\"twitter:card\" content=\"summary_large_image\" \/>\n<meta name=\"twitter:label1\" content=\"Estimated reading time\" \/>\n\t<meta name=\"twitter:data1\" content=\"2 minutes\" \/>\n<script type=\"application\/ld+json\" class=\"yoast-schema-graph\">{\"@context\":\"https:\/\/schema.org\",\"@graph\":[{\"@type\":\"WebPage\",\"@id\":\"https:\/\/www.thailand-reiseguide.de\/wissenswertes\/\",\"url\":\"https:\/\/www.thailand-reiseguide.de\/wissenswertes\/\",\"name\":\"Wissenswertes - Thailand Reiseguide\",\"isPartOf\":{\"@id\":\"https:\/\/www.thailand-reiseguide.de\/#website\"},\"datePublished\":\"2017-12-23T20:00:07+00:00\",\"dateModified\":\"2023-01-30T21:33:39+00:00\",\"breadcrumb\":{\"@id\":\"https:\/\/www.thailand-reiseguide.de\/wissenswertes\/#breadcrumb\"},\"inLanguage\":\"en-GB\",\"potentialAction\":[{\"@type\":\"ReadAction\",\"target\":[\"https:\/\/www.thailand-reiseguide.de\/wissenswertes\/\"]}]},{\"@type\":\"BreadcrumbList\",\"@id\":\"https:\/\/www.thailand-reiseguide.de\/wissenswertes\/#breadcrumb\",\"itemListElement\":[{\"@type\":\"ListItem\",\"position\":1,\"name\":\"Home\",\"item\":\"https:\/\/www.thailand-reiseguide.de\/\"},{\"@type\":\"ListItem\",\"position\":2,\"name\":\"Wissenswertes\"}]},{\"@type\":\"WebSite\",\"@id\":\"https:\/\/www.thailand-reiseguide.de\/#website\",\"url\":\"https:\/\/www.thailand-reiseguide.de\/\",\"name\":\"Thailand Reiseguide\",\"description\":\"Dein Reisef\u00fchrer f\u00fcr Thailand\",\"publisher\":{\"@id\":\"https:\/\/www.thailand-reiseguide.de\/#organization\"},\"potentialAction\":[{\"@type\":\"SearchAction\",\"target\":{\"@type\":\"EntryPoint\",\"urlTemplate\":\"https:\/\/www.thailand-reiseguide.de\/?s={search_term_string}\"},\"query-input\":\"required name=search_term_string\"}],\"inLanguage\":\"en-GB\"},{\"@type\":\"Organization\",\"@id\":\"https:\/\/www.thailand-reiseguide.de\/#organization\",\"name\":\"Thailand Reiseguide\",\"url\":\"https:\/\/www.thailand-reiseguide.de\/\",\"logo\":{\"@type\":\"ImageObject\",\"inLanguage\":\"en-GB\",\"@id\":\"https:\/\/www.thailand-reiseguide.de\/#\/schema\/logo\/image\/\",\"url\":\"https:\/\/www.thailand-reiseguide.de\/wp-content\/uploads\/2018\/01\/cropped-Thailand-Reiseguide-Dein-Thailand-Reisef\u00fchrer_.jpg\",\"contentUrl\":\"https:\/\/www.thailand-reiseguide.de\/wp-content\/uploads\/2018\/01\/cropped-Thailand-Reiseguide-Dein-Thailand-Reisef\u00fchrer_.jpg\",\"width\":652,\"height\":102,\"caption\":\"Thailand Reiseguide\"},\"image\":{\"@id\":\"https:\/\/www.thailand-reiseguide.de\/#\/schema\/logo\/image\/\"}}]}<\/script>\n<!-- \/ Yoast SEO plugin. -->","yoast_head_json":{"title":"Wissenswertes - Thailand Reiseguide","robots":{"index":"noindex","follow":"follow","max-snippet":"max-snippet:-1","max-image-preview":"max-image-preview:large","max-video-preview":"max-video-preview:-1"},"og_locale":"en_GB","og_type":"article","og_title":"Wissenswertes - Thailand Reiseguide","og_description":"Thailand, auch bekannt als das &#8222;Land des L\u00e4chelns&#8220;, ist ein beliebtes Reiseziel f\u00fcr Touristen aus aller Welt. Die Hauptstadt Bangkok","og_url":"https:\/\/www.thailand-reiseguide.de\/en\/wissenswertes\/","og_site_name":"Thailand Reiseguide","article_modified_time":"2023-01-30T21:33:39+00:00","twitter_card":"summary_large_image","twitter_misc":{"Estimated reading time":"2 minutes"},"schema":{"@context":"https:\/\/schema.org","@graph":[{"@type":"WebPage","@id":"https:\/\/www.thailand-reiseguide.de\/wissenswertes\/","url":"https:\/\/www.thailand-reiseguide.de\/wissenswertes\/","name":"Wissenswertes - Thailand Reiseguide","isPartOf":{"@id":"https:\/\/www.thailand-reiseguide.de\/#website"},"datePublished":"2017-12-23T20:00:07+00:00","dateModified":"2023-01-30T21:33:39+00:00","breadcrumb":{"@id":"https:\/\/www.thailand-reiseguide.de\/wissenswertes\/#breadcrumb"},"inLanguage":"en-GB","potentialAction":[{"@type":"ReadAction","target":["https:\/\/www.thailand-reiseguide.de\/wissenswertes\/"]}]},{"@type":"BreadcrumbList","@id":"https:\/\/www.thailand-reiseguide.de\/wissenswertes\/#breadcrumb","itemListElement":[{"@type":"ListItem","position":1,"name":"Home","item":"https:\/\/www.thailand-reiseguide.de\/"},{"@type":"ListItem","position":2,"name":"Wissenswertes"}]},{"@type":"WebSite","@id":"https:\/\/www.thailand-reiseguide.de\/#website","url":"https:\/\/www.thailand-reiseguide.de\/","name":"Thailand Reiseguide","description":"Dein Reisef\u00fchrer f\u00fcr Thailand","publisher":{"@id":"https:\/\/www.thailand-reiseguide.de\/#organization"},"potentialAction":[{"@type":"SearchAction","target":{"@type":"EntryPoint","urlTemplate":"https:\/\/www.thailand-reiseguide.de\/?s={search_term_string}"},"query-input":"required name=search_term_string"}],"inLanguage":"en-GB"},{"@type":"Organization","@id":"https:\/\/www.thailand-reiseguide.de\/#organization","name":"Thailand Reiseguide","url":"https:\/\/www.thailand-reiseguide.de\/","logo":{"@type":"ImageObject","inLanguage":"en-GB","@id":"https:\/\/www.thailand-reiseguide.de\/#\/schema\/logo\/image\/","url":"https:\/\/www.thailand-reiseguide.de\/wp-content\/uploads\/2018\/01\/cropped-Thailand-Reiseguide-Dein-Thailand-Reisef\u00fchrer_.jpg","contentUrl":"https:\/\/www.thailand-reiseguide.de\/wp-content\/uploads\/2018\/01\/cropped-Thailand-Reiseguide-Dein-Thailand-Reisef\u00fchrer_.jpg","width":652,"height":102,"caption":"Thailand Reiseguide"},"image":{"@id":"https:\/\/www.thailand-reiseguide.de\/#\/schema\/logo\/image\/"}}]}},"_links":{"self":[{"href":"https:\/\/www.thailand-reiseguide.de\/en\/wp-json\/wp\/v2\/pages\/90","targetHints":{"allow":["GET"]}}],"collection":[{"href":"https:\/\/www.thailand-reiseguide.de\/en\/wp-json\/wp\/v2\/pages"}],"about":[{"href":"https:\/\/www.thailand-reiseguide.de\/en\/wp-json\/wp\/v2\/types\/page"}],"author":[{"embeddable":true,"href":"https:\/\/www.thailand-reiseguide.de\/en\/wp-json\/wp\/v2\/users\/1"}],"replies":[{"embeddable":true,"href":"https:\/\/www.thailand-reiseguide.de\/en\/wp-json\/wp\/v2\/comments?post=90"}],"version-history":[{"count":7,"href":"https:\/\/www.thailand-reiseguide.de\/en\/wp-json\/wp\/v2\/pages\/90\/revisions"}],"predecessor-version":[{"id":446,"href":"https:\/\/www.thailand-reiseguide.de\/en\/wp-json\/wp\/v2\/pages\/90\/revisions\/446"}],"wp:attachment":[{"href":"https:\/\/www.thailand-reiseguide.de\/en\/wp-json\/wp\/v2\/media?parent=90"}],"curies":[{"name":"wp","href":"https:\/\/api.w.org\/{rel}","templated":true}]}}