{"id":82,"date":"2017-12-23T20:58:51","date_gmt":"2017-12-23T19:58:51","guid":{"rendered":"http:\/\/www.thailand-reiseguide.de\/?page_id=82"},"modified":"2023-01-30T20:48:21","modified_gmt":"2023-01-30T19:48:21","slug":"koh-samui","status":"publish","type":"page","link":"https:\/\/www.thailand-reiseguide.de\/en\/suedthailand\/koh-samui\/","title":{"rendered":"Koh Samui"},"content":{"rendered":"<p>Koh Samui, eine tropische Insel im Golf von Thailand, ist bekannt f\u00fcr ihre unber\u00fchrten Str\u00e4nde, kristallklares Wasser und \u00fcppiger Vegetation. Die Insel ist ein beliebtes Reiseziel f\u00fcr Touristen aus der ganzen Welt und hat in den letzten Jahren einen starken Boom erlebt.<\/p>\n\n\n\n<p>Die Str\u00e4nde auf Koh Samui sind einige der besten in Thailand. Die meisten Touristen kommen nach Chaweng Beach, einer der l\u00e4ngsten und belebtesten Str\u00e4nde der Insel. Hier kann man einen erholsamen Tag am Strand verbringen oder auch an Wassersportaktivit\u00e4ten teilnehmen. Ein weiterer beliebter Strand ist Lamai Beach, der etwas ruhiger ist und einen sch\u00f6nen Blick auf die umliegenden Berge bietet.<\/p>\n\n\n\n<p>Koh Samui ist auch bekannt f\u00fcr seine atemberaubende Landschaft, die es zu einem beliebten Ziel f\u00fcr Naturliebhaber und Wanderer macht. Die Insel ist reich an Regenw\u00e4ldern, Wasserf\u00e4llen, H\u00f6hlen und Klippen, die es zu erkunden gilt. Ein besonderes Highlight ist der Na Muang-Wasserfall, ein herrlicher Anblick, wenn das kristallklare Wasser in den Pool unter ihm f\u00e4llt.<\/p>\n\n\n\n<p>In Koh Samui gibt es auch viele Tempel, die f\u00fcr ihre einzigartige Architektur und spirituelle Bedeutung bekannt sind. Einer der bekanntesten ist der Wat Plai Laem, ein buddhistischer Tempel mit einer riesigen Statue des Gottes Guan Yin. Hier kann man auch eine beeindruckende Aussicht auf die Insel und das Meer genie\u00dfen.<\/p>\n\n\n\n<p>Neben Str\u00e4nden und Natur hat Koh Samui auch eine lebhafte Nachtleben-Szene zu bieten. Hier gibt es viele Bars, Clubs und Restaurants, die f\u00fcr jeden Geschmack etwas bieten. Die meisten Touristen besuchen die Stadt Chaweng, die bekannt ist f\u00fcr ihre vielseitigen Unterhaltungsm\u00f6glichkeiten.<\/p>\n\n\n\n<p>Insgesamt ist Koh Samui ein unvergessliches Reiseziel, das es zu erkunden gilt. Ob man sich am Strand entspannen, die Natur erleben oder das Nachtleben genie\u00dfen m\u00f6chte, hier ist f\u00fcr jeden etwas dabei. Die Insel bietet ein unvergessliches Erlebnis, das man nicht verpassen sollte.<\/p>","protected":false},"excerpt":{"rendered":"<p>Koh Samui, eine tropische Insel im Golf von Thailand, ist bekannt f\u00fcr ihre unber\u00fchrten Str\u00e4nde, kristallklares Wasser und \u00fcppiger Vegetation.<\/p>","protected":false},"author":1,"featured_media":0,"parent":383,"menu_order":0,"comment_status":"closed","ping_status":"closed","template":"","meta":{"footnotes":""},"class_list":["post-82","page","type-page","status-publish","hentry"],"yoast_head":"<!-- This site is optimized with the Yoast SEO plugin v20.0 - https:\/\/yoast.com\/wordpress\/plugins\/seo\/ -->\n<title>Koh Samui - Thailand Reiseguide<\/title>\n<meta name=\"robots\" content=\"noindex, follow, max-snippet:-1, max-image-preview:large, max-video-preview:-1\" \/>\n<meta property=\"og:locale\" content=\"en_GB\" \/>\n<meta property=\"og:type\" content=\"article\" \/>\n<meta property=\"og:title\" content=\"Koh Samui - Thailand Reiseguide\" \/>\n<meta property=\"og:description\" content=\"Koh Samui, eine tropische Insel im Golf von Thailand, ist bekannt f\u00fcr ihre unber\u00fchrten Str\u00e4nde, kristallklares Wasser und \u00fcppiger Vegetation.\" \/>\n<meta property=\"og:url\" content=\"https:\/\/www.thailand-reiseguide.de\/en\/suedthailand\/koh-samui\/\" \/>\n<meta property=\"og:site_name\" content=\"Thailand Reiseguide\" \/>\n<meta property=\"article:modified_time\" content=\"2023-01-30T19:48:21+00:00\" \/>\n<meta name=\"twitter:card\" content=\"summary_large_image\" \/>\n<meta name=\"twitter:label1\" content=\"Estimated reading time\" \/>\n\t<meta name=\"twitter:data1\" content=\"2 minutes\" \/>\n<script type=\"application\/ld+json\" class=\"yoast-schema-graph\">{\"@context\":\"https:\/\/schema.org\",\"@graph\":[{\"@type\":\"WebPage\",\"@id\":\"https:\/\/www.thailand-reiseguide.de\/suedthailand\/koh-samui\/\",\"url\":\"https:\/\/www.thailand-reiseguide.de\/suedthailand\/koh-samui\/\",\"name\":\"Koh Samui - Thailand Reiseguide\",\"isPartOf\":{\"@id\":\"https:\/\/www.thailand-reiseguide.de\/#website\"},\"datePublished\":\"2017-12-23T19:58:51+00:00\",\"dateModified\":\"2023-01-30T19:48:21+00:00\",\"breadcrumb\":{\"@id\":\"https:\/\/www.thailand-reiseguide.de\/suedthailand\/koh-samui\/#breadcrumb\"},\"inLanguage\":\"en-GB\",\"potentialAction\":[{\"@type\":\"ReadAction\",\"target\":[\"https:\/\/www.thailand-reiseguide.de\/suedthailand\/koh-samui\/\"]}]},{\"@type\":\"BreadcrumbList\",\"@id\":\"https:\/\/www.thailand-reiseguide.de\/suedthailand\/koh-samui\/#breadcrumb\",\"itemListElement\":[{\"@type\":\"ListItem\",\"position\":1,\"name\":\"Home\",\"item\":\"https:\/\/www.thailand-reiseguide.de\/\"},{\"@type\":\"ListItem\",\"position\":2,\"name\":\"S\u00fcdthailand\",\"item\":\"https:\/\/www.thailand-reiseguide.de\/suedthailand\/\"},{\"@type\":\"ListItem\",\"position\":3,\"name\":\"Koh Samui\"}]},{\"@type\":\"WebSite\",\"@id\":\"https:\/\/www.thailand-reiseguide.de\/#website\",\"url\":\"https:\/\/www.thailand-reiseguide.de\/\",\"name\":\"Thailand Reiseguide\",\"description\":\"Dein Reisef\u00fchrer f\u00fcr Thailand\",\"publisher\":{\"@id\":\"https:\/\/www.thailand-reiseguide.de\/#organization\"},\"potentialAction\":[{\"@type\":\"SearchAction\",\"target\":{\"@type\":\"EntryPoint\",\"urlTemplate\":\"https:\/\/www.thailand-reiseguide.de\/?s={search_term_string}\"},\"query-input\":\"required name=search_term_string\"}],\"inLanguage\":\"en-GB\"},{\"@type\":\"Organization\",\"@id\":\"https:\/\/www.thailand-reiseguide.de\/#organization\",\"name\":\"Thailand Reiseguide\",\"url\":\"https:\/\/www.thailand-reiseguide.de\/\",\"logo\":{\"@type\":\"ImageObject\",\"inLanguage\":\"en-GB\",\"@id\":\"https:\/\/www.thailand-reiseguide.de\/#\/schema\/logo\/image\/\",\"url\":\"https:\/\/www.thailand-reiseguide.de\/wp-content\/uploads\/2018\/01\/cropped-Thailand-Reiseguide-Dein-Thailand-Reisef\u00fchrer_.jpg\",\"contentUrl\":\"https:\/\/www.thailand-reiseguide.de\/wp-content\/uploads\/2018\/01\/cropped-Thailand-Reiseguide-Dein-Thailand-Reisef\u00fchrer_.jpg\",\"width\":652,\"height\":102,\"caption\":\"Thailand Reiseguide\"},\"image\":{\"@id\":\"https:\/\/www.thailand-reiseguide.de\/#\/schema\/logo\/image\/\"}}]}<\/script>\n<!-- \/ Yoast SEO plugin. -->","yoast_head_json":{"title":"Koh Samui - Thailand Reiseguide","robots":{"index":"noindex","follow":"follow","max-snippet":"max-snippet:-1","max-image-preview":"max-image-preview:large","max-video-preview":"max-video-preview:-1"},"og_locale":"en_GB","og_type":"article","og_title":"Koh Samui - Thailand Reiseguide","og_description":"Koh Samui, eine tropische Insel im Golf von Thailand, ist bekannt f\u00fcr ihre unber\u00fchrten Str\u00e4nde, kristallklares Wasser und \u00fcppiger Vegetation.","og_url":"https:\/\/www.thailand-reiseguide.de\/en\/suedthailand\/koh-samui\/","og_site_name":"Thailand Reiseguide","article_modified_time":"2023-01-30T19:48:21+00:00","twitter_card":"summary_large_image","twitter_misc":{"Estimated reading time":"2 minutes"},"schema":{"@context":"https:\/\/schema.org","@graph":[{"@type":"WebPage","@id":"https:\/\/www.thailand-reiseguide.de\/suedthailand\/koh-samui\/","url":"https:\/\/www.thailand-reiseguide.de\/suedthailand\/koh-samui\/","name":"Koh Samui - Thailand Reiseguide","isPartOf":{"@id":"https:\/\/www.thailand-reiseguide.de\/#website"},"datePublished":"2017-12-23T19:58:51+00:00","dateModified":"2023-01-30T19:48:21+00:00","breadcrumb":{"@id":"https:\/\/www.thailand-reiseguide.de\/suedthailand\/koh-samui\/#breadcrumb"},"inLanguage":"en-GB","potentialAction":[{"@type":"ReadAction","target":["https:\/\/www.thailand-reiseguide.de\/suedthailand\/koh-samui\/"]}]},{"@type":"BreadcrumbList","@id":"https:\/\/www.thailand-reiseguide.de\/suedthailand\/koh-samui\/#breadcrumb","itemListElement":[{"@type":"ListItem","position":1,"name":"Home","item":"https:\/\/www.thailand-reiseguide.de\/"},{"@type":"ListItem","position":2,"name":"S\u00fcdthailand","item":"https:\/\/www.thailand-reiseguide.de\/suedthailand\/"},{"@type":"ListItem","position":3,"name":"Koh Samui"}]},{"@type":"WebSite","@id":"https:\/\/www.thailand-reiseguide.de\/#website","url":"https:\/\/www.thailand-reiseguide.de\/","name":"Thailand Reiseguide","description":"Dein Reisef\u00fchrer f\u00fcr Thailand","publisher":{"@id":"https:\/\/www.thailand-reiseguide.de\/#organization"},"potentialAction":[{"@type":"SearchAction","target":{"@type":"EntryPoint","urlTemplate":"https:\/\/www.thailand-reiseguide.de\/?s={search_term_string}"},"query-input":"required name=search_term_string"}],"inLanguage":"en-GB"},{"@type":"Organization","@id":"https:\/\/www.thailand-reiseguide.de\/#organization","name":"Thailand Reiseguide","url":"https:\/\/www.thailand-reiseguide.de\/","logo":{"@type":"ImageObject","inLanguage":"en-GB","@id":"https:\/\/www.thailand-reiseguide.de\/#\/schema\/logo\/image\/","url":"https:\/\/www.thailand-reiseguide.de\/wp-content\/uploads\/2018\/01\/cropped-Thailand-Reiseguide-Dein-Thailand-Reisef\u00fchrer_.jpg","contentUrl":"https:\/\/www.thailand-reiseguide.de\/wp-content\/uploads\/2018\/01\/cropped-Thailand-Reiseguide-Dein-Thailand-Reisef\u00fchrer_.jpg","width":652,"height":102,"caption":"Thailand Reiseguide"},"image":{"@id":"https:\/\/www.thailand-reiseguide.de\/#\/schema\/logo\/image\/"}}]}},"_links":{"self":[{"href":"https:\/\/www.thailand-reiseguide.de\/en\/wp-json\/wp\/v2\/pages\/82","targetHints":{"allow":["GET"]}}],"collection":[{"href":"https:\/\/www.thailand-reiseguide.de\/en\/wp-json\/wp\/v2\/pages"}],"about":[{"href":"https:\/\/www.thailand-reiseguide.de\/en\/wp-json\/wp\/v2\/types\/page"}],"author":[{"embeddable":true,"href":"https:\/\/www.thailand-reiseguide.de\/en\/wp-json\/wp\/v2\/users\/1"}],"replies":[{"embeddable":true,"href":"https:\/\/www.thailand-reiseguide.de\/en\/wp-json\/wp\/v2\/comments?post=82"}],"version-history":[{"count":2,"href":"https:\/\/www.thailand-reiseguide.de\/en\/wp-json\/wp\/v2\/pages\/82\/revisions"}],"predecessor-version":[{"id":414,"href":"https:\/\/www.thailand-reiseguide.de\/en\/wp-json\/wp\/v2\/pages\/82\/revisions\/414"}],"up":[{"embeddable":true,"href":"https:\/\/www.thailand-reiseguide.de\/en\/wp-json\/wp\/v2\/pages\/383"}],"wp:attachment":[{"href":"https:\/\/www.thailand-reiseguide.de\/en\/wp-json\/wp\/v2\/media?parent=82"}],"curies":[{"name":"wp","href":"https:\/\/api.w.org\/{rel}","templated":true}]}}