{"id":78,"date":"2017-12-23T20:58:31","date_gmt":"2017-12-23T19:58:31","guid":{"rendered":"http:\/\/www.thailand-reiseguide.de\/?page_id=78"},"modified":"2023-01-30T18:17:03","modified_gmt":"2023-01-30T17:17:03","slug":"khao-lak","status":"publish","type":"page","link":"https:\/\/www.thailand-reiseguide.de\/en\/suedthailand\/khao-lak\/","title":{"rendered":"Khao Lak"},"content":{"rendered":"<p>Knapp eine Stunde Autofahrt in n\u00f6rdlicher Richtung vom Phuket International Airport gelegen, liegt Khao Lak.<br \/>\nDirekt an einen Nationalpark angrenzend, findet man hier Ruhe und Erholung und <a href=\"https:\/\/www.thailand-reiseguide.de\/en\/feinsandiger-kilometerlanger-strand-in-khao-lak\/\">kilometerlange einsame Str\u00e4nde<\/a>. Anders als in Phuket laufen hier die Uhren etwas langsamer und luxuri\u00f6ser als anderswo in S\u00fcdthailand. Bekannt f\u00fcr seine Luxushotels und gehobenen Bungalow Resorts, lockt Khao Lak daher eher Thailand-Reisende mit etwas gef\u00fcllterem Geldbeutel und Pauschaltouristen an. Backpacker findet man hier daher seltener.<\/p>\n<p>Khao Lak war 2004 auch im Zentrum der verheerende Tsunami-Katastrophe. Dabei erinnert hier nur noch wenig an dieses schlimme Ereignis. Mittlerweile sind entlang der gesamten K\u00fcste die Hotel wieder aufgebaut und auch die Zahl der Touristen steigt weiterhin stetig. Anders als in manchen anderen Urlaubsorten wie Phuket im S\u00fcden oder Pattaya in Zentralthailand, ist Khao Lak aber alles andere als \u00fcberlaufen und man findet daher hier noch weitgehend ungest\u00f6rte Str\u00e4nde.<\/p>\n<p>Wer nicht nur den ganzen Tag am Strand liegen m\u00f6chte, findet aber auch hier in den n\u00e4heren Umgebung einige Sehensw\u00fcrdigkeiten bzw. kann auf Halb- und Tagesausfl\u00fcgen Land und Leute besser kennen lernen.<\/p>\n<p>Hier einige Tipps rund um Khao Lak:<\/p>\n<ul>\n<li>Nationalpark<\/li>\n<li>Elefanten Sanctuary<\/li>\n<li>Schmetterlingsfarm<\/li>\n<li>Wochenmarkt<\/li>\n<li>Tauchen und Schnorcheln<\/li>\n<li>Muay Thai &#8211; Thaibox Events<\/li>\n<li>Massage am Strand<\/li>\n<\/ul>\n<p>Halb- und Tagesausfl\u00fcge:<\/p>\n<ul>\n<li>Zum <a href=\"http:\/\/www.thailand-reiseguide.de\/en\/reiseziele\/phuket\/\">Einkaufen und Feiern nach Phuket<\/a><\/li>\n<li>Mit dem Longtailboot zur <a href=\"https:\/\/www.thailand-reiseguide.de\/en\/james-bond-island-phang-nga-bucht\/\">Phang Nga Bucht (James Bond Island)<\/a><\/li>\n<li>Besuch der <a href=\"https:\/\/www.thailand-reiseguide.de\/en\/gigantische-liegende-buddhastatue-im-suwanakuha-tempel\/\">liegende Buddhastatue im Suwanakuha Tempel<\/a><\/li>\n<li>Ausflug zum <a href=\"https:\/\/www.thailand-reiseguide.de\/en\/fischerdorf-koh-panyi\/\">Fischerdorf Koh Panyi<\/a><\/li>\n<\/ul>","protected":false},"excerpt":{"rendered":"<p>Knapp eine Stunde Autofahrt in n\u00f6rdlicher Richtung vom Phuket International Airport gelegen, liegt Khao Lak. Direkt an einen Nationalpark angrenzend,<\/p>","protected":false},"author":1,"featured_media":0,"parent":383,"menu_order":0,"comment_status":"closed","ping_status":"closed","template":"","meta":{"footnotes":""},"class_list":["post-78","page","type-page","status-publish","hentry"],"yoast_head":"<!-- This site is optimized with the Yoast SEO plugin v20.0 - https:\/\/yoast.com\/wordpress\/plugins\/seo\/ -->\n<title>Khao Lak | Sehensw\u00fcrdigkeiten &amp; Ausflugstipps rund um Khao Lak<\/title>\n<meta name=\"description\" content=\"In Khao Lak findet man kilometerlange Str\u00e4nde und urspr\u00fcngliche Natur. Perfekt um die Seele baumeln zu lassen und sich zu Erholen. Aber Khao Lak bietet auch jede Menge Sehensw\u00fcrdigkeiten und M\u00f6glichkeiten f\u00fcr Halb- und Tagesausfl\u00fcge. Hier findet Ihr unsere Tipps.\" \/>\n<meta name=\"robots\" content=\"noindex, follow, max-snippet:-1, max-image-preview:large, max-video-preview:-1\" \/>\n<meta property=\"og:locale\" content=\"en_GB\" \/>\n<meta property=\"og:type\" content=\"article\" \/>\n<meta property=\"og:title\" content=\"Khao Lak | Sehensw\u00fcrdigkeiten &amp; Ausflugstipps rund um Khao Lak\" \/>\n<meta property=\"og:description\" content=\"In Khao Lak findet man kilometerlange Str\u00e4nde und urspr\u00fcngliche Natur. Perfekt um die Seele baumeln zu lassen und sich zu Erholen. Aber Khao Lak bietet auch jede Menge Sehensw\u00fcrdigkeiten und M\u00f6glichkeiten f\u00fcr Halb- und Tagesausfl\u00fcge. Hier findet Ihr unsere Tipps.\" \/>\n<meta property=\"og:url\" content=\"https:\/\/www.thailand-reiseguide.de\/en\/suedthailand\/khao-lak\/\" \/>\n<meta property=\"og:site_name\" content=\"Thailand Reiseguide\" \/>\n<meta property=\"article:modified_time\" content=\"2023-01-30T17:17:03+00:00\" \/>\n<meta name=\"twitter:card\" content=\"summary_large_image\" \/>\n<meta name=\"twitter:label1\" content=\"Estimated reading time\" \/>\n\t<meta name=\"twitter:data1\" content=\"1 minute\" \/>\n<script type=\"application\/ld+json\" class=\"yoast-schema-graph\">{\"@context\":\"https:\/\/schema.org\",\"@graph\":[{\"@type\":\"WebPage\",\"@id\":\"https:\/\/www.thailand-reiseguide.de\/suedthailand\/khao-lak\/\",\"url\":\"https:\/\/www.thailand-reiseguide.de\/suedthailand\/khao-lak\/\",\"name\":\"Khao Lak | Sehensw\u00fcrdigkeiten & Ausflugstipps rund um Khao Lak\",\"isPartOf\":{\"@id\":\"https:\/\/www.thailand-reiseguide.de\/#website\"},\"datePublished\":\"2017-12-23T19:58:31+00:00\",\"dateModified\":\"2023-01-30T17:17:03+00:00\",\"description\":\"In Khao Lak findet man kilometerlange Str\u00e4nde und urspr\u00fcngliche Natur. Perfekt um die Seele baumeln zu lassen und sich zu Erholen. Aber Khao Lak bietet auch jede Menge Sehensw\u00fcrdigkeiten und M\u00f6glichkeiten f\u00fcr Halb- und Tagesausfl\u00fcge. Hier findet Ihr unsere Tipps.\",\"breadcrumb\":{\"@id\":\"https:\/\/www.thailand-reiseguide.de\/suedthailand\/khao-lak\/#breadcrumb\"},\"inLanguage\":\"en-GB\",\"potentialAction\":[{\"@type\":\"ReadAction\",\"target\":[\"https:\/\/www.thailand-reiseguide.de\/suedthailand\/khao-lak\/\"]}]},{\"@type\":\"BreadcrumbList\",\"@id\":\"https:\/\/www.thailand-reiseguide.de\/suedthailand\/khao-lak\/#breadcrumb\",\"itemListElement\":[{\"@type\":\"ListItem\",\"position\":1,\"name\":\"Home\",\"item\":\"https:\/\/www.thailand-reiseguide.de\/\"},{\"@type\":\"ListItem\",\"position\":2,\"name\":\"S\u00fcdthailand\",\"item\":\"https:\/\/www.thailand-reiseguide.de\/suedthailand\/\"},{\"@type\":\"ListItem\",\"position\":3,\"name\":\"Khao Lak\"}]},{\"@type\":\"WebSite\",\"@id\":\"https:\/\/www.thailand-reiseguide.de\/#website\",\"url\":\"https:\/\/www.thailand-reiseguide.de\/\",\"name\":\"Thailand Reiseguide\",\"description\":\"Dein Reisef\u00fchrer f\u00fcr Thailand\",\"publisher\":{\"@id\":\"https:\/\/www.thailand-reiseguide.de\/#organization\"},\"potentialAction\":[{\"@type\":\"SearchAction\",\"target\":{\"@type\":\"EntryPoint\",\"urlTemplate\":\"https:\/\/www.thailand-reiseguide.de\/?s={search_term_string}\"},\"query-input\":\"required name=search_term_string\"}],\"inLanguage\":\"en-GB\"},{\"@type\":\"Organization\",\"@id\":\"https:\/\/www.thailand-reiseguide.de\/#organization\",\"name\":\"Thailand Reiseguide\",\"url\":\"https:\/\/www.thailand-reiseguide.de\/\",\"logo\":{\"@type\":\"ImageObject\",\"inLanguage\":\"en-GB\",\"@id\":\"https:\/\/www.thailand-reiseguide.de\/#\/schema\/logo\/image\/\",\"url\":\"https:\/\/www.thailand-reiseguide.de\/wp-content\/uploads\/2018\/01\/cropped-Thailand-Reiseguide-Dein-Thailand-Reisef\u00fchrer_.jpg\",\"contentUrl\":\"https:\/\/www.thailand-reiseguide.de\/wp-content\/uploads\/2018\/01\/cropped-Thailand-Reiseguide-Dein-Thailand-Reisef\u00fchrer_.jpg\",\"width\":652,\"height\":102,\"caption\":\"Thailand Reiseguide\"},\"image\":{\"@id\":\"https:\/\/www.thailand-reiseguide.de\/#\/schema\/logo\/image\/\"}}]}<\/script>\n<!-- \/ Yoast SEO plugin. -->","yoast_head_json":{"title":"Khao Lak | Sehensw\u00fcrdigkeiten & Ausflugstipps rund um Khao Lak","description":"In Khao Lak findet man kilometerlange Str\u00e4nde und urspr\u00fcngliche Natur. Perfekt um die Seele baumeln zu lassen und sich zu Erholen. Aber Khao Lak bietet auch jede Menge Sehensw\u00fcrdigkeiten und M\u00f6glichkeiten f\u00fcr Halb- und Tagesausfl\u00fcge. Hier findet Ihr unsere Tipps.","robots":{"index":"noindex","follow":"follow","max-snippet":"max-snippet:-1","max-image-preview":"max-image-preview:large","max-video-preview":"max-video-preview:-1"},"og_locale":"en_GB","og_type":"article","og_title":"Khao Lak | Sehensw\u00fcrdigkeiten & Ausflugstipps rund um Khao Lak","og_description":"In Khao Lak findet man kilometerlange Str\u00e4nde und urspr\u00fcngliche Natur. Perfekt um die Seele baumeln zu lassen und sich zu Erholen. Aber Khao Lak bietet auch jede Menge Sehensw\u00fcrdigkeiten und M\u00f6glichkeiten f\u00fcr Halb- und Tagesausfl\u00fcge. Hier findet Ihr unsere Tipps.","og_url":"https:\/\/www.thailand-reiseguide.de\/en\/suedthailand\/khao-lak\/","og_site_name":"Thailand Reiseguide","article_modified_time":"2023-01-30T17:17:03+00:00","twitter_card":"summary_large_image","twitter_misc":{"Estimated reading time":"1 minute"},"schema":{"@context":"https:\/\/schema.org","@graph":[{"@type":"WebPage","@id":"https:\/\/www.thailand-reiseguide.de\/suedthailand\/khao-lak\/","url":"https:\/\/www.thailand-reiseguide.de\/suedthailand\/khao-lak\/","name":"Khao Lak | Sehensw\u00fcrdigkeiten & Ausflugstipps rund um Khao Lak","isPartOf":{"@id":"https:\/\/www.thailand-reiseguide.de\/#website"},"datePublished":"2017-12-23T19:58:31+00:00","dateModified":"2023-01-30T17:17:03+00:00","description":"In Khao Lak findet man kilometerlange Str\u00e4nde und urspr\u00fcngliche Natur. Perfekt um die Seele baumeln zu lassen und sich zu Erholen. Aber Khao Lak bietet auch jede Menge Sehensw\u00fcrdigkeiten und M\u00f6glichkeiten f\u00fcr Halb- und Tagesausfl\u00fcge. Hier findet Ihr unsere Tipps.","breadcrumb":{"@id":"https:\/\/www.thailand-reiseguide.de\/suedthailand\/khao-lak\/#breadcrumb"},"inLanguage":"en-GB","potentialAction":[{"@type":"ReadAction","target":["https:\/\/www.thailand-reiseguide.de\/suedthailand\/khao-lak\/"]}]},{"@type":"BreadcrumbList","@id":"https:\/\/www.thailand-reiseguide.de\/suedthailand\/khao-lak\/#breadcrumb","itemListElement":[{"@type":"ListItem","position":1,"name":"Home","item":"https:\/\/www.thailand-reiseguide.de\/"},{"@type":"ListItem","position":2,"name":"S\u00fcdthailand","item":"https:\/\/www.thailand-reiseguide.de\/suedthailand\/"},{"@type":"ListItem","position":3,"name":"Khao Lak"}]},{"@type":"WebSite","@id":"https:\/\/www.thailand-reiseguide.de\/#website","url":"https:\/\/www.thailand-reiseguide.de\/","name":"Thailand Reiseguide","description":"Dein Reisef\u00fchrer f\u00fcr Thailand","publisher":{"@id":"https:\/\/www.thailand-reiseguide.de\/#organization"},"potentialAction":[{"@type":"SearchAction","target":{"@type":"EntryPoint","urlTemplate":"https:\/\/www.thailand-reiseguide.de\/?s={search_term_string}"},"query-input":"required name=search_term_string"}],"inLanguage":"en-GB"},{"@type":"Organization","@id":"https:\/\/www.thailand-reiseguide.de\/#organization","name":"Thailand Reiseguide","url":"https:\/\/www.thailand-reiseguide.de\/","logo":{"@type":"ImageObject","inLanguage":"en-GB","@id":"https:\/\/www.thailand-reiseguide.de\/#\/schema\/logo\/image\/","url":"https:\/\/www.thailand-reiseguide.de\/wp-content\/uploads\/2018\/01\/cropped-Thailand-Reiseguide-Dein-Thailand-Reisef\u00fchrer_.jpg","contentUrl":"https:\/\/www.thailand-reiseguide.de\/wp-content\/uploads\/2018\/01\/cropped-Thailand-Reiseguide-Dein-Thailand-Reisef\u00fchrer_.jpg","width":652,"height":102,"caption":"Thailand Reiseguide"},"image":{"@id":"https:\/\/www.thailand-reiseguide.de\/#\/schema\/logo\/image\/"}}]}},"_links":{"self":[{"href":"https:\/\/www.thailand-reiseguide.de\/en\/wp-json\/wp\/v2\/pages\/78","targetHints":{"allow":["GET"]}}],"collection":[{"href":"https:\/\/www.thailand-reiseguide.de\/en\/wp-json\/wp\/v2\/pages"}],"about":[{"href":"https:\/\/www.thailand-reiseguide.de\/en\/wp-json\/wp\/v2\/types\/page"}],"author":[{"embeddable":true,"href":"https:\/\/www.thailand-reiseguide.de\/en\/wp-json\/wp\/v2\/users\/1"}],"replies":[{"embeddable":true,"href":"https:\/\/www.thailand-reiseguide.de\/en\/wp-json\/wp\/v2\/comments?post=78"}],"version-history":[{"count":13,"href":"https:\/\/www.thailand-reiseguide.de\/en\/wp-json\/wp\/v2\/pages\/78\/revisions"}],"predecessor-version":[{"id":259,"href":"https:\/\/www.thailand-reiseguide.de\/en\/wp-json\/wp\/v2\/pages\/78\/revisions\/259"}],"up":[{"embeddable":true,"href":"https:\/\/www.thailand-reiseguide.de\/en\/wp-json\/wp\/v2\/pages\/383"}],"wp:attachment":[{"href":"https:\/\/www.thailand-reiseguide.de\/en\/wp-json\/wp\/v2\/media?parent=78"}],"curies":[{"name":"wp","href":"https:\/\/api.w.org\/{rel}","templated":true}]}}