{"id":76,"date":"2017-12-23T20:58:08","date_gmt":"2017-12-23T19:58:08","guid":{"rendered":"http:\/\/www.thailand-reiseguide.de\/?page_id=76"},"modified":"2023-01-30T20:22:58","modified_gmt":"2023-01-30T19:22:58","slug":"chiang-mai","status":"publish","type":"page","link":"https:\/\/www.thailand-reiseguide.de\/en\/nordthailand\/chiang-mai\/","title":{"rendered":"Chiang Mai"},"content":{"rendered":"<p>Willkommen in Chiang Mai, der Perle des Nordens Thailands. Wie Jules Verne in seinen Abenteuern um die Welt, werden auch wir uns auf eine Reise in die Vergangenheit, Gegenwart und Zukunft dieser faszinierenden Stadt begeben. Wie Sven Regener in seinen B\u00fcchern, werden wir auch hier eine Prise Humor und Sarkasmus finden. Packen Sie Ihre Koffer und machen Sie sich bereit f\u00fcr eine unvergessliche Reise.<\/p>\n\n\n\n<p>Chiang Mai wurde im 12. Jahrhundert von K\u00f6nig Mengrai gegr\u00fcndet und war einst die Hauptstadt des Lanna-K\u00f6nigreichs. Heute ist es eine moderne Stadt, die jedoch ihre historischen Wurzeln und Kultur bewahrt hat. Ein Besuch des Wat Chedi Luang, eines buddhistischen Tempels aus dem 14. Jahrhundert, oder des Chiang Mai Nationalmuseums, bietet Einblicke in die Geschichte der Stadt.<\/p>\n\n\n\n<p>Die Kultur von Chiang Mai ist von den ethnischen Minderheiten der Region gepr\u00e4gt, insbesondere von den Bergv\u00f6lkern, die hier leben. Besuchen Sie einen der M\u00e4rkte in der Stadt, um die traditionellen Textilien und Handwerkskunst dieser V\u00f6lker zu bewundern. Oder besuchen Sie eines der D\u00f6rfer in der Umgebung, um einen Einblick in das t\u00e4gliche Leben der Einheimischen zu bekommen.<\/p>\n\n\n\n<p>Ein besonderer Genuss in Chiang Mai ist die Kulinarik. Die Stadt ist ber\u00fchmt f\u00fcr ihre thail\u00e4ndischen K\u00f6stlichkeiten, insbesondere f\u00fcr ihre Currys und Nudelgerichte. Probieren Sie unbedingt Khao Soi, ein traditionelles nordthail\u00e4ndisches Gericht aus gebratenen Eiernudeln in einer kokosmilchbasierten Suppe. Oder besuchen Sie einen der vielen Stra\u00dfenm\u00e4rkte, um die verschiedenen Gerichte zu probieren.<\/p>\n\n\n\n<p>Chiang Mai ist eine Stadt voller Geschichte, Kultur und Kulinarik. Eine Reise hierher ist ein Muss f\u00fcr alle, die die Sch\u00f6nheit und Vielfalt Thailands entdecken m\u00f6chten. Wie Jules Verne und Sven Regener, werden auch Sie von der Abenteuerlust und dem Charme dieser Stadt angezogen werden. Bis zum n\u00e4chsten Mal, Chiang Mai!<\/p>","protected":false},"excerpt":{"rendered":"<p>Willkommen in Chiang Mai, der Perle des Nordens Thailands. Wie Jules Verne in seinen Abenteuern um die Welt, werden auch<\/p>","protected":false},"author":1,"featured_media":0,"parent":368,"menu_order":0,"comment_status":"closed","ping_status":"closed","template":"","meta":{"footnotes":""},"class_list":["post-76","page","type-page","status-publish","hentry"],"yoast_head":"<!-- This site is optimized with the Yoast SEO plugin v20.0 - https:\/\/yoast.com\/wordpress\/plugins\/seo\/ -->\n<title>Chiang Mai - Thailand Reiseguide<\/title>\n<meta name=\"robots\" content=\"noindex, follow, max-snippet:-1, max-image-preview:large, max-video-preview:-1\" \/>\n<meta property=\"og:locale\" content=\"en_GB\" \/>\n<meta property=\"og:type\" content=\"article\" \/>\n<meta property=\"og:title\" content=\"Chiang Mai - Thailand Reiseguide\" \/>\n<meta property=\"og:description\" content=\"Willkommen in Chiang Mai, der Perle des Nordens Thailands. Wie Jules Verne in seinen Abenteuern um die Welt, werden auch\" \/>\n<meta property=\"og:url\" content=\"https:\/\/www.thailand-reiseguide.de\/en\/nordthailand\/chiang-mai\/\" \/>\n<meta property=\"og:site_name\" content=\"Thailand Reiseguide\" \/>\n<meta property=\"article:modified_time\" content=\"2023-01-30T19:22:58+00:00\" \/>\n<meta name=\"twitter:card\" content=\"summary_large_image\" \/>\n<meta name=\"twitter:label1\" content=\"Estimated reading time\" \/>\n\t<meta name=\"twitter:data1\" content=\"2 minutes\" \/>\n<script type=\"application\/ld+json\" class=\"yoast-schema-graph\">{\"@context\":\"https:\/\/schema.org\",\"@graph\":[{\"@type\":\"WebPage\",\"@id\":\"https:\/\/www.thailand-reiseguide.de\/nordthailand\/chiang-mai\/\",\"url\":\"https:\/\/www.thailand-reiseguide.de\/nordthailand\/chiang-mai\/\",\"name\":\"Chiang Mai - Thailand Reiseguide\",\"isPartOf\":{\"@id\":\"https:\/\/www.thailand-reiseguide.de\/#website\"},\"datePublished\":\"2017-12-23T19:58:08+00:00\",\"dateModified\":\"2023-01-30T19:22:58+00:00\",\"breadcrumb\":{\"@id\":\"https:\/\/www.thailand-reiseguide.de\/nordthailand\/chiang-mai\/#breadcrumb\"},\"inLanguage\":\"en-GB\",\"potentialAction\":[{\"@type\":\"ReadAction\",\"target\":[\"https:\/\/www.thailand-reiseguide.de\/nordthailand\/chiang-mai\/\"]}]},{\"@type\":\"BreadcrumbList\",\"@id\":\"https:\/\/www.thailand-reiseguide.de\/nordthailand\/chiang-mai\/#breadcrumb\",\"itemListElement\":[{\"@type\":\"ListItem\",\"position\":1,\"name\":\"Home\",\"item\":\"https:\/\/www.thailand-reiseguide.de\/\"},{\"@type\":\"ListItem\",\"position\":2,\"name\":\"Nordthailand\",\"item\":\"https:\/\/www.thailand-reiseguide.de\/nordthailand\/\"},{\"@type\":\"ListItem\",\"position\":3,\"name\":\"Chiang Mai\"}]},{\"@type\":\"WebSite\",\"@id\":\"https:\/\/www.thailand-reiseguide.de\/#website\",\"url\":\"https:\/\/www.thailand-reiseguide.de\/\",\"name\":\"Thailand Reiseguide\",\"description\":\"Dein Reisef\u00fchrer f\u00fcr Thailand\",\"publisher\":{\"@id\":\"https:\/\/www.thailand-reiseguide.de\/#organization\"},\"potentialAction\":[{\"@type\":\"SearchAction\",\"target\":{\"@type\":\"EntryPoint\",\"urlTemplate\":\"https:\/\/www.thailand-reiseguide.de\/?s={search_term_string}\"},\"query-input\":\"required name=search_term_string\"}],\"inLanguage\":\"en-GB\"},{\"@type\":\"Organization\",\"@id\":\"https:\/\/www.thailand-reiseguide.de\/#organization\",\"name\":\"Thailand Reiseguide\",\"url\":\"https:\/\/www.thailand-reiseguide.de\/\",\"logo\":{\"@type\":\"ImageObject\",\"inLanguage\":\"en-GB\",\"@id\":\"https:\/\/www.thailand-reiseguide.de\/#\/schema\/logo\/image\/\",\"url\":\"https:\/\/www.thailand-reiseguide.de\/wp-content\/uploads\/2018\/01\/cropped-Thailand-Reiseguide-Dein-Thailand-Reisef\u00fchrer_.jpg\",\"contentUrl\":\"https:\/\/www.thailand-reiseguide.de\/wp-content\/uploads\/2018\/01\/cropped-Thailand-Reiseguide-Dein-Thailand-Reisef\u00fchrer_.jpg\",\"width\":652,\"height\":102,\"caption\":\"Thailand Reiseguide\"},\"image\":{\"@id\":\"https:\/\/www.thailand-reiseguide.de\/#\/schema\/logo\/image\/\"}}]}<\/script>\n<!-- \/ Yoast SEO plugin. -->","yoast_head_json":{"title":"Chiang Mai - Thailand Reiseguide","robots":{"index":"noindex","follow":"follow","max-snippet":"max-snippet:-1","max-image-preview":"max-image-preview:large","max-video-preview":"max-video-preview:-1"},"og_locale":"en_GB","og_type":"article","og_title":"Chiang Mai - Thailand Reiseguide","og_description":"Willkommen in Chiang Mai, der Perle des Nordens Thailands. Wie Jules Verne in seinen Abenteuern um die Welt, werden auch","og_url":"https:\/\/www.thailand-reiseguide.de\/en\/nordthailand\/chiang-mai\/","og_site_name":"Thailand Reiseguide","article_modified_time":"2023-01-30T19:22:58+00:00","twitter_card":"summary_large_image","twitter_misc":{"Estimated reading time":"2 minutes"},"schema":{"@context":"https:\/\/schema.org","@graph":[{"@type":"WebPage","@id":"https:\/\/www.thailand-reiseguide.de\/nordthailand\/chiang-mai\/","url":"https:\/\/www.thailand-reiseguide.de\/nordthailand\/chiang-mai\/","name":"Chiang Mai - Thailand Reiseguide","isPartOf":{"@id":"https:\/\/www.thailand-reiseguide.de\/#website"},"datePublished":"2017-12-23T19:58:08+00:00","dateModified":"2023-01-30T19:22:58+00:00","breadcrumb":{"@id":"https:\/\/www.thailand-reiseguide.de\/nordthailand\/chiang-mai\/#breadcrumb"},"inLanguage":"en-GB","potentialAction":[{"@type":"ReadAction","target":["https:\/\/www.thailand-reiseguide.de\/nordthailand\/chiang-mai\/"]}]},{"@type":"BreadcrumbList","@id":"https:\/\/www.thailand-reiseguide.de\/nordthailand\/chiang-mai\/#breadcrumb","itemListElement":[{"@type":"ListItem","position":1,"name":"Home","item":"https:\/\/www.thailand-reiseguide.de\/"},{"@type":"ListItem","position":2,"name":"Nordthailand","item":"https:\/\/www.thailand-reiseguide.de\/nordthailand\/"},{"@type":"ListItem","position":3,"name":"Chiang Mai"}]},{"@type":"WebSite","@id":"https:\/\/www.thailand-reiseguide.de\/#website","url":"https:\/\/www.thailand-reiseguide.de\/","name":"Thailand Reiseguide","description":"Dein Reisef\u00fchrer f\u00fcr Thailand","publisher":{"@id":"https:\/\/www.thailand-reiseguide.de\/#organization"},"potentialAction":[{"@type":"SearchAction","target":{"@type":"EntryPoint","urlTemplate":"https:\/\/www.thailand-reiseguide.de\/?s={search_term_string}"},"query-input":"required name=search_term_string"}],"inLanguage":"en-GB"},{"@type":"Organization","@id":"https:\/\/www.thailand-reiseguide.de\/#organization","name":"Thailand Reiseguide","url":"https:\/\/www.thailand-reiseguide.de\/","logo":{"@type":"ImageObject","inLanguage":"en-GB","@id":"https:\/\/www.thailand-reiseguide.de\/#\/schema\/logo\/image\/","url":"https:\/\/www.thailand-reiseguide.de\/wp-content\/uploads\/2018\/01\/cropped-Thailand-Reiseguide-Dein-Thailand-Reisef\u00fchrer_.jpg","contentUrl":"https:\/\/www.thailand-reiseguide.de\/wp-content\/uploads\/2018\/01\/cropped-Thailand-Reiseguide-Dein-Thailand-Reisef\u00fchrer_.jpg","width":652,"height":102,"caption":"Thailand Reiseguide"},"image":{"@id":"https:\/\/www.thailand-reiseguide.de\/#\/schema\/logo\/image\/"}}]}},"_links":{"self":[{"href":"https:\/\/www.thailand-reiseguide.de\/en\/wp-json\/wp\/v2\/pages\/76","targetHints":{"allow":["GET"]}}],"collection":[{"href":"https:\/\/www.thailand-reiseguide.de\/en\/wp-json\/wp\/v2\/pages"}],"about":[{"href":"https:\/\/www.thailand-reiseguide.de\/en\/wp-json\/wp\/v2\/types\/page"}],"author":[{"embeddable":true,"href":"https:\/\/www.thailand-reiseguide.de\/en\/wp-json\/wp\/v2\/users\/1"}],"replies":[{"embeddable":true,"href":"https:\/\/www.thailand-reiseguide.de\/en\/wp-json\/wp\/v2\/comments?post=76"}],"version-history":[{"count":2,"href":"https:\/\/www.thailand-reiseguide.de\/en\/wp-json\/wp\/v2\/pages\/76\/revisions"}],"predecessor-version":[{"id":401,"href":"https:\/\/www.thailand-reiseguide.de\/en\/wp-json\/wp\/v2\/pages\/76\/revisions\/401"}],"up":[{"embeddable":true,"href":"https:\/\/www.thailand-reiseguide.de\/en\/wp-json\/wp\/v2\/pages\/368"}],"wp:attachment":[{"href":"https:\/\/www.thailand-reiseguide.de\/en\/wp-json\/wp\/v2\/media?parent=76"}],"curies":[{"name":"wp","href":"https:\/\/api.w.org\/{rel}","templated":true}]}}