{"id":74,"date":"2017-12-23T20:57:51","date_gmt":"2017-12-23T19:57:51","guid":{"rendered":"http:\/\/www.thailand-reiseguide.de\/?page_id=74"},"modified":"2023-01-30T18:15:19","modified_gmt":"2023-01-30T17:15:19","slug":"bangkok","status":"publish","type":"page","link":"https:\/\/www.thailand-reiseguide.de\/en\/zentral-und-west-thailand\/bangkok\/","title":{"rendered":"Bangkok"},"content":{"rendered":"<p>Bangkok ist seit 1782 die Hauptstadt des K\u00f6nigreichs Thailand. Mit knapp 8 Millionen Einwohner ist Bangkok auch die gr\u00f6\u00dfte Stadt des Landes. Thais nennen Ihre Hauptstadt auch bei ihrem sch\u00f6nen und verwunschenen Namen: Krun Thep, was so viel hei\u00dft wie \u201cStadt der Engel\u201d.<br \/>\nWer einmal in den Bann dieser Megacity gezogen wurde, den l\u00e4sst die Stadt und ihre Eindr\u00fcck so schnell nicht los. Am einfachsten und bequemsten bewegt man sich dabei mit den \u00f6ffentlichen Verkehrsmitteln fort. Neben Bus und U-Bahn bietet sich hier auch die Hochbahn Skytrain an. Hiermit kommen sie kosteng\u00fcnstig zu allen Sehensw\u00fcrdigkeiten Bangkoks und erleben gleichzeitig das lebendige Get\u00fcmmel, dass sich unter ihnen, wie Ameisen in einem Ameisenhaufen, durch die Strassen und Gassen schl\u00e4ngelt und wuselt.<br \/>\nBangkok ist das politische, wirtschaftliche und vor allem das kulturelle Zentrum Thailands. Sie finden im Gro\u00dfraum Bangkok insgesamt \u00fcber 400 Wats (buddhistische Kl\u00f6ster und Tempelanlagen). Die ber\u00fchmteste Sehensw\u00fcrdigkeit in ganz Thailand befindet sich hier, der K\u00f6nigspalast mit dem Tempel des Smaragdbuddhas (Wat Phra Kaeo). Die aus Jade gefertigte Buddha-Figur gilt als nationales Heiligtum.<br \/>\nWeitere Sehensw\u00fcrdigkeiten sind Wat Arun, der Tempel der Morgenr\u00f6te im Stadtteil Thonburi. Hier k\u00f6nnen Sie auch auf eine Erkundungsfahrt mit einem Motorboot gehen. Auch heute noch werden Waren auf den sogenannten khlong(s) (Kan\u00e4len) durch die Stadt transportiert.<br \/>\nNicht weit vom K\u00f6nigspalast befindet sich Bangkoks \u00e4ltester Tempel, Wat Pho. Hier begr\u00fc\u00dft sie eine 44m lange, vergoldete und liegende Buddhastatue. Auch das Nationalmuseum mit seiner beachtlichen Sammlung an Artefakten und Kunstgegenst\u00e4nden ist einen Besuch wert.<br \/>\nF\u00fcr Sportbegeisterte bietet sich au\u00dferdem ein Besuch einer Muay Thai Veranstaltungen in einer der Stadien an. Im Lumpini- als auch im Ratchadamnoen-Stadion finden regelm\u00e4\u00dfig Thaibox Veranstaltungen der besten K\u00e4mpfer Thailands statt.<br \/>\nIn den Strassen Bangkoks kommen auch diejenigen auf ihre Kosten, die mal wieder richtig sch\u00f6n einkaufen wollen. Neben Obst, Gem\u00fcse, Holzschnitzereien und Souvenirs, sind vor allem Textilien und Silber- sowie Bronze-Artikel hier g\u00fcnstig angeboten. Aber hier gilt, was t\u00e4uschend echt aussieht ist meist eine gut gelungene Kopie des Originals. Insbesondere da auch der Handel mit Antiquit\u00e4ten in Thailand nicht erlaubt ist, finden sie hier traditionelle Handarbeiten zu niedrigen Preisen.<br \/>\nWer nun vom Sightseeing und Einkaufen hungrig geworden ist, der findet in den unz\u00e4hligen Gark\u00fcchen, die \u00fcberall in Bangkok zu finden sind, eine g\u00fcnstige und schmackhafte Anlaufstelle. Alternativ finden Sie am Ufer des Chao Phraya eine gro\u00dfe Anzahl guter und hygienischer Restaurants. Auch viele Hotels bieten Buffets zu fairen Preisen an. Hier werden auch international Gaumenfreuden serviert.<br \/>\nKlima in der Region Bangkok<\/p>","protected":false},"excerpt":{"rendered":"<p>Bangkok ist seit 1782 die Hauptstadt des K\u00f6nigreichs Thailand. Mit knapp 8 Millionen Einwohner ist Bangkok auch die gr\u00f6\u00dfte Stadt<\/p>","protected":false},"author":1,"featured_media":0,"parent":375,"menu_order":0,"comment_status":"closed","ping_status":"closed","template":"","meta":{"footnotes":""},"class_list":["post-74","page","type-page","status-publish","hentry"],"yoast_head":"<!-- This site is optimized with the Yoast SEO plugin v20.0 - https:\/\/yoast.com\/wordpress\/plugins\/seo\/ -->\n<title>Bangkok - Thailand Reiseguide<\/title>\n<meta name=\"robots\" content=\"noindex, follow, max-snippet:-1, max-image-preview:large, max-video-preview:-1\" \/>\n<meta property=\"og:locale\" content=\"en_GB\" \/>\n<meta property=\"og:type\" content=\"article\" \/>\n<meta property=\"og:title\" content=\"Bangkok - Thailand Reiseguide\" \/>\n<meta property=\"og:description\" content=\"Bangkok ist seit 1782 die Hauptstadt des K\u00f6nigreichs Thailand. Mit knapp 8 Millionen Einwohner ist Bangkok auch die gr\u00f6\u00dfte Stadt\" \/>\n<meta property=\"og:url\" content=\"https:\/\/www.thailand-reiseguide.de\/en\/zentral-und-west-thailand\/bangkok\/\" \/>\n<meta property=\"og:site_name\" content=\"Thailand Reiseguide\" \/>\n<meta property=\"article:modified_time\" content=\"2023-01-30T17:15:19+00:00\" \/>\n<meta name=\"twitter:card\" content=\"summary_large_image\" \/>\n<meta name=\"twitter:label1\" content=\"Estimated reading time\" \/>\n\t<meta name=\"twitter:data1\" content=\"2 minutes\" \/>\n<script type=\"application\/ld+json\" class=\"yoast-schema-graph\">{\"@context\":\"https:\/\/schema.org\",\"@graph\":[{\"@type\":\"WebPage\",\"@id\":\"https:\/\/www.thailand-reiseguide.de\/zentral-und-west-thailand\/bangkok\/\",\"url\":\"https:\/\/www.thailand-reiseguide.de\/zentral-und-west-thailand\/bangkok\/\",\"name\":\"Bangkok - Thailand Reiseguide\",\"isPartOf\":{\"@id\":\"https:\/\/www.thailand-reiseguide.de\/#website\"},\"datePublished\":\"2017-12-23T19:57:51+00:00\",\"dateModified\":\"2023-01-30T17:15:19+00:00\",\"breadcrumb\":{\"@id\":\"https:\/\/www.thailand-reiseguide.de\/zentral-und-west-thailand\/bangkok\/#breadcrumb\"},\"inLanguage\":\"en-GB\",\"potentialAction\":[{\"@type\":\"ReadAction\",\"target\":[\"https:\/\/www.thailand-reiseguide.de\/zentral-und-west-thailand\/bangkok\/\"]}]},{\"@type\":\"BreadcrumbList\",\"@id\":\"https:\/\/www.thailand-reiseguide.de\/zentral-und-west-thailand\/bangkok\/#breadcrumb\",\"itemListElement\":[{\"@type\":\"ListItem\",\"position\":1,\"name\":\"Home\",\"item\":\"https:\/\/www.thailand-reiseguide.de\/\"},{\"@type\":\"ListItem\",\"position\":2,\"name\":\"Zentral- und West Thailand\",\"item\":\"https:\/\/www.thailand-reiseguide.de\/zentral-und-west-thailand\/\"},{\"@type\":\"ListItem\",\"position\":3,\"name\":\"Bangkok\"}]},{\"@type\":\"WebSite\",\"@id\":\"https:\/\/www.thailand-reiseguide.de\/#website\",\"url\":\"https:\/\/www.thailand-reiseguide.de\/\",\"name\":\"Thailand Reiseguide\",\"description\":\"Dein Reisef\u00fchrer f\u00fcr Thailand\",\"publisher\":{\"@id\":\"https:\/\/www.thailand-reiseguide.de\/#organization\"},\"potentialAction\":[{\"@type\":\"SearchAction\",\"target\":{\"@type\":\"EntryPoint\",\"urlTemplate\":\"https:\/\/www.thailand-reiseguide.de\/?s={search_term_string}\"},\"query-input\":\"required name=search_term_string\"}],\"inLanguage\":\"en-GB\"},{\"@type\":\"Organization\",\"@id\":\"https:\/\/www.thailand-reiseguide.de\/#organization\",\"name\":\"Thailand Reiseguide\",\"url\":\"https:\/\/www.thailand-reiseguide.de\/\",\"logo\":{\"@type\":\"ImageObject\",\"inLanguage\":\"en-GB\",\"@id\":\"https:\/\/www.thailand-reiseguide.de\/#\/schema\/logo\/image\/\",\"url\":\"https:\/\/www.thailand-reiseguide.de\/wp-content\/uploads\/2018\/01\/cropped-Thailand-Reiseguide-Dein-Thailand-Reisef\u00fchrer_.jpg\",\"contentUrl\":\"https:\/\/www.thailand-reiseguide.de\/wp-content\/uploads\/2018\/01\/cropped-Thailand-Reiseguide-Dein-Thailand-Reisef\u00fchrer_.jpg\",\"width\":652,\"height\":102,\"caption\":\"Thailand Reiseguide\"},\"image\":{\"@id\":\"https:\/\/www.thailand-reiseguide.de\/#\/schema\/logo\/image\/\"}}]}<\/script>\n<!-- \/ Yoast SEO plugin. -->","yoast_head_json":{"title":"Bangkok - Thailand Reiseguide","robots":{"index":"noindex","follow":"follow","max-snippet":"max-snippet:-1","max-image-preview":"max-image-preview:large","max-video-preview":"max-video-preview:-1"},"og_locale":"en_GB","og_type":"article","og_title":"Bangkok - Thailand Reiseguide","og_description":"Bangkok ist seit 1782 die Hauptstadt des K\u00f6nigreichs Thailand. Mit knapp 8 Millionen Einwohner ist Bangkok auch die gr\u00f6\u00dfte Stadt","og_url":"https:\/\/www.thailand-reiseguide.de\/en\/zentral-und-west-thailand\/bangkok\/","og_site_name":"Thailand Reiseguide","article_modified_time":"2023-01-30T17:15:19+00:00","twitter_card":"summary_large_image","twitter_misc":{"Estimated reading time":"2 minutes"},"schema":{"@context":"https:\/\/schema.org","@graph":[{"@type":"WebPage","@id":"https:\/\/www.thailand-reiseguide.de\/zentral-und-west-thailand\/bangkok\/","url":"https:\/\/www.thailand-reiseguide.de\/zentral-und-west-thailand\/bangkok\/","name":"Bangkok - Thailand Reiseguide","isPartOf":{"@id":"https:\/\/www.thailand-reiseguide.de\/#website"},"datePublished":"2017-12-23T19:57:51+00:00","dateModified":"2023-01-30T17:15:19+00:00","breadcrumb":{"@id":"https:\/\/www.thailand-reiseguide.de\/zentral-und-west-thailand\/bangkok\/#breadcrumb"},"inLanguage":"en-GB","potentialAction":[{"@type":"ReadAction","target":["https:\/\/www.thailand-reiseguide.de\/zentral-und-west-thailand\/bangkok\/"]}]},{"@type":"BreadcrumbList","@id":"https:\/\/www.thailand-reiseguide.de\/zentral-und-west-thailand\/bangkok\/#breadcrumb","itemListElement":[{"@type":"ListItem","position":1,"name":"Home","item":"https:\/\/www.thailand-reiseguide.de\/"},{"@type":"ListItem","position":2,"name":"Zentral- und West Thailand","item":"https:\/\/www.thailand-reiseguide.de\/zentral-und-west-thailand\/"},{"@type":"ListItem","position":3,"name":"Bangkok"}]},{"@type":"WebSite","@id":"https:\/\/www.thailand-reiseguide.de\/#website","url":"https:\/\/www.thailand-reiseguide.de\/","name":"Thailand Reiseguide","description":"Dein Reisef\u00fchrer f\u00fcr Thailand","publisher":{"@id":"https:\/\/www.thailand-reiseguide.de\/#organization"},"potentialAction":[{"@type":"SearchAction","target":{"@type":"EntryPoint","urlTemplate":"https:\/\/www.thailand-reiseguide.de\/?s={search_term_string}"},"query-input":"required name=search_term_string"}],"inLanguage":"en-GB"},{"@type":"Organization","@id":"https:\/\/www.thailand-reiseguide.de\/#organization","name":"Thailand Reiseguide","url":"https:\/\/www.thailand-reiseguide.de\/","logo":{"@type":"ImageObject","inLanguage":"en-GB","@id":"https:\/\/www.thailand-reiseguide.de\/#\/schema\/logo\/image\/","url":"https:\/\/www.thailand-reiseguide.de\/wp-content\/uploads\/2018\/01\/cropped-Thailand-Reiseguide-Dein-Thailand-Reisef\u00fchrer_.jpg","contentUrl":"https:\/\/www.thailand-reiseguide.de\/wp-content\/uploads\/2018\/01\/cropped-Thailand-Reiseguide-Dein-Thailand-Reisef\u00fchrer_.jpg","width":652,"height":102,"caption":"Thailand Reiseguide"},"image":{"@id":"https:\/\/www.thailand-reiseguide.de\/#\/schema\/logo\/image\/"}}]}},"_links":{"self":[{"href":"https:\/\/www.thailand-reiseguide.de\/en\/wp-json\/wp\/v2\/pages\/74","targetHints":{"allow":["GET"]}}],"collection":[{"href":"https:\/\/www.thailand-reiseguide.de\/en\/wp-json\/wp\/v2\/pages"}],"about":[{"href":"https:\/\/www.thailand-reiseguide.de\/en\/wp-json\/wp\/v2\/types\/page"}],"author":[{"embeddable":true,"href":"https:\/\/www.thailand-reiseguide.de\/en\/wp-json\/wp\/v2\/users\/1"}],"replies":[{"embeddable":true,"href":"https:\/\/www.thailand-reiseguide.de\/en\/wp-json\/wp\/v2\/comments?post=74"}],"version-history":[{"count":1,"href":"https:\/\/www.thailand-reiseguide.de\/en\/wp-json\/wp\/v2\/pages\/74\/revisions"}],"predecessor-version":[{"id":75,"href":"https:\/\/www.thailand-reiseguide.de\/en\/wp-json\/wp\/v2\/pages\/74\/revisions\/75"}],"up":[{"embeddable":true,"href":"https:\/\/www.thailand-reiseguide.de\/en\/wp-json\/wp\/v2\/pages\/375"}],"wp:attachment":[{"href":"https:\/\/www.thailand-reiseguide.de\/en\/wp-json\/wp\/v2\/media?parent=74"}],"curies":[{"name":"wp","href":"https:\/\/api.w.org\/{rel}","templated":true}]}}