{"id":72,"date":"2017-12-23T20:57:27","date_gmt":"2017-12-23T19:57:27","guid":{"rendered":"http:\/\/www.thailand-reiseguide.de\/?page_id=72"},"modified":"2023-02-03T01:16:27","modified_gmt":"2023-02-03T00:16:27","slug":"reiseziele-thailand","status":"publish","type":"page","link":"https:\/\/www.thailand-reiseguide.de\/en\/reiseziele-thailand\/","title":{"rendered":"Reiseziele"},"content":{"rendered":"<p>Thailand ist in f\u00fcnf Regionen unterteilt: Nord-Thailand, Zentral- und West-Thailand, Nordostthailand (Isan), Ost-Thailand und S\u00fcd-Thailand. Jede Region hat ihre eigene einzigartige Kultur, Landschaft und Geschichte.<\/p>\n\n\n\n<p>Nord-Thailand ist bekannt f\u00fcr seine historischen St\u00e4tten, wie den Tempel Wat Phra Singh und den ber\u00fchmten Nachtmarkt von Chiang Mai. Die Region bietet auch ein reiches Angebot an Abenteueraktivit\u00e4ten, wie Trekking und Elefantenreiten, sowie eine faszinierende K\u00fcche, die gekennzeichnet ist von exotischen Gew\u00fcrzen und Fr\u00fcchten.<\/p>\n\n\n\n<p>Zentral- und West-Thailand sind die bev\u00f6lkerungsreichsten Regionen des Landes und beherbergen die Hauptstadt Bangkok. Die Region ist bekannt f\u00fcr seine pr\u00e4chtigen Pal\u00e4ste und Tempel, darunter der Wat Arun und der Wat Phra Kaew, sowie f\u00fcr seine vielf\u00e4ltigen Freizeitangebote, darunter Einkaufsm\u00f6glichkeiten, Nachtclubs und Restaurants.<\/p>\n\n\n\n<p>Nordostthailand (Isan) ist eine l\u00e4ndliche Region, die f\u00fcr ihre einzigartigen Tempel und arch\u00e4ologischen St\u00e4tten, wie das pr\u00e4historische Kulturzentrum Ban Chiang, bekannt ist. Die Region ist auch bekannt f\u00fcr ihre l\u00e4ndliche Kultur und ihre traditionelle K\u00fcche, die gekennzeichnet ist von Gerichten wie Papaya-Salat und Grillspie\u00dfen.<\/p>\n\n\n\n<p>Ost-Thailand ist bekannt f\u00fcr seine malerischen Str\u00e4nde, wie Pattaya und Koh Samui, sowie f\u00fcr seine Wassersportm\u00f6glichkeiten, darunter Tauchen und Angeln. Die Region ist auch bekannt f\u00fcr ihre reiche Kultur und Geschichte, die in Tempeln wie dem Wat Mahathat und dem Wat Phra Si Sanphet zu finden ist.<\/p>\n\n\n\n<p>S\u00fcd-Thailand ist bekannt f\u00fcr seine malerischen Str\u00e4nde und seine unber\u00fchrte Landschaft, die Heimat einer reichen Vielfalt an Flora und Fauna ist. Die Region ist auch bekannt f\u00fcr ihre faszinierende Kultur und Geschichte, die in Tempeln wie dem Wat Khao Tham und dem Wat Chalong zu finden ist.<\/p>\n\n\n\n<p>Thailand umfasst insgesamt 76 Provinzen und bietet Besuchern eine Vielzahl von M\u00f6glichkeiten, die vielf\u00e4ltige Kultur, Geschichte und Landschaft des Landes zu erkunden. Ob Sie sich f\u00fcr die pulsierenden Stra\u00dfen Bangkoks oder die malerischen Str\u00e4nde entscheiden, bleibt jetzt Ihnen \u00fcberlassen.<\/p>\n\n\n\n<div class=\"related-posts-wrapper\">\n <h4 class=\"related-posts-main-title\">\n  <i class=\"fa fa-thumbs-up\"><\/i><span>Wo soll es hingehen?<\/span>\n <\/h4>\n\n<div class=\"related-posts clearfix\">\n\n\t\t\t\t\t\t\t<div class=\"single-related-posts\">\n\n\t\t\t\t\t\n\t\t\t\t\t<div class=\"article-content\">\n\t\t\t\t\t\t<h3 class=\"entry-title\">\n\t\t\t\t\t\t\t<a href=\"https:\/\/www.thailand-reiseguide.de\/en\/von-chiang-mai-nach-pai-eine-kurvenreiche-reise\/\" rel=\"bookmark\" title=\"Von Chiang Mai nach Pai \u2013 eine kurvenreiche Reise\">\n\t\t\t\t\t\t\t\tVon Chiang Mai nach Pai \u2013 eine kurvenreiche Reise\t\t\t\t\t\t\t<\/a>\n\t\t\t\t\t\t<\/h3><!--\/.post-title-->\n\n\t\t\t\t\t\t<div class=\"below-entry-meta\">\n\t\t\t<span class=\"posted-on\"><a href=\"https:\/\/www.thailand-reiseguide.de\/en\/von-chiang-mai-nach-pai-eine-kurvenreiche-reise\/\" title=\"20:44\" rel=\"bookmark\"><i class=\"fa fa-calendar-o\"><\/i> <\/a><\/span>\n\t\t\t<span class=\"byline\">\n\t\t\t\t<span class=\"author vcard\">\n\t\t\t\t\t<i class=\"fa fa-user\"><\/i>\n\t\t\t\t\t<a class=\"url fn n\" href=\"https:\/\/www.thailand-reiseguide.de\/en\/author\/admin\/\" title=\"Chris\">\n\t\t\t\t\t\tChris\t\t\t\t\t<\/a>\n\t\t\t\t<\/span>\n\t\t\t<\/span>\n\n\t\t\t<\/div>\t\t\t\t\t<\/div>\n\n\t\t\t\t<\/div><!--\/.related-->\n\t\t\t\t\t\t\t<div class=\"single-related-posts\">\n\n\t\t\t\t\t\t\t\t\t\t\t<div class=\"related-posts-thumbnail\">\n\t\t\t\t\t\t\t<a href=\"https:\/\/www.thailand-reiseguide.de\/en\/street-market-chiang-mai\/\" title=\"Besuch auf dem Street Market in Chiang Mai\">\n\t\t\t\t\t\t\t\t<img width=\"390\" height=\"205\" src=\"https:\/\/www.thailand-reiseguide.de\/wp-content\/uploads\/2018\/03\/street-market-chiang-mai-390x205.png\" class=\"attachment-colormag-featured-post-medium size-colormag-featured-post-medium wp-post-image\" alt=\"Street Market Chiang Mai\" decoding=\"async\" loading=\"lazy\">\t\t\t\t\t\t\t<\/a>\n\t\t\t\t\t\t<\/div>\n\t\t\t\t\t\n\t\t\t\t\t<div class=\"article-content\">\n\t\t\t\t\t\t<h3 class=\"entry-title\">\n\t\t\t\t\t\t\t<a href=\"https:\/\/www.thailand-reiseguide.de\/en\/street-market-chiang-mai\/\" rel=\"bookmark\" title=\"Besuch auf dem Street Market in Chiang Mai\">\n\t\t\t\t\t\t\t\tBesuch auf dem Street Market in Chiang Mai\t\t\t\t\t\t\t<\/a>\n\t\t\t\t\t\t<\/h3><!--\/.post-title-->\n\n\t\t\t\t\t\t<div class=\"below-entry-meta\">\n\t\t\t<span class=\"posted-on\"><a href=\"https:\/\/www.thailand-reiseguide.de\/en\/street-market-chiang-mai\/\" title=\"16:39\" rel=\"bookmark\"><i class=\"fa fa-calendar-o\"><\/i> <time class=\"entry-date published\" datetime=\"2018-03-01T16:39:09+01:00\">1. M\u00e4rz 2018<\/time><time class=\"updated\" datetime=\"2023-01-30T20:46:09+01:00\">30. Januar 2023<\/time><\/a><\/span>\n\t\t\t<span class=\"byline\">\n\t\t\t\t<span class=\"author vcard\">\n\t\t\t\t\t<i class=\"fa fa-user\"><\/i>\n\t\t\t\t\t<a class=\"url fn n\" href=\"https:\/\/www.thailand-reiseguide.de\/en\/author\/admin\/\" title=\"Chris\">\n\t\t\t\t\t\tChris\t\t\t\t\t<\/a>\n\t\t\t\t<\/span>\n\t\t\t<\/span>\n\n\t\t\t<\/div>\t\t\t\t\t<\/div>\n\n\t\t\t\t<\/div><!--\/.related-->\n\t\t\t\t\t\t\t<div class=\"single-related-posts\">\n\n\t\t\t\t\t\t\t\t\t\t\t<div class=\"related-posts-thumbnail\">\n\t\t\t\t\t\t\t<a href=\"https:\/\/www.thailand-reiseguide.de\/en\/5-gruende-warum-wir-thailand-lieben\/\" title=\"5 gute Gr\u00fcnde warum wir Thailand lieben\">\n\t\t\t\t\t\t\t\t<img width=\"390\" height=\"205\" src=\"https:\/\/www.thailand-reiseguide.de\/wp-content\/uploads\/2018\/02\/gr\u00fcnde-warum-wir-thailand-lieben-390x205.png\" class=\"attachment-colormag-featured-post-medium size-colormag-featured-post-medium wp-post-image\" alt=\"Gr\u00fcnde warum wir Thailand lieben\" decoding=\"async\" loading=\"lazy\">\t\t\t\t\t\t\t<\/a>\n\t\t\t\t\t\t<\/div>\n\t\t\t\t\t\n\t\t\t\t\t<div class=\"article-content\">\n\t\t\t\t\t\t<h3 class=\"entry-title\">\n\t\t\t\t\t\t\t<a href=\"https:\/\/www.thailand-reiseguide.de\/en\/5-gruende-warum-wir-thailand-lieben\/\" rel=\"bookmark\" title=\"5 gute Gr\u00fcnde warum wir Thailand lieben\">\n\t\t\t\t\t\t\t\t5 gute Gr\u00fcnde warum wir Thailand lieben\t\t\t\t\t\t\t<\/a>\n\t\t\t\t\t\t<\/h3><!--\/.post-title-->\n\n\t\t\t\t\t\t<div class=\"below-entry-meta\">\n\t\t\t<span class=\"posted-on\"><a href=\"https:\/\/www.thailand-reiseguide.de\/en\/5-gruende-warum-wir-thailand-lieben\/\" title=\"18:05\" rel=\"bookmark\"><i class=\"fa fa-calendar-o\"><\/i> <time class=\"entry-date published\" datetime=\"2018-02-28T18:05:37+01:00\">28. Februar 2018<\/time><time class=\"updated\" datetime=\"2023-01-30T20:24:38+01:00\">30. Januar 2023<\/time><\/a><\/span>\n\t\t\t<span class=\"byline\">\n\t\t\t\t<span class=\"author vcard\">\n\t\t\t\t\t<i class=\"fa fa-user\"><\/i>\n\t\t\t\t\t<a class=\"url fn n\" href=\"https:\/\/www.thailand-reiseguide.de\/en\/author\/admin\/\" title=\"Chris\">\n\t\t\t\t\t\tChris\t\t\t\t\t<\/a>\n\t\t\t\t<\/span>\n\t\t\t<\/span>\n\n\t\t\t<\/div>\t\t\t\t\t<\/div>\n\n\t\t\t\t<\/div><!--\/.related-->\n\t\t\t\n\t\t<\/div><!--\/.post-related-->\n\n\t<\/div>","protected":false},"excerpt":{"rendered":"<p>Thailand ist in f\u00fcnf Regionen unterteilt: Nord-Thailand, Zentral- und West-Thailand, Nordostthailand (Isan), Ost-Thailand und S\u00fcd-Thailand. Jede Region hat ihre eigene<\/p>","protected":false},"author":1,"featured_media":0,"parent":0,"menu_order":0,"comment_status":"closed","ping_status":"closed","template":"","meta":{"footnotes":""},"class_list":["post-72","page","type-page","status-publish","hentry"],"yoast_head":"<!-- This site is optimized with the Yoast SEO plugin v20.0 - https:\/\/yoast.com\/wordpress\/plugins\/seo\/ -->\n<title>Reiseziele - Thailand Reiseguide<\/title>\n<meta name=\"robots\" content=\"noindex, follow, max-snippet:-1, max-image-preview:large, max-video-preview:-1\" \/>\n<meta property=\"og:locale\" content=\"en_GB\" \/>\n<meta property=\"og:type\" content=\"article\" \/>\n<meta property=\"og:title\" content=\"Reiseziele - Thailand Reiseguide\" \/>\n<meta property=\"og:description\" content=\"Thailand ist in f\u00fcnf Regionen unterteilt: Nord-Thailand, Zentral- und West-Thailand, Nordostthailand (Isan), Ost-Thailand und S\u00fcd-Thailand. Jede Region hat ihre eigene\" \/>\n<meta property=\"og:url\" content=\"https:\/\/www.thailand-reiseguide.de\/en\/reiseziele-thailand\/\" \/>\n<meta property=\"og:site_name\" content=\"Thailand Reiseguide\" \/>\n<meta property=\"article:modified_time\" content=\"2023-02-03T00:16:27+00:00\" \/>\n<meta property=\"og:image\" content=\"https:\/\/www.thailand-reiseguide.de\/wp-content\/uploads\/2018\/03\/street-market-chiang-mai-390x205.png\" \/>\n<meta name=\"twitter:card\" content=\"summary_large_image\" \/>\n<meta name=\"twitter:label1\" content=\"Estimated reading time\" \/>\n\t<meta name=\"twitter:data1\" content=\"3 minutes\" \/>\n<script type=\"application\/ld+json\" class=\"yoast-schema-graph\">{\"@context\":\"https:\/\/schema.org\",\"@graph\":[{\"@type\":\"WebPage\",\"@id\":\"https:\/\/www.thailand-reiseguide.de\/reiseziele-thailand\/\",\"url\":\"https:\/\/www.thailand-reiseguide.de\/reiseziele-thailand\/\",\"name\":\"Reiseziele - Thailand Reiseguide\",\"isPartOf\":{\"@id\":\"https:\/\/www.thailand-reiseguide.de\/#website\"},\"datePublished\":\"2017-12-23T19:57:27+00:00\",\"dateModified\":\"2023-02-03T00:16:27+00:00\",\"breadcrumb\":{\"@id\":\"https:\/\/www.thailand-reiseguide.de\/reiseziele-thailand\/#breadcrumb\"},\"inLanguage\":\"en-GB\",\"potentialAction\":[{\"@type\":\"ReadAction\",\"target\":[\"https:\/\/www.thailand-reiseguide.de\/reiseziele-thailand\/\"]}]},{\"@type\":\"BreadcrumbList\",\"@id\":\"https:\/\/www.thailand-reiseguide.de\/reiseziele-thailand\/#breadcrumb\",\"itemListElement\":[{\"@type\":\"ListItem\",\"position\":1,\"name\":\"Home\",\"item\":\"https:\/\/www.thailand-reiseguide.de\/\"},{\"@type\":\"ListItem\",\"position\":2,\"name\":\"Reiseziele\"}]},{\"@type\":\"WebSite\",\"@id\":\"https:\/\/www.thailand-reiseguide.de\/#website\",\"url\":\"https:\/\/www.thailand-reiseguide.de\/\",\"name\":\"Thailand Reiseguide\",\"description\":\"Dein Reisef\u00fchrer f\u00fcr Thailand\",\"publisher\":{\"@id\":\"https:\/\/www.thailand-reiseguide.de\/#organization\"},\"potentialAction\":[{\"@type\":\"SearchAction\",\"target\":{\"@type\":\"EntryPoint\",\"urlTemplate\":\"https:\/\/www.thailand-reiseguide.de\/?s={search_term_string}\"},\"query-input\":\"required name=search_term_string\"}],\"inLanguage\":\"en-GB\"},{\"@type\":\"Organization\",\"@id\":\"https:\/\/www.thailand-reiseguide.de\/#organization\",\"name\":\"Thailand Reiseguide\",\"url\":\"https:\/\/www.thailand-reiseguide.de\/\",\"logo\":{\"@type\":\"ImageObject\",\"inLanguage\":\"en-GB\",\"@id\":\"https:\/\/www.thailand-reiseguide.de\/#\/schema\/logo\/image\/\",\"url\":\"https:\/\/www.thailand-reiseguide.de\/wp-content\/uploads\/2018\/01\/cropped-Thailand-Reiseguide-Dein-Thailand-Reisef\u00fchrer_.jpg\",\"contentUrl\":\"https:\/\/www.thailand-reiseguide.de\/wp-content\/uploads\/2018\/01\/cropped-Thailand-Reiseguide-Dein-Thailand-Reisef\u00fchrer_.jpg\",\"width\":652,\"height\":102,\"caption\":\"Thailand Reiseguide\"},\"image\":{\"@id\":\"https:\/\/www.thailand-reiseguide.de\/#\/schema\/logo\/image\/\"}}]}<\/script>\n<!-- \/ Yoast SEO plugin. -->","yoast_head_json":{"title":"Reiseziele - Thailand Reiseguide","robots":{"index":"noindex","follow":"follow","max-snippet":"max-snippet:-1","max-image-preview":"max-image-preview:large","max-video-preview":"max-video-preview:-1"},"og_locale":"en_GB","og_type":"article","og_title":"Reiseziele - Thailand Reiseguide","og_description":"Thailand ist in f\u00fcnf Regionen unterteilt: Nord-Thailand, Zentral- und West-Thailand, Nordostthailand (Isan), Ost-Thailand und S\u00fcd-Thailand. Jede Region hat ihre eigene","og_url":"https:\/\/www.thailand-reiseguide.de\/en\/reiseziele-thailand\/","og_site_name":"Thailand Reiseguide","article_modified_time":"2023-02-03T00:16:27+00:00","og_image":[{"url":"https:\/\/www.thailand-reiseguide.de\/wp-content\/uploads\/2018\/03\/street-market-chiang-mai-390x205.png"}],"twitter_card":"summary_large_image","twitter_misc":{"Estimated reading time":"3 minutes"},"schema":{"@context":"https:\/\/schema.org","@graph":[{"@type":"WebPage","@id":"https:\/\/www.thailand-reiseguide.de\/reiseziele-thailand\/","url":"https:\/\/www.thailand-reiseguide.de\/reiseziele-thailand\/","name":"Reiseziele - Thailand Reiseguide","isPartOf":{"@id":"https:\/\/www.thailand-reiseguide.de\/#website"},"datePublished":"2017-12-23T19:57:27+00:00","dateModified":"2023-02-03T00:16:27+00:00","breadcrumb":{"@id":"https:\/\/www.thailand-reiseguide.de\/reiseziele-thailand\/#breadcrumb"},"inLanguage":"en-GB","potentialAction":[{"@type":"ReadAction","target":["https:\/\/www.thailand-reiseguide.de\/reiseziele-thailand\/"]}]},{"@type":"BreadcrumbList","@id":"https:\/\/www.thailand-reiseguide.de\/reiseziele-thailand\/#breadcrumb","itemListElement":[{"@type":"ListItem","position":1,"name":"Home","item":"https:\/\/www.thailand-reiseguide.de\/"},{"@type":"ListItem","position":2,"name":"Reiseziele"}]},{"@type":"WebSite","@id":"https:\/\/www.thailand-reiseguide.de\/#website","url":"https:\/\/www.thailand-reiseguide.de\/","name":"Thailand Reiseguide","description":"Dein Reisef\u00fchrer f\u00fcr Thailand","publisher":{"@id":"https:\/\/www.thailand-reiseguide.de\/#organization"},"potentialAction":[{"@type":"SearchAction","target":{"@type":"EntryPoint","urlTemplate":"https:\/\/www.thailand-reiseguide.de\/?s={search_term_string}"},"query-input":"required name=search_term_string"}],"inLanguage":"en-GB"},{"@type":"Organization","@id":"https:\/\/www.thailand-reiseguide.de\/#organization","name":"Thailand Reiseguide","url":"https:\/\/www.thailand-reiseguide.de\/","logo":{"@type":"ImageObject","inLanguage":"en-GB","@id":"https:\/\/www.thailand-reiseguide.de\/#\/schema\/logo\/image\/","url":"https:\/\/www.thailand-reiseguide.de\/wp-content\/uploads\/2018\/01\/cropped-Thailand-Reiseguide-Dein-Thailand-Reisef\u00fchrer_.jpg","contentUrl":"https:\/\/www.thailand-reiseguide.de\/wp-content\/uploads\/2018\/01\/cropped-Thailand-Reiseguide-Dein-Thailand-Reisef\u00fchrer_.jpg","width":652,"height":102,"caption":"Thailand Reiseguide"},"image":{"@id":"https:\/\/www.thailand-reiseguide.de\/#\/schema\/logo\/image\/"}}]}},"_links":{"self":[{"href":"https:\/\/www.thailand-reiseguide.de\/en\/wp-json\/wp\/v2\/pages\/72","targetHints":{"allow":["GET"]}}],"collection":[{"href":"https:\/\/www.thailand-reiseguide.de\/en\/wp-json\/wp\/v2\/pages"}],"about":[{"href":"https:\/\/www.thailand-reiseguide.de\/en\/wp-json\/wp\/v2\/types\/page"}],"author":[{"embeddable":true,"href":"https:\/\/www.thailand-reiseguide.de\/en\/wp-json\/wp\/v2\/users\/1"}],"replies":[{"embeddable":true,"href":"https:\/\/www.thailand-reiseguide.de\/en\/wp-json\/wp\/v2\/comments?post=72"}],"version-history":[{"count":13,"href":"https:\/\/www.thailand-reiseguide.de\/en\/wp-json\/wp\/v2\/pages\/72\/revisions"}],"predecessor-version":[{"id":472,"href":"https:\/\/www.thailand-reiseguide.de\/en\/wp-json\/wp\/v2\/pages\/72\/revisions\/472"}],"wp:attachment":[{"href":"https:\/\/www.thailand-reiseguide.de\/en\/wp-json\/wp\/v2\/media?parent=72"}],"curies":[{"name":"wp","href":"https:\/\/api.w.org\/{rel}","templated":true}]}}