{"id":60,"date":"2017-12-23T20:54:57","date_gmt":"2017-12-23T19:54:57","guid":{"rendered":"http:\/\/www.thailand-reiseguide.de\/?page_id=60"},"modified":"2017-12-23T23:49:39","modified_gmt":"2017-12-23T22:49:39","slug":"sportklettern-in-thailand","status":"publish","type":"page","link":"https:\/\/www.thailand-reiseguide.de\/en\/sportklettern-in-thailand\/","title":{"rendered":"Sportklettern"},"content":{"rendered":"<p>Thailand ist ein vielf\u00e4ltiges Reiseland, welches mit genialen Landschaften verzaubert. Touristisch ist Thailand das besterschlossene Land in S\u00fcdostasien. Kletterfreunde finden insbesondere im S\u00fcden des K\u00f6nigreiches Thailand traumhafte Klettergebiete, welche fast vollst\u00e4ndig vom 28 bis 30 Grad warmen Meer umgeben sind. Die Gebirgsregionen und zahlreichen Inseln in S\u00fcdostasien bestehen meist aus solidem Kalkgestein, woraus sich in den zum Teil schroffen Bergregionen ideale M\u00f6glichkeiten zum Felsklettern bieten. Daher haben sich an vielen touristischen Zentren Sportklettergebiete etabliert. Das abwechslungsreiche Land bietet f\u00fcr einen Thailand Urlaub alles, was das Herz begehrt. Daher ist der Thailand Urlaub ebenso als Badeurlaub oder Seereise sehr empfehlenswert.<\/p>\n<p>Krabi, an der Westk\u00fcste Thailands zur Andamanensee und an einer Bucht gegen\u00fcber der Insel Phuket gelegen, bildet dabei das Herz des Klettersports in Thailand. Die Gegend um Krabi erlangte bereits einige Ber\u00fchmtheit mit dem Hollywood Film The Beach, der 1998 auf Koh Phi Phi Leh an der Maya Bay gedreht wurde. Ber\u00fchmt ist auch die James Bond Island, bei Phang Nga das in etwa 1-2 Stunden von Krabi Town entfernt liegt. Per Boot gelangt man auch zu den beiden, bei Kletterfreunden beliebten Nachbarstr\u00e4nden Tonsai Beach und Railay Beach. Hier er\u00f6ffnen sich dem Besucher, Kletterrouten allen Schwierigkeitsgraden. Auch haben sich hier eine gro\u00dfe Anzahl an Kletterschulen angesiedelt, die auch dem Kletterneuling den Einstieg in die Wand n\u00e4herbringen. Die Kletterausr\u00fcstung kann man dann selbstverst\u00e4ndlich auch vorort ausleihen.<\/p>","protected":false},"excerpt":{"rendered":"<p>Thailand ist ein vielf\u00e4ltiges Reiseland, welches mit genialen Landschaften verzaubert. Touristisch ist Thailand das besterschlossene Land in S\u00fcdostasien. Kletterfreunde finden<\/p>","protected":false},"author":1,"featured_media":0,"parent":0,"menu_order":0,"comment_status":"closed","ping_status":"closed","template":"","meta":{"footnotes":""},"class_list":["post-60","page","type-page","status-publish","hentry"],"yoast_head":"<!-- This site is optimized with the Yoast SEO plugin v20.0 - https:\/\/yoast.com\/wordpress\/plugins\/seo\/ -->\n<title>Sportklettern - Thailand Reiseguide<\/title>\n<meta name=\"robots\" content=\"noindex, follow, max-snippet:-1, max-image-preview:large, max-video-preview:-1\" \/>\n<meta property=\"og:locale\" content=\"en_GB\" \/>\n<meta property=\"og:type\" content=\"article\" \/>\n<meta property=\"og:title\" content=\"Sportklettern - Thailand Reiseguide\" \/>\n<meta property=\"og:description\" content=\"Thailand ist ein vielf\u00e4ltiges Reiseland, welches mit genialen Landschaften verzaubert. Touristisch ist Thailand das besterschlossene Land in S\u00fcdostasien. Kletterfreunde finden\" \/>\n<meta property=\"og:url\" content=\"https:\/\/www.thailand-reiseguide.de\/en\/sportklettern-in-thailand\/\" \/>\n<meta property=\"og:site_name\" content=\"Thailand Reiseguide\" \/>\n<meta property=\"article:modified_time\" content=\"2017-12-23T22:49:39+00:00\" \/>\n<meta name=\"twitter:card\" content=\"summary_large_image\" \/>\n<meta name=\"twitter:label1\" content=\"Estimated reading time\" \/>\n\t<meta name=\"twitter:data1\" content=\"1 minute\" \/>\n<script type=\"application\/ld+json\" class=\"yoast-schema-graph\">{\"@context\":\"https:\/\/schema.org\",\"@graph\":[{\"@type\":\"WebPage\",\"@id\":\"https:\/\/www.thailand-reiseguide.de\/sportklettern-in-thailand\/\",\"url\":\"https:\/\/www.thailand-reiseguide.de\/sportklettern-in-thailand\/\",\"name\":\"Sportklettern - Thailand Reiseguide\",\"isPartOf\":{\"@id\":\"https:\/\/www.thailand-reiseguide.de\/#website\"},\"datePublished\":\"2017-12-23T19:54:57+00:00\",\"dateModified\":\"2017-12-23T22:49:39+00:00\",\"breadcrumb\":{\"@id\":\"https:\/\/www.thailand-reiseguide.de\/sportklettern-in-thailand\/#breadcrumb\"},\"inLanguage\":\"en-GB\",\"potentialAction\":[{\"@type\":\"ReadAction\",\"target\":[\"https:\/\/www.thailand-reiseguide.de\/sportklettern-in-thailand\/\"]}]},{\"@type\":\"BreadcrumbList\",\"@id\":\"https:\/\/www.thailand-reiseguide.de\/sportklettern-in-thailand\/#breadcrumb\",\"itemListElement\":[{\"@type\":\"ListItem\",\"position\":1,\"name\":\"Home\",\"item\":\"https:\/\/www.thailand-reiseguide.de\/\"},{\"@type\":\"ListItem\",\"position\":2,\"name\":\"Sportklettern\"}]},{\"@type\":\"WebSite\",\"@id\":\"https:\/\/www.thailand-reiseguide.de\/#website\",\"url\":\"https:\/\/www.thailand-reiseguide.de\/\",\"name\":\"Thailand Reiseguide\",\"description\":\"Dein Reisef\u00fchrer f\u00fcr Thailand\",\"publisher\":{\"@id\":\"https:\/\/www.thailand-reiseguide.de\/#organization\"},\"potentialAction\":[{\"@type\":\"SearchAction\",\"target\":{\"@type\":\"EntryPoint\",\"urlTemplate\":\"https:\/\/www.thailand-reiseguide.de\/?s={search_term_string}\"},\"query-input\":\"required name=search_term_string\"}],\"inLanguage\":\"en-GB\"},{\"@type\":\"Organization\",\"@id\":\"https:\/\/www.thailand-reiseguide.de\/#organization\",\"name\":\"Thailand Reiseguide\",\"url\":\"https:\/\/www.thailand-reiseguide.de\/\",\"logo\":{\"@type\":\"ImageObject\",\"inLanguage\":\"en-GB\",\"@id\":\"https:\/\/www.thailand-reiseguide.de\/#\/schema\/logo\/image\/\",\"url\":\"https:\/\/www.thailand-reiseguide.de\/wp-content\/uploads\/2018\/01\/cropped-Thailand-Reiseguide-Dein-Thailand-Reisef\u00fchrer_.jpg\",\"contentUrl\":\"https:\/\/www.thailand-reiseguide.de\/wp-content\/uploads\/2018\/01\/cropped-Thailand-Reiseguide-Dein-Thailand-Reisef\u00fchrer_.jpg\",\"width\":652,\"height\":102,\"caption\":\"Thailand Reiseguide\"},\"image\":{\"@id\":\"https:\/\/www.thailand-reiseguide.de\/#\/schema\/logo\/image\/\"}}]}<\/script>\n<!-- \/ Yoast SEO plugin. -->","yoast_head_json":{"title":"Sportklettern - Thailand Reiseguide","robots":{"index":"noindex","follow":"follow","max-snippet":"max-snippet:-1","max-image-preview":"max-image-preview:large","max-video-preview":"max-video-preview:-1"},"og_locale":"en_GB","og_type":"article","og_title":"Sportklettern - Thailand Reiseguide","og_description":"Thailand ist ein vielf\u00e4ltiges Reiseland, welches mit genialen Landschaften verzaubert. Touristisch ist Thailand das besterschlossene Land in S\u00fcdostasien. Kletterfreunde finden","og_url":"https:\/\/www.thailand-reiseguide.de\/en\/sportklettern-in-thailand\/","og_site_name":"Thailand Reiseguide","article_modified_time":"2017-12-23T22:49:39+00:00","twitter_card":"summary_large_image","twitter_misc":{"Estimated reading time":"1 minute"},"schema":{"@context":"https:\/\/schema.org","@graph":[{"@type":"WebPage","@id":"https:\/\/www.thailand-reiseguide.de\/sportklettern-in-thailand\/","url":"https:\/\/www.thailand-reiseguide.de\/sportklettern-in-thailand\/","name":"Sportklettern - Thailand Reiseguide","isPartOf":{"@id":"https:\/\/www.thailand-reiseguide.de\/#website"},"datePublished":"2017-12-23T19:54:57+00:00","dateModified":"2017-12-23T22:49:39+00:00","breadcrumb":{"@id":"https:\/\/www.thailand-reiseguide.de\/sportklettern-in-thailand\/#breadcrumb"},"inLanguage":"en-GB","potentialAction":[{"@type":"ReadAction","target":["https:\/\/www.thailand-reiseguide.de\/sportklettern-in-thailand\/"]}]},{"@type":"BreadcrumbList","@id":"https:\/\/www.thailand-reiseguide.de\/sportklettern-in-thailand\/#breadcrumb","itemListElement":[{"@type":"ListItem","position":1,"name":"Home","item":"https:\/\/www.thailand-reiseguide.de\/"},{"@type":"ListItem","position":2,"name":"Sportklettern"}]},{"@type":"WebSite","@id":"https:\/\/www.thailand-reiseguide.de\/#website","url":"https:\/\/www.thailand-reiseguide.de\/","name":"Thailand Reiseguide","description":"Dein Reisef\u00fchrer f\u00fcr Thailand","publisher":{"@id":"https:\/\/www.thailand-reiseguide.de\/#organization"},"potentialAction":[{"@type":"SearchAction","target":{"@type":"EntryPoint","urlTemplate":"https:\/\/www.thailand-reiseguide.de\/?s={search_term_string}"},"query-input":"required name=search_term_string"}],"inLanguage":"en-GB"},{"@type":"Organization","@id":"https:\/\/www.thailand-reiseguide.de\/#organization","name":"Thailand Reiseguide","url":"https:\/\/www.thailand-reiseguide.de\/","logo":{"@type":"ImageObject","inLanguage":"en-GB","@id":"https:\/\/www.thailand-reiseguide.de\/#\/schema\/logo\/image\/","url":"https:\/\/www.thailand-reiseguide.de\/wp-content\/uploads\/2018\/01\/cropped-Thailand-Reiseguide-Dein-Thailand-Reisef\u00fchrer_.jpg","contentUrl":"https:\/\/www.thailand-reiseguide.de\/wp-content\/uploads\/2018\/01\/cropped-Thailand-Reiseguide-Dein-Thailand-Reisef\u00fchrer_.jpg","width":652,"height":102,"caption":"Thailand Reiseguide"},"image":{"@id":"https:\/\/www.thailand-reiseguide.de\/#\/schema\/logo\/image\/"}}]}},"_links":{"self":[{"href":"https:\/\/www.thailand-reiseguide.de\/en\/wp-json\/wp\/v2\/pages\/60","targetHints":{"allow":["GET"]}}],"collection":[{"href":"https:\/\/www.thailand-reiseguide.de\/en\/wp-json\/wp\/v2\/pages"}],"about":[{"href":"https:\/\/www.thailand-reiseguide.de\/en\/wp-json\/wp\/v2\/types\/page"}],"author":[{"embeddable":true,"href":"https:\/\/www.thailand-reiseguide.de\/en\/wp-json\/wp\/v2\/users\/1"}],"replies":[{"embeddable":true,"href":"https:\/\/www.thailand-reiseguide.de\/en\/wp-json\/wp\/v2\/comments?post=60"}],"version-history":[{"count":2,"href":"https:\/\/www.thailand-reiseguide.de\/en\/wp-json\/wp\/v2\/pages\/60\/revisions"}],"predecessor-version":[{"id":158,"href":"https:\/\/www.thailand-reiseguide.de\/en\/wp-json\/wp\/v2\/pages\/60\/revisions\/158"}],"wp:attachment":[{"href":"https:\/\/www.thailand-reiseguide.de\/en\/wp-json\/wp\/v2\/media?parent=60"}],"curies":[{"name":"wp","href":"https:\/\/api.w.org\/{rel}","templated":true}]}}