{"id":56,"date":"2017-12-23T20:53:43","date_gmt":"2017-12-23T19:53:43","guid":{"rendered":"http:\/\/www.thailand-reiseguide.de\/?page_id=56"},"modified":"2023-01-30T17:42:25","modified_gmt":"2023-01-30T16:42:25","slug":"thaiboxen-muay-thai","status":"publish","type":"page","link":"https:\/\/www.thailand-reiseguide.de\/en\/thaiboxen-muay-thai\/","title":{"rendered":"Thaiboxen Muay Thai"},"content":{"rendered":"<p>Boran<br \/>\nMuay Thai &#8211; Ein sportliches Erlebnis<br \/>\nEgal in welche Stadt Sie kommen, Thaiboxen (Muay Thai) ist Thailands Nationalsport Nummer 1. Mit Einf\u00fchrung von Regeln in der Zeit nach dem Zweiten Weltkrieg, erlangte die eher als Schl\u00e4gersport verschrieene Vollkontaktsportart immer mehr an Bedeutung und Anerkennung. Aus den weltweit unz\u00e4hligen, unabh\u00e4ngigen Verb\u00e4nden entstand 1995 auf Beschluss der thail\u00e4ndischen Regierung der World Muay Thai Council (WMC), dem seither alle Muay Thai Verb\u00e4nde weltweit unterstehen.<\/p>\n<p>Kickboxen im Khao Lak Boxing Stadium<br \/>\nF\u00fcr nicht allzu Zartbeseitete empfiehlt sich ein Besuch einer Thaibox-Veranstaltung. Meist k\u00fcndigen die Promoter, meist sehr lautstark, bereits Nachmittags an, wo und wann ein allabendliches oder w\u00f6chentliches Muay Thai Event stattfindet. Eintrittspreise f\u00fcr die Veranstaltung varriieren stark. In manchen Tozristenorten zahlen Touristen meist ein Vielfaches gegen\u00fcber Einheimischen. Hier liegen Preise meist bei 250 bis 1000 Baht (6,50 \u20ac &#8211; 25 \u20ac). In anderen Orten und St\u00e4dten, wie z.B. Pattaya kann man auch kostenlose K\u00e4mpfe genie\u00dfen und zahlt daf\u00fcr etwas mehr f\u00fcr die Getr\u00e4nke.<br \/>\nLohnenswert ist ein solcher Abend f\u00fcr alle die, die ein St\u00fcck traditionelles Thailand kennenlernen wollen. Die Stimmung in den meist brechend vollen Boxing Stadien, die hyphnotische Musik des Muay Thai und das Wettfieber der Einheimischen machen ein Besuch eines Thaiboxing Events zu einem unvergesslichen, sportlichen und kulturellen Event auf jeder Thailand Reise.<\/p>\n<p><iframe loading=\"lazy\" src=\"https:\/\/www.youtube.com\/embed\/eBkl5fB8vDE\" width=\"800\" height=\"450\" frameborder=\"0\" allowfullscreen=\"allowfullscreen\"><\/iframe><\/p>\n<p>Muay Thai Techniken<br \/>\nMuay Thai oder Thaiboxen ist eine waffenlose Kampfkunst und eine der \u00e4ltesten Kampfk\u00fcnste der Welt. Erlaubt sind der Einsatz von Beinen, F\u00e4usten und Ellbogen. Das Muay Thai geht hervor aus traditionellen Kampfk\u00fcnsten bei denen auch Schwert oder Speer benutzt wurden. Beim klassischen Muay Thai Boran (boran = traditionell, alt) werden beim K\u00e4mpfen auch unterschiedliche Waffen eingesetzt.<br \/>\nKao &#8211; Knietechniken<br \/>\nAnders als bei s\u00e4mtlichen anderen asiatischen Kampfsportarten ist im Thaiboxen (Muay Thai) der Einsatz des Knies erlaubt. Die Knietechnik ist eine oft angewandte und sehr effektive Technik, da richtig platziert, sehr harte Attacken m\u00f6glich sind. Oftmals im Clinch angewandt, kommt es hier auch auf die Grifftechnik an, um einen Kniesto\u00df effektiv durchzubringen und sich auch selber vor einem Angriff zu sch\u00fctzen. Dabei darf der Gegner am Oberschenkel, Kopf und dem K\u00f6rper angegriffen werden.<br \/>\nMad &#8211; Fausttechniken<br \/>\nAuch die Fausttechniken, die im Muay Thai angewandt werden sind sehr effektiv und f\u00fchren oftmals zum K.O. Sieg \u00fcber den Gegner. Anders als beim westlichen Boxen, darf im Thaiboxen auch der gedrehte R\u00fcckw\u00e4rtsfaustschlag angewandt werden. Der Angreifer darf allerdings auch hier nicht seine Deckung vergessen. Auch werden selten Einzelschl\u00e4ge angewandt, sondern in der Regel Schlagserien.<br \/>\nSok &#8211; Ellenbogentechniken<br \/>\nDie gef\u00e4hrlichste Technik im Muay Thai sind Ellenbogenschl\u00e4ge. Dies erm\u00f6glicht auch vom K\u00f6rperbau her schw\u00e4cheren Personen sehr harte und gef\u00e4hrliche Schl\u00e4ge auszuf\u00fchren. Es gibt dabei 8 Grundellenbogentechniken und daraus weiterentwickelt zahlreiche weitere Ellenbogenst\u00f6\u00dfe. Da Schl\u00e4ge mit dem Ellenbogen, meist an den Kopf des Gegners oftmals zum direkten K.O. f\u00fchren, ist eine gute Technik unabdingbar. Hierauf verwenden Thai-Boxer einen Gro\u00dfteil ihrer Trainingszeit.<\/p>\n<p><script async=\"\" src=\"\/\/pagead2.googlesyndication.com\/pagead\/js\/adsbygoogle.js\"><\/script><br \/>\n<!-- thailand-reiseguide.de --><br \/>\n<ins class=\"adsbygoogle\" style=\"display:block\" data-ad-client=\"ca-pub-9793281407975347\" data-ad-slot=\"4797486605\" data-ad-format=\"auto\"><\/ins><br \/>\n<script><br \/>\n(adsbygoogle = window.adsbygoogle || []).push({});<br \/>\n<\/script><\/p>\n<p>Anzeige<\/p>\n<p>Theep \/ Dae &#8211; Beintechniken<br \/>\nAuch die Beintechniken unterscheiden sich von anderen asiatischen Kampfk\u00fcnsten. Man spricht im Muay Thai von sogenannten durchsto\u00dfenden Techniken, weil nicht nur die Kraft aus dem Bein genutzt wird, sondern die Bewegung und Kraft aus dem ganzen K\u00f6rper in den Beinsto\u00df flie\u00dfen. Man versucht somit im warsten Sinne des Wortes durch den Gegner durch zu treten. Sehr schnell und effektiv sind Beinst\u00f6\u00dfe daher, weil sie keinen langen Weg zum K\u00f6rper des Gegners haben. Neben dem Lowkick, der am h\u00e4ufigsten verwendeten Beintechnik, gibt es auch noch gesprungene Fu\u00dftritte zum K\u00f6rper oder zum Kopf.<br \/>\nClinch<br \/>\nIm Gegensatz zum westlichen Boxen ist das Clinchen im Thaiboxen erlaubt und wird nicht vom Kampfrichter unterbrochen. Das Clinchen ist dabei sehr anstrengend und kr\u00e4fteraubend und wir meist begleitet von gegenseitigen Knie- und Ellenbogenschl\u00e4gen. Das Clinchen besteht wie beim Ringen auch aus verschiedenen Griffen, die es den K\u00e4mpfern erlauben den Gegener einerseits zu fixieren und dabei Platz f\u00fcr Schl\u00e4ge und Tritte lassen.<\/p>","protected":false},"excerpt":{"rendered":"<p>Boran Muay Thai &#8211; Ein sportliches Erlebnis Egal in welche Stadt Sie kommen, Thaiboxen (Muay Thai) ist Thailands Nationalsport Nummer<\/p>","protected":false},"author":1,"featured_media":0,"parent":0,"menu_order":0,"comment_status":"closed","ping_status":"closed","template":"","meta":{"footnotes":""},"class_list":["post-56","page","type-page","status-publish","hentry"],"yoast_head":"<!-- This site is optimized with the Yoast SEO plugin v20.0 - https:\/\/yoast.com\/wordpress\/plugins\/seo\/ -->\n<title>Thaiboxen Muay Thai - Thailand Reiseguide<\/title>\n<meta name=\"robots\" content=\"noindex, follow, max-snippet:-1, max-image-preview:large, max-video-preview:-1\" \/>\n<meta property=\"og:locale\" content=\"en_GB\" \/>\n<meta property=\"og:type\" content=\"article\" \/>\n<meta property=\"og:title\" content=\"Thaiboxen Muay Thai - Thailand Reiseguide\" \/>\n<meta property=\"og:description\" content=\"Boran Muay Thai &#8211; Ein sportliches Erlebnis Egal in welche Stadt Sie kommen, Thaiboxen (Muay Thai) ist Thailands Nationalsport Nummer\" \/>\n<meta property=\"og:url\" content=\"https:\/\/www.thailand-reiseguide.de\/en\/thaiboxen-muay-thai\/\" \/>\n<meta property=\"og:site_name\" content=\"Thailand Reiseguide\" \/>\n<meta property=\"article:modified_time\" content=\"2023-01-30T16:42:25+00:00\" \/>\n<meta name=\"twitter:card\" content=\"summary_large_image\" \/>\n<script type=\"application\/ld+json\" class=\"yoast-schema-graph\">{\"@context\":\"https:\/\/schema.org\",\"@graph\":[{\"@type\":\"WebPage\",\"@id\":\"https:\/\/www.thailand-reiseguide.de\/thaiboxen-muay-thai\/\",\"url\":\"https:\/\/www.thailand-reiseguide.de\/thaiboxen-muay-thai\/\",\"name\":\"Thaiboxen Muay Thai - Thailand Reiseguide\",\"isPartOf\":{\"@id\":\"https:\/\/www.thailand-reiseguide.de\/#website\"},\"datePublished\":\"2017-12-23T19:53:43+00:00\",\"dateModified\":\"2023-01-30T16:42:25+00:00\",\"breadcrumb\":{\"@id\":\"https:\/\/www.thailand-reiseguide.de\/thaiboxen-muay-thai\/#breadcrumb\"},\"inLanguage\":\"en-GB\",\"potentialAction\":[{\"@type\":\"ReadAction\",\"target\":[\"https:\/\/www.thailand-reiseguide.de\/thaiboxen-muay-thai\/\"]}]},{\"@type\":\"BreadcrumbList\",\"@id\":\"https:\/\/www.thailand-reiseguide.de\/thaiboxen-muay-thai\/#breadcrumb\",\"itemListElement\":[{\"@type\":\"ListItem\",\"position\":1,\"name\":\"Home\",\"item\":\"https:\/\/www.thailand-reiseguide.de\/\"},{\"@type\":\"ListItem\",\"position\":2,\"name\":\"Thaiboxen Muay Thai\"}]},{\"@type\":\"WebSite\",\"@id\":\"https:\/\/www.thailand-reiseguide.de\/#website\",\"url\":\"https:\/\/www.thailand-reiseguide.de\/\",\"name\":\"Thailand Reiseguide\",\"description\":\"Dein Reisef\u00fchrer f\u00fcr Thailand\",\"publisher\":{\"@id\":\"https:\/\/www.thailand-reiseguide.de\/#organization\"},\"potentialAction\":[{\"@type\":\"SearchAction\",\"target\":{\"@type\":\"EntryPoint\",\"urlTemplate\":\"https:\/\/www.thailand-reiseguide.de\/?s={search_term_string}\"},\"query-input\":\"required name=search_term_string\"}],\"inLanguage\":\"en-GB\"},{\"@type\":\"Organization\",\"@id\":\"https:\/\/www.thailand-reiseguide.de\/#organization\",\"name\":\"Thailand Reiseguide\",\"url\":\"https:\/\/www.thailand-reiseguide.de\/\",\"logo\":{\"@type\":\"ImageObject\",\"inLanguage\":\"en-GB\",\"@id\":\"https:\/\/www.thailand-reiseguide.de\/#\/schema\/logo\/image\/\",\"url\":\"https:\/\/www.thailand-reiseguide.de\/wp-content\/uploads\/2018\/01\/cropped-Thailand-Reiseguide-Dein-Thailand-Reisef\u00fchrer_.jpg\",\"contentUrl\":\"https:\/\/www.thailand-reiseguide.de\/wp-content\/uploads\/2018\/01\/cropped-Thailand-Reiseguide-Dein-Thailand-Reisef\u00fchrer_.jpg\",\"width\":652,\"height\":102,\"caption\":\"Thailand Reiseguide\"},\"image\":{\"@id\":\"https:\/\/www.thailand-reiseguide.de\/#\/schema\/logo\/image\/\"}}]}<\/script>\n<!-- \/ Yoast SEO plugin. -->","yoast_head_json":{"title":"Thaiboxen Muay Thai - Thailand Reiseguide","robots":{"index":"noindex","follow":"follow","max-snippet":"max-snippet:-1","max-image-preview":"max-image-preview:large","max-video-preview":"max-video-preview:-1"},"og_locale":"en_GB","og_type":"article","og_title":"Thaiboxen Muay Thai - Thailand Reiseguide","og_description":"Boran Muay Thai &#8211; Ein sportliches Erlebnis Egal in welche Stadt Sie kommen, Thaiboxen (Muay Thai) ist Thailands Nationalsport Nummer","og_url":"https:\/\/www.thailand-reiseguide.de\/en\/thaiboxen-muay-thai\/","og_site_name":"Thailand Reiseguide","article_modified_time":"2023-01-30T16:42:25+00:00","twitter_card":"summary_large_image","schema":{"@context":"https:\/\/schema.org","@graph":[{"@type":"WebPage","@id":"https:\/\/www.thailand-reiseguide.de\/thaiboxen-muay-thai\/","url":"https:\/\/www.thailand-reiseguide.de\/thaiboxen-muay-thai\/","name":"Thaiboxen Muay Thai - Thailand Reiseguide","isPartOf":{"@id":"https:\/\/www.thailand-reiseguide.de\/#website"},"datePublished":"2017-12-23T19:53:43+00:00","dateModified":"2023-01-30T16:42:25+00:00","breadcrumb":{"@id":"https:\/\/www.thailand-reiseguide.de\/thaiboxen-muay-thai\/#breadcrumb"},"inLanguage":"en-GB","potentialAction":[{"@type":"ReadAction","target":["https:\/\/www.thailand-reiseguide.de\/thaiboxen-muay-thai\/"]}]},{"@type":"BreadcrumbList","@id":"https:\/\/www.thailand-reiseguide.de\/thaiboxen-muay-thai\/#breadcrumb","itemListElement":[{"@type":"ListItem","position":1,"name":"Home","item":"https:\/\/www.thailand-reiseguide.de\/"},{"@type":"ListItem","position":2,"name":"Thaiboxen Muay Thai"}]},{"@type":"WebSite","@id":"https:\/\/www.thailand-reiseguide.de\/#website","url":"https:\/\/www.thailand-reiseguide.de\/","name":"Thailand Reiseguide","description":"Dein Reisef\u00fchrer f\u00fcr Thailand","publisher":{"@id":"https:\/\/www.thailand-reiseguide.de\/#organization"},"potentialAction":[{"@type":"SearchAction","target":{"@type":"EntryPoint","urlTemplate":"https:\/\/www.thailand-reiseguide.de\/?s={search_term_string}"},"query-input":"required name=search_term_string"}],"inLanguage":"en-GB"},{"@type":"Organization","@id":"https:\/\/www.thailand-reiseguide.de\/#organization","name":"Thailand Reiseguide","url":"https:\/\/www.thailand-reiseguide.de\/","logo":{"@type":"ImageObject","inLanguage":"en-GB","@id":"https:\/\/www.thailand-reiseguide.de\/#\/schema\/logo\/image\/","url":"https:\/\/www.thailand-reiseguide.de\/wp-content\/uploads\/2018\/01\/cropped-Thailand-Reiseguide-Dein-Thailand-Reisef\u00fchrer_.jpg","contentUrl":"https:\/\/www.thailand-reiseguide.de\/wp-content\/uploads\/2018\/01\/cropped-Thailand-Reiseguide-Dein-Thailand-Reisef\u00fchrer_.jpg","width":652,"height":102,"caption":"Thailand Reiseguide"},"image":{"@id":"https:\/\/www.thailand-reiseguide.de\/#\/schema\/logo\/image\/"}}]}},"_links":{"self":[{"href":"https:\/\/www.thailand-reiseguide.de\/en\/wp-json\/wp\/v2\/pages\/56","targetHints":{"allow":["GET"]}}],"collection":[{"href":"https:\/\/www.thailand-reiseguide.de\/en\/wp-json\/wp\/v2\/pages"}],"about":[{"href":"https:\/\/www.thailand-reiseguide.de\/en\/wp-json\/wp\/v2\/types\/page"}],"author":[{"embeddable":true,"href":"https:\/\/www.thailand-reiseguide.de\/en\/wp-json\/wp\/v2\/users\/1"}],"replies":[{"embeddable":true,"href":"https:\/\/www.thailand-reiseguide.de\/en\/wp-json\/wp\/v2\/comments?post=56"}],"version-history":[{"count":10,"href":"https:\/\/www.thailand-reiseguide.de\/en\/wp-json\/wp\/v2\/pages\/56\/revisions"}],"predecessor-version":[{"id":370,"href":"https:\/\/www.thailand-reiseguide.de\/en\/wp-json\/wp\/v2\/pages\/56\/revisions\/370"}],"wp:attachment":[{"href":"https:\/\/www.thailand-reiseguide.de\/en\/wp-json\/wp\/v2\/media?parent=56"}],"curies":[{"name":"wp","href":"https:\/\/api.w.org\/{rel}","templated":true}]}}