{"id":383,"date":"2023-01-30T18:00:55","date_gmt":"2023-01-30T17:00:55","guid":{"rendered":"https:\/\/www.thailand-reiseguide.de\/?page_id=383"},"modified":"2023-01-30T22:49:56","modified_gmt":"2023-01-30T21:49:56","slug":"suedthailand","status":"publish","type":"page","link":"https:\/\/www.thailand-reiseguide.de\/en\/suedthailand\/","title":{"rendered":"S\u00fcdthailand"},"content":{"rendered":"<p>S\u00fcdthailand ist eine beliebte Destination f\u00fcr Touristen aufgrund seiner wundersch\u00f6nen Landschaften, pulsierenden St\u00e4dte und reichen Kultur. Die Region ist bekannt f\u00fcr ihre traumhaften Str\u00e4nde, dichten Regenw\u00e4lder und kristallklaren Gew\u00e4ssern.<\/p>\n\n\n\n<p>Eine der bekanntesten Metropolen in S\u00fcdthailand ist Hat Yai, die drittgr\u00f6\u00dfte Stadt des Landes. Die Stadt ist bekannt f\u00fcr ihre Einkaufsm\u00f6glichkeiten, Nachtm\u00e4rkte und einer lebendigen Essensszene. Eine weitere bedeutende Metropole ist Surat Thani, die als Tor zu den Inseln im Golf von Thailand gilt.<\/p>\n\n\n\n<p>S\u00fcdthailand ist auch f\u00fcr seine reiche Kultur bekannt, insbesondere f\u00fcr seine Traditionen im Bereich Kunst, Musik und Handel. Hier k\u00f6nnen Touristen die traditionelle Kunst Thailands, einschlie\u00dflich Batik, Seidenweberei und Holzschnitzerei, erleben.<\/p>\n\n\n\n<p>Wichtige Informationen f\u00fcr Reisende nach S\u00fcdthailand sind die beste Reisezeit (November bis Februar), g\u00fcnstige Unterk\u00fcnfte und Verkehrsverbindungen (z.B. Flug, Bus, Bahn). Es ist auch wichtig, \u00fcber die lokalen Gesetze und Regeln informiert zu sein, insbesondere in Bezug auf den Schutz von Umwelt und Kultur.<\/p>\n\n\n\n<p>Insgesamt bietet S\u00fcdthailand ein unvergessliches Reiseerlebnis f\u00fcr Touristen. Die Region ist ein faszinierender Teil Thailands, der es wert ist, erkundet zu werden.<\/p>","protected":false},"excerpt":{"rendered":"<p>S\u00fcdthailand ist eine beliebte Destination f\u00fcr Touristen aufgrund seiner wundersch\u00f6nen Landschaften, pulsierenden St\u00e4dte und reichen Kultur. Die Region ist bekannt<\/p>","protected":false},"author":1,"featured_media":0,"parent":0,"menu_order":0,"comment_status":"closed","ping_status":"closed","template":"","meta":{"footnotes":""},"class_list":["post-383","page","type-page","status-publish","hentry"],"yoast_head":"<!-- This site is optimized with the Yoast SEO plugin v20.0 - https:\/\/yoast.com\/wordpress\/plugins\/seo\/ -->\n<title>S\u00fcdthailand - Thailand Reiseguide<\/title>\n<meta name=\"robots\" content=\"noindex, follow, max-snippet:-1, max-image-preview:large, max-video-preview:-1\" \/>\n<meta property=\"og:locale\" content=\"en_GB\" \/>\n<meta property=\"og:type\" content=\"article\" \/>\n<meta property=\"og:title\" content=\"S\u00fcdthailand - Thailand Reiseguide\" \/>\n<meta property=\"og:description\" content=\"S\u00fcdthailand ist eine beliebte Destination f\u00fcr Touristen aufgrund seiner wundersch\u00f6nen Landschaften, pulsierenden St\u00e4dte und reichen Kultur. Die Region ist bekannt\" \/>\n<meta property=\"og:url\" content=\"https:\/\/www.thailand-reiseguide.de\/en\/suedthailand\/\" \/>\n<meta property=\"og:site_name\" content=\"Thailand Reiseguide\" \/>\n<meta property=\"article:modified_time\" content=\"2023-01-30T21:49:56+00:00\" \/>\n<meta name=\"twitter:card\" content=\"summary_large_image\" \/>\n<meta name=\"twitter:label1\" content=\"Estimated reading time\" \/>\n\t<meta name=\"twitter:data1\" content=\"1 minute\" \/>\n<script type=\"application\/ld+json\" class=\"yoast-schema-graph\">{\"@context\":\"https:\/\/schema.org\",\"@graph\":[{\"@type\":\"WebPage\",\"@id\":\"https:\/\/www.thailand-reiseguide.de\/suedthailand\/\",\"url\":\"https:\/\/www.thailand-reiseguide.de\/suedthailand\/\",\"name\":\"S\u00fcdthailand - Thailand Reiseguide\",\"isPartOf\":{\"@id\":\"https:\/\/www.thailand-reiseguide.de\/#website\"},\"datePublished\":\"2023-01-30T17:00:55+00:00\",\"dateModified\":\"2023-01-30T21:49:56+00:00\",\"breadcrumb\":{\"@id\":\"https:\/\/www.thailand-reiseguide.de\/suedthailand\/#breadcrumb\"},\"inLanguage\":\"en-GB\",\"potentialAction\":[{\"@type\":\"ReadAction\",\"target\":[\"https:\/\/www.thailand-reiseguide.de\/suedthailand\/\"]}]},{\"@type\":\"BreadcrumbList\",\"@id\":\"https:\/\/www.thailand-reiseguide.de\/suedthailand\/#breadcrumb\",\"itemListElement\":[{\"@type\":\"ListItem\",\"position\":1,\"name\":\"Home\",\"item\":\"https:\/\/www.thailand-reiseguide.de\/\"},{\"@type\":\"ListItem\",\"position\":2,\"name\":\"S\u00fcdthailand\"}]},{\"@type\":\"WebSite\",\"@id\":\"https:\/\/www.thailand-reiseguide.de\/#website\",\"url\":\"https:\/\/www.thailand-reiseguide.de\/\",\"name\":\"Thailand Reiseguide\",\"description\":\"Dein Reisef\u00fchrer f\u00fcr Thailand\",\"publisher\":{\"@id\":\"https:\/\/www.thailand-reiseguide.de\/#organization\"},\"potentialAction\":[{\"@type\":\"SearchAction\",\"target\":{\"@type\":\"EntryPoint\",\"urlTemplate\":\"https:\/\/www.thailand-reiseguide.de\/?s={search_term_string}\"},\"query-input\":\"required name=search_term_string\"}],\"inLanguage\":\"en-GB\"},{\"@type\":\"Organization\",\"@id\":\"https:\/\/www.thailand-reiseguide.de\/#organization\",\"name\":\"Thailand Reiseguide\",\"url\":\"https:\/\/www.thailand-reiseguide.de\/\",\"logo\":{\"@type\":\"ImageObject\",\"inLanguage\":\"en-GB\",\"@id\":\"https:\/\/www.thailand-reiseguide.de\/#\/schema\/logo\/image\/\",\"url\":\"https:\/\/www.thailand-reiseguide.de\/wp-content\/uploads\/2018\/01\/cropped-Thailand-Reiseguide-Dein-Thailand-Reisef\u00fchrer_.jpg\",\"contentUrl\":\"https:\/\/www.thailand-reiseguide.de\/wp-content\/uploads\/2018\/01\/cropped-Thailand-Reiseguide-Dein-Thailand-Reisef\u00fchrer_.jpg\",\"width\":652,\"height\":102,\"caption\":\"Thailand Reiseguide\"},\"image\":{\"@id\":\"https:\/\/www.thailand-reiseguide.de\/#\/schema\/logo\/image\/\"}}]}<\/script>\n<!-- \/ Yoast SEO plugin. -->","yoast_head_json":{"title":"S\u00fcdthailand - Thailand Reiseguide","robots":{"index":"noindex","follow":"follow","max-snippet":"max-snippet:-1","max-image-preview":"max-image-preview:large","max-video-preview":"max-video-preview:-1"},"og_locale":"en_GB","og_type":"article","og_title":"S\u00fcdthailand - Thailand Reiseguide","og_description":"S\u00fcdthailand ist eine beliebte Destination f\u00fcr Touristen aufgrund seiner wundersch\u00f6nen Landschaften, pulsierenden St\u00e4dte und reichen Kultur. Die Region ist bekannt","og_url":"https:\/\/www.thailand-reiseguide.de\/en\/suedthailand\/","og_site_name":"Thailand Reiseguide","article_modified_time":"2023-01-30T21:49:56+00:00","twitter_card":"summary_large_image","twitter_misc":{"Estimated reading time":"1 minute"},"schema":{"@context":"https:\/\/schema.org","@graph":[{"@type":"WebPage","@id":"https:\/\/www.thailand-reiseguide.de\/suedthailand\/","url":"https:\/\/www.thailand-reiseguide.de\/suedthailand\/","name":"S\u00fcdthailand - Thailand Reiseguide","isPartOf":{"@id":"https:\/\/www.thailand-reiseguide.de\/#website"},"datePublished":"2023-01-30T17:00:55+00:00","dateModified":"2023-01-30T21:49:56+00:00","breadcrumb":{"@id":"https:\/\/www.thailand-reiseguide.de\/suedthailand\/#breadcrumb"},"inLanguage":"en-GB","potentialAction":[{"@type":"ReadAction","target":["https:\/\/www.thailand-reiseguide.de\/suedthailand\/"]}]},{"@type":"BreadcrumbList","@id":"https:\/\/www.thailand-reiseguide.de\/suedthailand\/#breadcrumb","itemListElement":[{"@type":"ListItem","position":1,"name":"Home","item":"https:\/\/www.thailand-reiseguide.de\/"},{"@type":"ListItem","position":2,"name":"S\u00fcdthailand"}]},{"@type":"WebSite","@id":"https:\/\/www.thailand-reiseguide.de\/#website","url":"https:\/\/www.thailand-reiseguide.de\/","name":"Thailand Reiseguide","description":"Dein Reisef\u00fchrer f\u00fcr Thailand","publisher":{"@id":"https:\/\/www.thailand-reiseguide.de\/#organization"},"potentialAction":[{"@type":"SearchAction","target":{"@type":"EntryPoint","urlTemplate":"https:\/\/www.thailand-reiseguide.de\/?s={search_term_string}"},"query-input":"required name=search_term_string"}],"inLanguage":"en-GB"},{"@type":"Organization","@id":"https:\/\/www.thailand-reiseguide.de\/#organization","name":"Thailand Reiseguide","url":"https:\/\/www.thailand-reiseguide.de\/","logo":{"@type":"ImageObject","inLanguage":"en-GB","@id":"https:\/\/www.thailand-reiseguide.de\/#\/schema\/logo\/image\/","url":"https:\/\/www.thailand-reiseguide.de\/wp-content\/uploads\/2018\/01\/cropped-Thailand-Reiseguide-Dein-Thailand-Reisef\u00fchrer_.jpg","contentUrl":"https:\/\/www.thailand-reiseguide.de\/wp-content\/uploads\/2018\/01\/cropped-Thailand-Reiseguide-Dein-Thailand-Reisef\u00fchrer_.jpg","width":652,"height":102,"caption":"Thailand Reiseguide"},"image":{"@id":"https:\/\/www.thailand-reiseguide.de\/#\/schema\/logo\/image\/"}}]}},"_links":{"self":[{"href":"https:\/\/www.thailand-reiseguide.de\/en\/wp-json\/wp\/v2\/pages\/383","targetHints":{"allow":["GET"]}}],"collection":[{"href":"https:\/\/www.thailand-reiseguide.de\/en\/wp-json\/wp\/v2\/pages"}],"about":[{"href":"https:\/\/www.thailand-reiseguide.de\/en\/wp-json\/wp\/v2\/types\/page"}],"author":[{"embeddable":true,"href":"https:\/\/www.thailand-reiseguide.de\/en\/wp-json\/wp\/v2\/users\/1"}],"replies":[{"embeddable":true,"href":"https:\/\/www.thailand-reiseguide.de\/en\/wp-json\/wp\/v2\/comments?post=383"}],"version-history":[{"count":3,"href":"https:\/\/www.thailand-reiseguide.de\/en\/wp-json\/wp\/v2\/pages\/383\/revisions"}],"predecessor-version":[{"id":454,"href":"https:\/\/www.thailand-reiseguide.de\/en\/wp-json\/wp\/v2\/pages\/383\/revisions\/454"}],"wp:attachment":[{"href":"https:\/\/www.thailand-reiseguide.de\/en\/wp-json\/wp\/v2\/media?parent=383"}],"curies":[{"name":"wp","href":"https:\/\/api.w.org\/{rel}","templated":true}]}}