{"id":381,"date":"2023-01-30T18:00:32","date_gmt":"2023-01-30T17:00:32","guid":{"rendered":"https:\/\/www.thailand-reiseguide.de\/?page_id=381"},"modified":"2023-01-30T22:51:04","modified_gmt":"2023-01-30T21:51:04","slug":"ostthailand","status":"publish","type":"page","link":"https:\/\/www.thailand-reiseguide.de\/en\/ostthailand\/","title":{"rendered":"Ostthailand"},"content":{"rendered":"<p>Ostthailand ist eine abwechslungsreiche Region, die f\u00fcr ihre wundersch\u00f6nen Landschaften, leckeren Gerichte und reiche Kultur bekannt ist. Die Region beherbergt eine Vielzahl von touristischen Attraktionen, darunter Nationalparks, Tempel und historische St\u00e4tten.<\/p>\n\n\n\n<p>Eine der bekanntesten Metropolen in Ostthailand ist Pattaya, eine beliebte Stadt f\u00fcr Strandurlaube und Nachtleben. Die Stadt ist bekannt f\u00fcr ihre breiten Sandstr\u00e4nde, Nachtclubs und Massagen. Eine weitere wichtige Metropole ist Rayong, eine Stadt mit einer reichen Geschichte und Kultur.<\/p>\n\n\n\n<p>Ostthailand ist auch f\u00fcr seine k\u00f6stlichen Gerichte bekannt, insbesondere f\u00fcr seine Meeresfr\u00fcchte, die in den umliegenden Fischerd\u00f6rfern frisch gefangen werden. Hier k\u00f6nnen Touristen die regionale K\u00fcche genie\u00dfen, darunter beliebte Gerichte wie Tom Yam Gung (Schrimpsuppe) und Pad Thai (gebratene Nudeln).<\/p>\n\n\n\n<p>Wichtige Informationen f\u00fcr Reisende nach Ostthailand sind die beste Reisezeit (Oktober bis Mai), g\u00fcnstige Unterk\u00fcnfte und Verkehrsverbindungen (z.B. Flug, Bus, Bahn). Es ist auch wichtig, \u00fcber die lokalen Gesetze und Regeln informiert zu sein, insbesondere in Bezug auf den Schutz von Umwelt und Kultur.<\/p>\n\n\n\n<p>Insgesamt bietet Ostthailand ein unvergessliches Reiseerlebnis f\u00fcr Touristen. Die Region ist ein faszinierender Teil Thailands, der es wert ist, erkundet zu werden.<\/p>","protected":false},"excerpt":{"rendered":"<p>Ostthailand ist eine abwechslungsreiche Region, die f\u00fcr ihre wundersch\u00f6nen Landschaften, leckeren Gerichte und reiche Kultur bekannt ist. Die Region beherbergt<\/p>","protected":false},"author":1,"featured_media":0,"parent":0,"menu_order":0,"comment_status":"closed","ping_status":"closed","template":"","meta":{"footnotes":""},"class_list":["post-381","page","type-page","status-publish","hentry"],"yoast_head":"<!-- This site is optimized with the Yoast SEO plugin v20.0 - https:\/\/yoast.com\/wordpress\/plugins\/seo\/ -->\n<title>Ostthailand - Thailand Reiseguide<\/title>\n<meta name=\"robots\" content=\"noindex, follow, max-snippet:-1, max-image-preview:large, max-video-preview:-1\" \/>\n<meta property=\"og:locale\" content=\"en_GB\" \/>\n<meta property=\"og:type\" content=\"article\" \/>\n<meta property=\"og:title\" content=\"Ostthailand - Thailand Reiseguide\" \/>\n<meta property=\"og:description\" content=\"Ostthailand ist eine abwechslungsreiche Region, die f\u00fcr ihre wundersch\u00f6nen Landschaften, leckeren Gerichte und reiche Kultur bekannt ist. Die Region beherbergt\" \/>\n<meta property=\"og:url\" content=\"https:\/\/www.thailand-reiseguide.de\/en\/ostthailand\/\" \/>\n<meta property=\"og:site_name\" content=\"Thailand Reiseguide\" \/>\n<meta property=\"article:modified_time\" content=\"2023-01-30T21:51:04+00:00\" \/>\n<meta name=\"twitter:card\" content=\"summary_large_image\" \/>\n<script type=\"application\/ld+json\" class=\"yoast-schema-graph\">{\"@context\":\"https:\/\/schema.org\",\"@graph\":[{\"@type\":\"WebPage\",\"@id\":\"https:\/\/www.thailand-reiseguide.de\/ostthailand\/\",\"url\":\"https:\/\/www.thailand-reiseguide.de\/ostthailand\/\",\"name\":\"Ostthailand - Thailand Reiseguide\",\"isPartOf\":{\"@id\":\"https:\/\/www.thailand-reiseguide.de\/#website\"},\"datePublished\":\"2023-01-30T17:00:32+00:00\",\"dateModified\":\"2023-01-30T21:51:04+00:00\",\"breadcrumb\":{\"@id\":\"https:\/\/www.thailand-reiseguide.de\/ostthailand\/#breadcrumb\"},\"inLanguage\":\"en-GB\",\"potentialAction\":[{\"@type\":\"ReadAction\",\"target\":[\"https:\/\/www.thailand-reiseguide.de\/ostthailand\/\"]}]},{\"@type\":\"BreadcrumbList\",\"@id\":\"https:\/\/www.thailand-reiseguide.de\/ostthailand\/#breadcrumb\",\"itemListElement\":[{\"@type\":\"ListItem\",\"position\":1,\"name\":\"Home\",\"item\":\"https:\/\/www.thailand-reiseguide.de\/\"},{\"@type\":\"ListItem\",\"position\":2,\"name\":\"Ostthailand\"}]},{\"@type\":\"WebSite\",\"@id\":\"https:\/\/www.thailand-reiseguide.de\/#website\",\"url\":\"https:\/\/www.thailand-reiseguide.de\/\",\"name\":\"Thailand Reiseguide\",\"description\":\"Dein Reisef\u00fchrer f\u00fcr Thailand\",\"publisher\":{\"@id\":\"https:\/\/www.thailand-reiseguide.de\/#organization\"},\"potentialAction\":[{\"@type\":\"SearchAction\",\"target\":{\"@type\":\"EntryPoint\",\"urlTemplate\":\"https:\/\/www.thailand-reiseguide.de\/?s={search_term_string}\"},\"query-input\":\"required name=search_term_string\"}],\"inLanguage\":\"en-GB\"},{\"@type\":\"Organization\",\"@id\":\"https:\/\/www.thailand-reiseguide.de\/#organization\",\"name\":\"Thailand Reiseguide\",\"url\":\"https:\/\/www.thailand-reiseguide.de\/\",\"logo\":{\"@type\":\"ImageObject\",\"inLanguage\":\"en-GB\",\"@id\":\"https:\/\/www.thailand-reiseguide.de\/#\/schema\/logo\/image\/\",\"url\":\"https:\/\/www.thailand-reiseguide.de\/wp-content\/uploads\/2018\/01\/cropped-Thailand-Reiseguide-Dein-Thailand-Reisef\u00fchrer_.jpg\",\"contentUrl\":\"https:\/\/www.thailand-reiseguide.de\/wp-content\/uploads\/2018\/01\/cropped-Thailand-Reiseguide-Dein-Thailand-Reisef\u00fchrer_.jpg\",\"width\":652,\"height\":102,\"caption\":\"Thailand Reiseguide\"},\"image\":{\"@id\":\"https:\/\/www.thailand-reiseguide.de\/#\/schema\/logo\/image\/\"}}]}<\/script>\n<!-- \/ Yoast SEO plugin. -->","yoast_head_json":{"title":"Ostthailand - Thailand Reiseguide","robots":{"index":"noindex","follow":"follow","max-snippet":"max-snippet:-1","max-image-preview":"max-image-preview:large","max-video-preview":"max-video-preview:-1"},"og_locale":"en_GB","og_type":"article","og_title":"Ostthailand - Thailand Reiseguide","og_description":"Ostthailand ist eine abwechslungsreiche Region, die f\u00fcr ihre wundersch\u00f6nen Landschaften, leckeren Gerichte und reiche Kultur bekannt ist. Die Region beherbergt","og_url":"https:\/\/www.thailand-reiseguide.de\/en\/ostthailand\/","og_site_name":"Thailand Reiseguide","article_modified_time":"2023-01-30T21:51:04+00:00","twitter_card":"summary_large_image","schema":{"@context":"https:\/\/schema.org","@graph":[{"@type":"WebPage","@id":"https:\/\/www.thailand-reiseguide.de\/ostthailand\/","url":"https:\/\/www.thailand-reiseguide.de\/ostthailand\/","name":"Ostthailand - Thailand Reiseguide","isPartOf":{"@id":"https:\/\/www.thailand-reiseguide.de\/#website"},"datePublished":"2023-01-30T17:00:32+00:00","dateModified":"2023-01-30T21:51:04+00:00","breadcrumb":{"@id":"https:\/\/www.thailand-reiseguide.de\/ostthailand\/#breadcrumb"},"inLanguage":"en-GB","potentialAction":[{"@type":"ReadAction","target":["https:\/\/www.thailand-reiseguide.de\/ostthailand\/"]}]},{"@type":"BreadcrumbList","@id":"https:\/\/www.thailand-reiseguide.de\/ostthailand\/#breadcrumb","itemListElement":[{"@type":"ListItem","position":1,"name":"Home","item":"https:\/\/www.thailand-reiseguide.de\/"},{"@type":"ListItem","position":2,"name":"Ostthailand"}]},{"@type":"WebSite","@id":"https:\/\/www.thailand-reiseguide.de\/#website","url":"https:\/\/www.thailand-reiseguide.de\/","name":"Thailand Reiseguide","description":"Dein Reisef\u00fchrer f\u00fcr Thailand","publisher":{"@id":"https:\/\/www.thailand-reiseguide.de\/#organization"},"potentialAction":[{"@type":"SearchAction","target":{"@type":"EntryPoint","urlTemplate":"https:\/\/www.thailand-reiseguide.de\/?s={search_term_string}"},"query-input":"required name=search_term_string"}],"inLanguage":"en-GB"},{"@type":"Organization","@id":"https:\/\/www.thailand-reiseguide.de\/#organization","name":"Thailand Reiseguide","url":"https:\/\/www.thailand-reiseguide.de\/","logo":{"@type":"ImageObject","inLanguage":"en-GB","@id":"https:\/\/www.thailand-reiseguide.de\/#\/schema\/logo\/image\/","url":"https:\/\/www.thailand-reiseguide.de\/wp-content\/uploads\/2018\/01\/cropped-Thailand-Reiseguide-Dein-Thailand-Reisef\u00fchrer_.jpg","contentUrl":"https:\/\/www.thailand-reiseguide.de\/wp-content\/uploads\/2018\/01\/cropped-Thailand-Reiseguide-Dein-Thailand-Reisef\u00fchrer_.jpg","width":652,"height":102,"caption":"Thailand Reiseguide"},"image":{"@id":"https:\/\/www.thailand-reiseguide.de\/#\/schema\/logo\/image\/"}}]}},"_links":{"self":[{"href":"https:\/\/www.thailand-reiseguide.de\/en\/wp-json\/wp\/v2\/pages\/381","targetHints":{"allow":["GET"]}}],"collection":[{"href":"https:\/\/www.thailand-reiseguide.de\/en\/wp-json\/wp\/v2\/pages"}],"about":[{"href":"https:\/\/www.thailand-reiseguide.de\/en\/wp-json\/wp\/v2\/types\/page"}],"author":[{"embeddable":true,"href":"https:\/\/www.thailand-reiseguide.de\/en\/wp-json\/wp\/v2\/users\/1"}],"replies":[{"embeddable":true,"href":"https:\/\/www.thailand-reiseguide.de\/en\/wp-json\/wp\/v2\/comments?post=381"}],"version-history":[{"count":3,"href":"https:\/\/www.thailand-reiseguide.de\/en\/wp-json\/wp\/v2\/pages\/381\/revisions"}],"predecessor-version":[{"id":455,"href":"https:\/\/www.thailand-reiseguide.de\/en\/wp-json\/wp\/v2\/pages\/381\/revisions\/455"}],"wp:attachment":[{"href":"https:\/\/www.thailand-reiseguide.de\/en\/wp-json\/wp\/v2\/media?parent=381"}],"curies":[{"name":"wp","href":"https:\/\/api.w.org\/{rel}","templated":true}]}}