{"id":377,"date":"2023-01-30T17:58:47","date_gmt":"2023-01-30T16:58:47","guid":{"rendered":"https:\/\/www.thailand-reiseguide.de\/?page_id=377"},"modified":"2023-01-30T22:54:07","modified_gmt":"2023-01-30T21:54:07","slug":"nordost-thailand-isaan","status":"publish","type":"page","link":"https:\/\/www.thailand-reiseguide.de\/en\/nordost-thailand-isaan\/","title":{"rendered":"Nordost Thailand &#8211; Isaan"},"content":{"rendered":"<p>Nordost-Thailand, auch bekannt als Isaan, ist eine Region mit einer reichen Kultur und Geschichte. Es ist bekannt f\u00fcr seine malerischen Landschaften, traditionellen D\u00f6rfern und vielf\u00e4ltigen kulinarischen Angeboten. Eine der gr\u00f6\u00dften Metropolen in Nordost-Thailand ist Khon Kaen, eine wachsende Stadt mit einer aufstrebenden Wirtschaft und einer bl\u00fchenden Kunstszene.<\/p>\n\n\n\n<p>Ein weiteres Highlight in Nordost-Thailand ist die pr\u00e4historische St\u00e4tte von Ban Chiang, die als eine der fr\u00fchesten menschlichen Siedlungen in S\u00fcdostasien angesehen wird. Die St\u00e4tte ist ein wichtiger Teil der lokalen Geschichte und Kultur und bietet einen faszinierenden Einblick in die Vergangenheit.<\/p>\n\n\n\n<p>Nordost-Thailand ist auch bekannt f\u00fcr seine einzigartigen Feste und traditionellen T\u00e4nze, darunter der Rocket Festival und der Candle Festival. Hier k\u00f6nnen Touristen die lokale Kultur und das t\u00e4gliche Leben erleben und eine Vielzahl von Aktivit\u00e4ten und Abenteuern unternehmen.<\/p>\n\n\n\n<p>Wichtige Informationen f\u00fcr Reisende nach Nordost-Thailand sind die beste Reisezeit (November bis Februar), g\u00fcnstige Unterk\u00fcnfte und Verkehrsverbindungen (z.B. Bus, Bahn). Es ist auch wichtig, \u00fcber die lokalen Gesetze und Regeln informiert zu sein, insbesondere in Bezug auf den Schutz der Umwelt und Kultur.<\/p>\n\n\n\n<p>Insgesamt bietet Nordost-Thailand ein unvergessliches Reiseerlebnis f\u00fcr Touristen, die Abenteuer, Kultur und Geschichte suchen. Die Region ist ein wichtiger Teil Thailands und ein Muss f\u00fcr alle, die das Land erkunden m\u00f6chten.<\/p>","protected":false},"excerpt":{"rendered":"<p>Nordost-Thailand, auch bekannt als Isaan, ist eine Region mit einer reichen Kultur und Geschichte. Es ist bekannt f\u00fcr seine malerischen<\/p>","protected":false},"author":1,"featured_media":0,"parent":0,"menu_order":0,"comment_status":"closed","ping_status":"closed","template":"","meta":{"footnotes":""},"class_list":["post-377","page","type-page","status-publish","hentry"],"yoast_head":"<!-- This site is optimized with the Yoast SEO plugin v20.0 - https:\/\/yoast.com\/wordpress\/plugins\/seo\/ -->\n<title>Nordost Thailand - Isaan - Thailand Reiseguide<\/title>\n<meta name=\"robots\" content=\"noindex, follow, max-snippet:-1, max-image-preview:large, max-video-preview:-1\" \/>\n<meta property=\"og:locale\" content=\"en_GB\" \/>\n<meta property=\"og:type\" content=\"article\" \/>\n<meta property=\"og:title\" content=\"Nordost Thailand - Isaan - Thailand Reiseguide\" \/>\n<meta property=\"og:description\" content=\"Nordost-Thailand, auch bekannt als Isaan, ist eine Region mit einer reichen Kultur und Geschichte. Es ist bekannt f\u00fcr seine malerischen\" \/>\n<meta property=\"og:url\" content=\"https:\/\/www.thailand-reiseguide.de\/en\/nordost-thailand-isaan\/\" \/>\n<meta property=\"og:site_name\" content=\"Thailand Reiseguide\" \/>\n<meta property=\"article:modified_time\" content=\"2023-01-30T21:54:07+00:00\" \/>\n<meta name=\"twitter:card\" content=\"summary_large_image\" \/>\n<script type=\"application\/ld+json\" class=\"yoast-schema-graph\">{\"@context\":\"https:\/\/schema.org\",\"@graph\":[{\"@type\":\"WebPage\",\"@id\":\"https:\/\/www.thailand-reiseguide.de\/nordost-thailand-isaan\/\",\"url\":\"https:\/\/www.thailand-reiseguide.de\/nordost-thailand-isaan\/\",\"name\":\"Nordost Thailand - Isaan - Thailand Reiseguide\",\"isPartOf\":{\"@id\":\"https:\/\/www.thailand-reiseguide.de\/#website\"},\"datePublished\":\"2023-01-30T16:58:47+00:00\",\"dateModified\":\"2023-01-30T21:54:07+00:00\",\"breadcrumb\":{\"@id\":\"https:\/\/www.thailand-reiseguide.de\/nordost-thailand-isaan\/#breadcrumb\"},\"inLanguage\":\"en-GB\",\"potentialAction\":[{\"@type\":\"ReadAction\",\"target\":[\"https:\/\/www.thailand-reiseguide.de\/nordost-thailand-isaan\/\"]}]},{\"@type\":\"BreadcrumbList\",\"@id\":\"https:\/\/www.thailand-reiseguide.de\/nordost-thailand-isaan\/#breadcrumb\",\"itemListElement\":[{\"@type\":\"ListItem\",\"position\":1,\"name\":\"Home\",\"item\":\"https:\/\/www.thailand-reiseguide.de\/\"},{\"@type\":\"ListItem\",\"position\":2,\"name\":\"Nordost Thailand &#8211; Isaan\"}]},{\"@type\":\"WebSite\",\"@id\":\"https:\/\/www.thailand-reiseguide.de\/#website\",\"url\":\"https:\/\/www.thailand-reiseguide.de\/\",\"name\":\"Thailand Reiseguide\",\"description\":\"Dein Reisef\u00fchrer f\u00fcr Thailand\",\"publisher\":{\"@id\":\"https:\/\/www.thailand-reiseguide.de\/#organization\"},\"potentialAction\":[{\"@type\":\"SearchAction\",\"target\":{\"@type\":\"EntryPoint\",\"urlTemplate\":\"https:\/\/www.thailand-reiseguide.de\/?s={search_term_string}\"},\"query-input\":\"required name=search_term_string\"}],\"inLanguage\":\"en-GB\"},{\"@type\":\"Organization\",\"@id\":\"https:\/\/www.thailand-reiseguide.de\/#organization\",\"name\":\"Thailand Reiseguide\",\"url\":\"https:\/\/www.thailand-reiseguide.de\/\",\"logo\":{\"@type\":\"ImageObject\",\"inLanguage\":\"en-GB\",\"@id\":\"https:\/\/www.thailand-reiseguide.de\/#\/schema\/logo\/image\/\",\"url\":\"https:\/\/www.thailand-reiseguide.de\/wp-content\/uploads\/2018\/01\/cropped-Thailand-Reiseguide-Dein-Thailand-Reisef\u00fchrer_.jpg\",\"contentUrl\":\"https:\/\/www.thailand-reiseguide.de\/wp-content\/uploads\/2018\/01\/cropped-Thailand-Reiseguide-Dein-Thailand-Reisef\u00fchrer_.jpg\",\"width\":652,\"height\":102,\"caption\":\"Thailand Reiseguide\"},\"image\":{\"@id\":\"https:\/\/www.thailand-reiseguide.de\/#\/schema\/logo\/image\/\"}}]}<\/script>\n<!-- \/ Yoast SEO plugin. -->","yoast_head_json":{"title":"Nordost Thailand - Isaan - Thailand Reiseguide","robots":{"index":"noindex","follow":"follow","max-snippet":"max-snippet:-1","max-image-preview":"max-image-preview:large","max-video-preview":"max-video-preview:-1"},"og_locale":"en_GB","og_type":"article","og_title":"Nordost Thailand - Isaan - Thailand Reiseguide","og_description":"Nordost-Thailand, auch bekannt als Isaan, ist eine Region mit einer reichen Kultur und Geschichte. Es ist bekannt f\u00fcr seine malerischen","og_url":"https:\/\/www.thailand-reiseguide.de\/en\/nordost-thailand-isaan\/","og_site_name":"Thailand Reiseguide","article_modified_time":"2023-01-30T21:54:07+00:00","twitter_card":"summary_large_image","schema":{"@context":"https:\/\/schema.org","@graph":[{"@type":"WebPage","@id":"https:\/\/www.thailand-reiseguide.de\/nordost-thailand-isaan\/","url":"https:\/\/www.thailand-reiseguide.de\/nordost-thailand-isaan\/","name":"Nordost Thailand - Isaan - Thailand Reiseguide","isPartOf":{"@id":"https:\/\/www.thailand-reiseguide.de\/#website"},"datePublished":"2023-01-30T16:58:47+00:00","dateModified":"2023-01-30T21:54:07+00:00","breadcrumb":{"@id":"https:\/\/www.thailand-reiseguide.de\/nordost-thailand-isaan\/#breadcrumb"},"inLanguage":"en-GB","potentialAction":[{"@type":"ReadAction","target":["https:\/\/www.thailand-reiseguide.de\/nordost-thailand-isaan\/"]}]},{"@type":"BreadcrumbList","@id":"https:\/\/www.thailand-reiseguide.de\/nordost-thailand-isaan\/#breadcrumb","itemListElement":[{"@type":"ListItem","position":1,"name":"Home","item":"https:\/\/www.thailand-reiseguide.de\/"},{"@type":"ListItem","position":2,"name":"Nordost Thailand &#8211; Isaan"}]},{"@type":"WebSite","@id":"https:\/\/www.thailand-reiseguide.de\/#website","url":"https:\/\/www.thailand-reiseguide.de\/","name":"Thailand Reiseguide","description":"Dein Reisef\u00fchrer f\u00fcr Thailand","publisher":{"@id":"https:\/\/www.thailand-reiseguide.de\/#organization"},"potentialAction":[{"@type":"SearchAction","target":{"@type":"EntryPoint","urlTemplate":"https:\/\/www.thailand-reiseguide.de\/?s={search_term_string}"},"query-input":"required name=search_term_string"}],"inLanguage":"en-GB"},{"@type":"Organization","@id":"https:\/\/www.thailand-reiseguide.de\/#organization","name":"Thailand Reiseguide","url":"https:\/\/www.thailand-reiseguide.de\/","logo":{"@type":"ImageObject","inLanguage":"en-GB","@id":"https:\/\/www.thailand-reiseguide.de\/#\/schema\/logo\/image\/","url":"https:\/\/www.thailand-reiseguide.de\/wp-content\/uploads\/2018\/01\/cropped-Thailand-Reiseguide-Dein-Thailand-Reisef\u00fchrer_.jpg","contentUrl":"https:\/\/www.thailand-reiseguide.de\/wp-content\/uploads\/2018\/01\/cropped-Thailand-Reiseguide-Dein-Thailand-Reisef\u00fchrer_.jpg","width":652,"height":102,"caption":"Thailand Reiseguide"},"image":{"@id":"https:\/\/www.thailand-reiseguide.de\/#\/schema\/logo\/image\/"}}]}},"_links":{"self":[{"href":"https:\/\/www.thailand-reiseguide.de\/en\/wp-json\/wp\/v2\/pages\/377","targetHints":{"allow":["GET"]}}],"collection":[{"href":"https:\/\/www.thailand-reiseguide.de\/en\/wp-json\/wp\/v2\/pages"}],"about":[{"href":"https:\/\/www.thailand-reiseguide.de\/en\/wp-json\/wp\/v2\/types\/page"}],"author":[{"embeddable":true,"href":"https:\/\/www.thailand-reiseguide.de\/en\/wp-json\/wp\/v2\/users\/1"}],"replies":[{"embeddable":true,"href":"https:\/\/www.thailand-reiseguide.de\/en\/wp-json\/wp\/v2\/comments?post=377"}],"version-history":[{"count":3,"href":"https:\/\/www.thailand-reiseguide.de\/en\/wp-json\/wp\/v2\/pages\/377\/revisions"}],"predecessor-version":[{"id":458,"href":"https:\/\/www.thailand-reiseguide.de\/en\/wp-json\/wp\/v2\/pages\/377\/revisions\/458"}],"wp:attachment":[{"href":"https:\/\/www.thailand-reiseguide.de\/en\/wp-json\/wp\/v2\/media?parent=377"}],"curies":[{"name":"wp","href":"https:\/\/api.w.org\/{rel}","templated":true}]}}