{"id":375,"date":"2023-01-30T17:58:12","date_gmt":"2023-01-30T16:58:12","guid":{"rendered":"https:\/\/www.thailand-reiseguide.de\/?page_id=375"},"modified":"2023-01-30T22:52:24","modified_gmt":"2023-01-30T21:52:24","slug":"zentral-und-west-thailand","status":"publish","type":"page","link":"https:\/\/www.thailand-reiseguide.de\/en\/zentral-und-west-thailand\/","title":{"rendered":"Zentral- und West Thailand"},"content":{"rendered":"<p>Zentral- und Westthailand ist eine Region, die reich an Geschichte, Kultur und Landschaft ist. Die Region ist bekannt f\u00fcr ihre k\u00f6niglichen Pal\u00e4ste, historischen St\u00e4tten und religi\u00f6sen Tempel. Eine der bekanntesten Metropolen in Zentral-Thailand ist Bangkok, die Hauptstadt des Landes. Hier finden Touristen eine lebhafte Kultur, eine pulsierende Kunstszene und ein unvergessliches Nachtleben.<\/p>\n\n\n\n<p>Ein weiterer beliebter Touristenort in Zentral-Thailand ist Ayutthaya, eine historische Stadt mit einer reichen Geschichte und kulturellen Bedeutung. Hier finden Besucher die Ruinen alter Tempel und Pal\u00e4ste, die Zeugnisse der einst bl\u00fchenden Kultur darstellen.<\/p>\n\n\n\n<p>Westthailand bietet eine abwechslungsreiche Landschaft mit Bergen, Fl\u00fcssen und K\u00fcsten. Die Region ist bekannt f\u00fcr ihre beliebten Str\u00e4nde, darunter Patong Beach in Phuket und Koh Phi Phi. Hier k\u00f6nnen Touristen sich entspannen, schwimmen und die lokale Kultur genie\u00dfen.<\/p>\n\n\n\n<p>Wichtige Informationen f\u00fcr Reisende nach Zentral- und Westthailand sind die beste Reisezeit (November bis Februar), g\u00fcnstige Unterk\u00fcnfte und Verkehrsverbindungen (z.B. Flug, Bus, Bahn). Es ist auch wichtig, \u00fcber die lokalen Gesetze und Regeln informiert zu sein, insbesondere in Bezug auf den Schutz von Umwelt und Kultur.<\/p>\n\n\n\n<p>Insgesamt bietet Zentral- und Westthailand ein unvergessliches Reiseerlebnis f\u00fcr Touristen. Die Region ist ein faszinierender Teil Thailands, der es wert ist, erkundet zu werden.<\/p>","protected":false},"excerpt":{"rendered":"<p>Zentral- und Westthailand ist eine Region, die reich an Geschichte, Kultur und Landschaft ist. Die Region ist bekannt f\u00fcr ihre<\/p>","protected":false},"author":1,"featured_media":0,"parent":0,"menu_order":0,"comment_status":"closed","ping_status":"closed","template":"","meta":{"footnotes":""},"class_list":["post-375","page","type-page","status-publish","hentry"],"yoast_head":"<!-- This site is optimized with the Yoast SEO plugin v20.0 - https:\/\/yoast.com\/wordpress\/plugins\/seo\/ -->\n<title>Zentral- und West Thailand - Thailand Reiseguide<\/title>\n<meta name=\"robots\" content=\"noindex, follow, max-snippet:-1, max-image-preview:large, max-video-preview:-1\" \/>\n<meta property=\"og:locale\" content=\"en_GB\" \/>\n<meta property=\"og:type\" content=\"article\" \/>\n<meta property=\"og:title\" content=\"Zentral- und West Thailand - Thailand Reiseguide\" \/>\n<meta property=\"og:description\" content=\"Zentral- und Westthailand ist eine Region, die reich an Geschichte, Kultur und Landschaft ist. Die Region ist bekannt f\u00fcr ihre\" \/>\n<meta property=\"og:url\" content=\"https:\/\/www.thailand-reiseguide.de\/en\/zentral-und-west-thailand\/\" \/>\n<meta property=\"og:site_name\" content=\"Thailand Reiseguide\" \/>\n<meta property=\"article:modified_time\" content=\"2023-01-30T21:52:24+00:00\" \/>\n<meta name=\"twitter:card\" content=\"summary_large_image\" \/>\n<script type=\"application\/ld+json\" class=\"yoast-schema-graph\">{\"@context\":\"https:\/\/schema.org\",\"@graph\":[{\"@type\":\"WebPage\",\"@id\":\"https:\/\/www.thailand-reiseguide.de\/zentral-und-west-thailand\/\",\"url\":\"https:\/\/www.thailand-reiseguide.de\/zentral-und-west-thailand\/\",\"name\":\"Zentral- und West Thailand - Thailand Reiseguide\",\"isPartOf\":{\"@id\":\"https:\/\/www.thailand-reiseguide.de\/#website\"},\"datePublished\":\"2023-01-30T16:58:12+00:00\",\"dateModified\":\"2023-01-30T21:52:24+00:00\",\"breadcrumb\":{\"@id\":\"https:\/\/www.thailand-reiseguide.de\/zentral-und-west-thailand\/#breadcrumb\"},\"inLanguage\":\"en-GB\",\"potentialAction\":[{\"@type\":\"ReadAction\",\"target\":[\"https:\/\/www.thailand-reiseguide.de\/zentral-und-west-thailand\/\"]}]},{\"@type\":\"BreadcrumbList\",\"@id\":\"https:\/\/www.thailand-reiseguide.de\/zentral-und-west-thailand\/#breadcrumb\",\"itemListElement\":[{\"@type\":\"ListItem\",\"position\":1,\"name\":\"Home\",\"item\":\"https:\/\/www.thailand-reiseguide.de\/\"},{\"@type\":\"ListItem\",\"position\":2,\"name\":\"Zentral- und West Thailand\"}]},{\"@type\":\"WebSite\",\"@id\":\"https:\/\/www.thailand-reiseguide.de\/#website\",\"url\":\"https:\/\/www.thailand-reiseguide.de\/\",\"name\":\"Thailand Reiseguide\",\"description\":\"Dein Reisef\u00fchrer f\u00fcr Thailand\",\"publisher\":{\"@id\":\"https:\/\/www.thailand-reiseguide.de\/#organization\"},\"potentialAction\":[{\"@type\":\"SearchAction\",\"target\":{\"@type\":\"EntryPoint\",\"urlTemplate\":\"https:\/\/www.thailand-reiseguide.de\/?s={search_term_string}\"},\"query-input\":\"required name=search_term_string\"}],\"inLanguage\":\"en-GB\"},{\"@type\":\"Organization\",\"@id\":\"https:\/\/www.thailand-reiseguide.de\/#organization\",\"name\":\"Thailand Reiseguide\",\"url\":\"https:\/\/www.thailand-reiseguide.de\/\",\"logo\":{\"@type\":\"ImageObject\",\"inLanguage\":\"en-GB\",\"@id\":\"https:\/\/www.thailand-reiseguide.de\/#\/schema\/logo\/image\/\",\"url\":\"https:\/\/www.thailand-reiseguide.de\/wp-content\/uploads\/2018\/01\/cropped-Thailand-Reiseguide-Dein-Thailand-Reisef\u00fchrer_.jpg\",\"contentUrl\":\"https:\/\/www.thailand-reiseguide.de\/wp-content\/uploads\/2018\/01\/cropped-Thailand-Reiseguide-Dein-Thailand-Reisef\u00fchrer_.jpg\",\"width\":652,\"height\":102,\"caption\":\"Thailand Reiseguide\"},\"image\":{\"@id\":\"https:\/\/www.thailand-reiseguide.de\/#\/schema\/logo\/image\/\"}}]}<\/script>\n<!-- \/ Yoast SEO plugin. -->","yoast_head_json":{"title":"Zentral- und West Thailand - Thailand Reiseguide","robots":{"index":"noindex","follow":"follow","max-snippet":"max-snippet:-1","max-image-preview":"max-image-preview:large","max-video-preview":"max-video-preview:-1"},"og_locale":"en_GB","og_type":"article","og_title":"Zentral- und West Thailand - Thailand Reiseguide","og_description":"Zentral- und Westthailand ist eine Region, die reich an Geschichte, Kultur und Landschaft ist. Die Region ist bekannt f\u00fcr ihre","og_url":"https:\/\/www.thailand-reiseguide.de\/en\/zentral-und-west-thailand\/","og_site_name":"Thailand Reiseguide","article_modified_time":"2023-01-30T21:52:24+00:00","twitter_card":"summary_large_image","schema":{"@context":"https:\/\/schema.org","@graph":[{"@type":"WebPage","@id":"https:\/\/www.thailand-reiseguide.de\/zentral-und-west-thailand\/","url":"https:\/\/www.thailand-reiseguide.de\/zentral-und-west-thailand\/","name":"Zentral- und West Thailand - Thailand Reiseguide","isPartOf":{"@id":"https:\/\/www.thailand-reiseguide.de\/#website"},"datePublished":"2023-01-30T16:58:12+00:00","dateModified":"2023-01-30T21:52:24+00:00","breadcrumb":{"@id":"https:\/\/www.thailand-reiseguide.de\/zentral-und-west-thailand\/#breadcrumb"},"inLanguage":"en-GB","potentialAction":[{"@type":"ReadAction","target":["https:\/\/www.thailand-reiseguide.de\/zentral-und-west-thailand\/"]}]},{"@type":"BreadcrumbList","@id":"https:\/\/www.thailand-reiseguide.de\/zentral-und-west-thailand\/#breadcrumb","itemListElement":[{"@type":"ListItem","position":1,"name":"Home","item":"https:\/\/www.thailand-reiseguide.de\/"},{"@type":"ListItem","position":2,"name":"Zentral- und West Thailand"}]},{"@type":"WebSite","@id":"https:\/\/www.thailand-reiseguide.de\/#website","url":"https:\/\/www.thailand-reiseguide.de\/","name":"Thailand Reiseguide","description":"Dein Reisef\u00fchrer f\u00fcr Thailand","publisher":{"@id":"https:\/\/www.thailand-reiseguide.de\/#organization"},"potentialAction":[{"@type":"SearchAction","target":{"@type":"EntryPoint","urlTemplate":"https:\/\/www.thailand-reiseguide.de\/?s={search_term_string}"},"query-input":"required name=search_term_string"}],"inLanguage":"en-GB"},{"@type":"Organization","@id":"https:\/\/www.thailand-reiseguide.de\/#organization","name":"Thailand Reiseguide","url":"https:\/\/www.thailand-reiseguide.de\/","logo":{"@type":"ImageObject","inLanguage":"en-GB","@id":"https:\/\/www.thailand-reiseguide.de\/#\/schema\/logo\/image\/","url":"https:\/\/www.thailand-reiseguide.de\/wp-content\/uploads\/2018\/01\/cropped-Thailand-Reiseguide-Dein-Thailand-Reisef\u00fchrer_.jpg","contentUrl":"https:\/\/www.thailand-reiseguide.de\/wp-content\/uploads\/2018\/01\/cropped-Thailand-Reiseguide-Dein-Thailand-Reisef\u00fchrer_.jpg","width":652,"height":102,"caption":"Thailand Reiseguide"},"image":{"@id":"https:\/\/www.thailand-reiseguide.de\/#\/schema\/logo\/image\/"}}]}},"_links":{"self":[{"href":"https:\/\/www.thailand-reiseguide.de\/en\/wp-json\/wp\/v2\/pages\/375","targetHints":{"allow":["GET"]}}],"collection":[{"href":"https:\/\/www.thailand-reiseguide.de\/en\/wp-json\/wp\/v2\/pages"}],"about":[{"href":"https:\/\/www.thailand-reiseguide.de\/en\/wp-json\/wp\/v2\/types\/page"}],"author":[{"embeddable":true,"href":"https:\/\/www.thailand-reiseguide.de\/en\/wp-json\/wp\/v2\/users\/1"}],"replies":[{"embeddable":true,"href":"https:\/\/www.thailand-reiseguide.de\/en\/wp-json\/wp\/v2\/comments?post=375"}],"version-history":[{"count":3,"href":"https:\/\/www.thailand-reiseguide.de\/en\/wp-json\/wp\/v2\/pages\/375\/revisions"}],"predecessor-version":[{"id":456,"href":"https:\/\/www.thailand-reiseguide.de\/en\/wp-json\/wp\/v2\/pages\/375\/revisions\/456"}],"wp:attachment":[{"href":"https:\/\/www.thailand-reiseguide.de\/en\/wp-json\/wp\/v2\/media?parent=375"}],"curies":[{"name":"wp","href":"https:\/\/api.w.org\/{rel}","templated":true}]}}