{"id":368,"date":"2023-01-30T17:39:06","date_gmt":"2023-01-30T16:39:06","guid":{"rendered":"https:\/\/www.thailand-reiseguide.de\/?page_id=368"},"modified":"2023-01-30T22:42:42","modified_gmt":"2023-01-30T21:42:42","slug":"nordthailand","status":"publish","type":"page","link":"https:\/\/www.thailand-reiseguide.de\/en\/nordthailand\/","title":{"rendered":"Nordthailand"},"content":{"rendered":"<p>Nordthailand ist ein wichtiger Teil des Landes, der f\u00fcr seine atemberaubenden Landschaften, traditionelle Kultur und moderne Metropolen bekannt ist. Die Region ist besonders f\u00fcr ihre Berge, Fl\u00fcsse, T\u00e4ler und W\u00e4lder bekannt und bietet eine Vielzahl von Freizeitm\u00f6glichkeiten, darunter Trekking, Klettern, Angeln und Rafting.<\/p>\n\n\n\n<p>Eine der bekanntesten Metropolen in Nordthailand ist Chiang Mai, die zweitgr\u00f6\u00dfte Stadt des Landes. Die Stadt ist bekannt f\u00fcr ihre historischen Tempel, traditionelle Handwerksbetriebe und farbenfrohen M\u00e4rkte. Eine weitere bedeutende Metropole ist Chiang Rai, die f\u00fcr ihre modernen Architektur und Kultur bekannt ist.<\/p>\n\n\n\n<p>Nordthailand ist auch f\u00fcr seine traditionelle Kultur bekannt, die von den St\u00e4mmen der Region gepr\u00e4gt wird. Hier k\u00f6nnen Touristen die Traditionen und Br\u00e4uche der St\u00e4mme erleben, einschlie\u00dflich T\u00e4nze, Kleidung und Kunsthandwerk.<\/p>\n\n\n\n<p>Wichtige Informationen f\u00fcr Reisende nach Nordthailand sind die beste Reisezeit (Dezember bis Februar), g\u00fcnstige Unterk\u00fcnfte und Verkehrsverbindungen (z.B. Flug, Bus, Bahn). Es ist auch wichtig, \u00fcber die lokalen Gesetze und Regeln informiert zu sein, insbesondere in Bezug auf Kulturschutz und Umweltpflege.<\/p>\n\n\n\n<p>Insgesamt bietet Nordthailand eine Vielzahl von Erlebnissen f\u00fcr Touristen und l\u00e4dt dazu ein, die traditionelle Kultur und moderne Metropolen zu erkunden. Die Region ist ein einzigartiger Teil Thailands, der es wert ist, entdeckt zu werden.<\/p>","protected":false},"excerpt":{"rendered":"<p>Nordthailand ist ein wichtiger Teil des Landes, der f\u00fcr seine atemberaubenden Landschaften, traditionelle Kultur und moderne Metropolen bekannt ist. Die<\/p>","protected":false},"author":1,"featured_media":0,"parent":0,"menu_order":0,"comment_status":"closed","ping_status":"closed","template":"","meta":{"footnotes":""},"class_list":["post-368","page","type-page","status-publish","hentry"],"yoast_head":"<!-- This site is optimized with the Yoast SEO plugin v20.0 - https:\/\/yoast.com\/wordpress\/plugins\/seo\/ -->\n<title>Nordthailand - Thailand Reiseguide<\/title>\n<meta name=\"robots\" content=\"noindex, follow, max-snippet:-1, max-image-preview:large, max-video-preview:-1\" \/>\n<meta property=\"og:locale\" content=\"en_GB\" \/>\n<meta property=\"og:type\" content=\"article\" \/>\n<meta property=\"og:title\" content=\"Nordthailand - Thailand Reiseguide\" \/>\n<meta property=\"og:description\" content=\"Nordthailand ist ein wichtiger Teil des Landes, der f\u00fcr seine atemberaubenden Landschaften, traditionelle Kultur und moderne Metropolen bekannt ist. Die\" \/>\n<meta property=\"og:url\" content=\"https:\/\/www.thailand-reiseguide.de\/en\/nordthailand\/\" \/>\n<meta property=\"og:site_name\" content=\"Thailand Reiseguide\" \/>\n<meta property=\"article:modified_time\" content=\"2023-01-30T21:42:42+00:00\" \/>\n<meta name=\"twitter:card\" content=\"summary_large_image\" \/>\n<meta name=\"twitter:label1\" content=\"Estimated reading time\" \/>\n\t<meta name=\"twitter:data1\" content=\"2 minutes\" \/>\n<script type=\"application\/ld+json\" class=\"yoast-schema-graph\">{\"@context\":\"https:\/\/schema.org\",\"@graph\":[{\"@type\":\"WebPage\",\"@id\":\"https:\/\/www.thailand-reiseguide.de\/nordthailand\/\",\"url\":\"https:\/\/www.thailand-reiseguide.de\/nordthailand\/\",\"name\":\"Nordthailand - Thailand Reiseguide\",\"isPartOf\":{\"@id\":\"https:\/\/www.thailand-reiseguide.de\/#website\"},\"datePublished\":\"2023-01-30T16:39:06+00:00\",\"dateModified\":\"2023-01-30T21:42:42+00:00\",\"breadcrumb\":{\"@id\":\"https:\/\/www.thailand-reiseguide.de\/nordthailand\/#breadcrumb\"},\"inLanguage\":\"en-GB\",\"potentialAction\":[{\"@type\":\"ReadAction\",\"target\":[\"https:\/\/www.thailand-reiseguide.de\/nordthailand\/\"]}]},{\"@type\":\"BreadcrumbList\",\"@id\":\"https:\/\/www.thailand-reiseguide.de\/nordthailand\/#breadcrumb\",\"itemListElement\":[{\"@type\":\"ListItem\",\"position\":1,\"name\":\"Home\",\"item\":\"https:\/\/www.thailand-reiseguide.de\/\"},{\"@type\":\"ListItem\",\"position\":2,\"name\":\"Nordthailand\"}]},{\"@type\":\"WebSite\",\"@id\":\"https:\/\/www.thailand-reiseguide.de\/#website\",\"url\":\"https:\/\/www.thailand-reiseguide.de\/\",\"name\":\"Thailand Reiseguide\",\"description\":\"Dein Reisef\u00fchrer f\u00fcr Thailand\",\"publisher\":{\"@id\":\"https:\/\/www.thailand-reiseguide.de\/#organization\"},\"potentialAction\":[{\"@type\":\"SearchAction\",\"target\":{\"@type\":\"EntryPoint\",\"urlTemplate\":\"https:\/\/www.thailand-reiseguide.de\/?s={search_term_string}\"},\"query-input\":\"required name=search_term_string\"}],\"inLanguage\":\"en-GB\"},{\"@type\":\"Organization\",\"@id\":\"https:\/\/www.thailand-reiseguide.de\/#organization\",\"name\":\"Thailand Reiseguide\",\"url\":\"https:\/\/www.thailand-reiseguide.de\/\",\"logo\":{\"@type\":\"ImageObject\",\"inLanguage\":\"en-GB\",\"@id\":\"https:\/\/www.thailand-reiseguide.de\/#\/schema\/logo\/image\/\",\"url\":\"https:\/\/www.thailand-reiseguide.de\/wp-content\/uploads\/2018\/01\/cropped-Thailand-Reiseguide-Dein-Thailand-Reisef\u00fchrer_.jpg\",\"contentUrl\":\"https:\/\/www.thailand-reiseguide.de\/wp-content\/uploads\/2018\/01\/cropped-Thailand-Reiseguide-Dein-Thailand-Reisef\u00fchrer_.jpg\",\"width\":652,\"height\":102,\"caption\":\"Thailand Reiseguide\"},\"image\":{\"@id\":\"https:\/\/www.thailand-reiseguide.de\/#\/schema\/logo\/image\/\"}}]}<\/script>\n<!-- \/ Yoast SEO plugin. -->","yoast_head_json":{"title":"Nordthailand - Thailand Reiseguide","robots":{"index":"noindex","follow":"follow","max-snippet":"max-snippet:-1","max-image-preview":"max-image-preview:large","max-video-preview":"max-video-preview:-1"},"og_locale":"en_GB","og_type":"article","og_title":"Nordthailand - Thailand Reiseguide","og_description":"Nordthailand ist ein wichtiger Teil des Landes, der f\u00fcr seine atemberaubenden Landschaften, traditionelle Kultur und moderne Metropolen bekannt ist. Die","og_url":"https:\/\/www.thailand-reiseguide.de\/en\/nordthailand\/","og_site_name":"Thailand Reiseguide","article_modified_time":"2023-01-30T21:42:42+00:00","twitter_card":"summary_large_image","twitter_misc":{"Estimated reading time":"2 minutes"},"schema":{"@context":"https:\/\/schema.org","@graph":[{"@type":"WebPage","@id":"https:\/\/www.thailand-reiseguide.de\/nordthailand\/","url":"https:\/\/www.thailand-reiseguide.de\/nordthailand\/","name":"Nordthailand - Thailand Reiseguide","isPartOf":{"@id":"https:\/\/www.thailand-reiseguide.de\/#website"},"datePublished":"2023-01-30T16:39:06+00:00","dateModified":"2023-01-30T21:42:42+00:00","breadcrumb":{"@id":"https:\/\/www.thailand-reiseguide.de\/nordthailand\/#breadcrumb"},"inLanguage":"en-GB","potentialAction":[{"@type":"ReadAction","target":["https:\/\/www.thailand-reiseguide.de\/nordthailand\/"]}]},{"@type":"BreadcrumbList","@id":"https:\/\/www.thailand-reiseguide.de\/nordthailand\/#breadcrumb","itemListElement":[{"@type":"ListItem","position":1,"name":"Home","item":"https:\/\/www.thailand-reiseguide.de\/"},{"@type":"ListItem","position":2,"name":"Nordthailand"}]},{"@type":"WebSite","@id":"https:\/\/www.thailand-reiseguide.de\/#website","url":"https:\/\/www.thailand-reiseguide.de\/","name":"Thailand Reiseguide","description":"Dein Reisef\u00fchrer f\u00fcr Thailand","publisher":{"@id":"https:\/\/www.thailand-reiseguide.de\/#organization"},"potentialAction":[{"@type":"SearchAction","target":{"@type":"EntryPoint","urlTemplate":"https:\/\/www.thailand-reiseguide.de\/?s={search_term_string}"},"query-input":"required name=search_term_string"}],"inLanguage":"en-GB"},{"@type":"Organization","@id":"https:\/\/www.thailand-reiseguide.de\/#organization","name":"Thailand Reiseguide","url":"https:\/\/www.thailand-reiseguide.de\/","logo":{"@type":"ImageObject","inLanguage":"en-GB","@id":"https:\/\/www.thailand-reiseguide.de\/#\/schema\/logo\/image\/","url":"https:\/\/www.thailand-reiseguide.de\/wp-content\/uploads\/2018\/01\/cropped-Thailand-Reiseguide-Dein-Thailand-Reisef\u00fchrer_.jpg","contentUrl":"https:\/\/www.thailand-reiseguide.de\/wp-content\/uploads\/2018\/01\/cropped-Thailand-Reiseguide-Dein-Thailand-Reisef\u00fchrer_.jpg","width":652,"height":102,"caption":"Thailand Reiseguide"},"image":{"@id":"https:\/\/www.thailand-reiseguide.de\/#\/schema\/logo\/image\/"}}]}},"_links":{"self":[{"href":"https:\/\/www.thailand-reiseguide.de\/en\/wp-json\/wp\/v2\/pages\/368","targetHints":{"allow":["GET"]}}],"collection":[{"href":"https:\/\/www.thailand-reiseguide.de\/en\/wp-json\/wp\/v2\/pages"}],"about":[{"href":"https:\/\/www.thailand-reiseguide.de\/en\/wp-json\/wp\/v2\/types\/page"}],"author":[{"embeddable":true,"href":"https:\/\/www.thailand-reiseguide.de\/en\/wp-json\/wp\/v2\/users\/1"}],"replies":[{"embeddable":true,"href":"https:\/\/www.thailand-reiseguide.de\/en\/wp-json\/wp\/v2\/comments?post=368"}],"version-history":[{"count":4,"href":"https:\/\/www.thailand-reiseguide.de\/en\/wp-json\/wp\/v2\/pages\/368\/revisions"}],"predecessor-version":[{"id":451,"href":"https:\/\/www.thailand-reiseguide.de\/en\/wp-json\/wp\/v2\/pages\/368\/revisions\/451"}],"wp:attachment":[{"href":"https:\/\/www.thailand-reiseguide.de\/en\/wp-json\/wp\/v2\/media?parent=368"}],"curies":[{"name":"wp","href":"https:\/\/api.w.org\/{rel}","templated":true}]}}