{"id":234,"date":"2018-01-05T13:54:21","date_gmt":"2018-01-05T12:54:21","guid":{"rendered":"http:\/\/www.thailand-reiseguide.de\/?page_id=234"},"modified":"2022-04-17T22:57:04","modified_gmt":"2022-04-17T20:57:04","slug":"disclaimer","status":"publish","type":"page","link":"https:\/\/www.thailand-reiseguide.de\/en\/disclaimer\/","title":{"rendered":"Disclaimer"},"content":{"rendered":"<h2>Haftung f\u00fcr Inhalte<\/h2>\n<p>Als Diensteanbieter sind wir gem\u00e4\u00df \u00a7 7 Abs.1 TMG f\u00fcr eigene Inhalte auf diesen Seiten nach den allgemeinen Gesetzen verantwortlich. Nach \u00a7\u00a7 8 bis 10 TMG sind wir als Diensteanbieter jedoch nicht verpflichtet, \u00fcbermittelte oder gespeicherte fremde Informationen zu \u00fcberwachen oder nach Umst\u00e4nden zu forschen, die auf eine rechtswidrige T\u00e4tigkeit hinweisen. Verpflichtungen zur Entfernung oder Sperrung der Nutzung von Informationen nach den allgemeinen Gesetzen bleiben hiervon unber\u00fchrt. Eine diesbez\u00fcgliche Haftung ist jedoch erst ab dem Zeitpunkt der Kenntnis einer konkreten Rechtsverletzung m\u00f6glich. Bei Bekanntwerden von entsprechenden Rechtsverletzungen werden wir diese Inhalte umgehend entfernen.<\/p>\n<h2>Haftung f\u00fcr Links<\/h2>\n<p>Unser Angebot enth\u00e4lt Links zu externen Webseiten Dritter, auf deren Inhalte wir keinen Einfluss haben. Deshalb k\u00f6nnen wir f\u00fcr diese fremden Inhalte auch keine Gew\u00e4hr \u00fcbernehmen. F\u00fcr die Inhalte der verlinkten Seiten ist stets der jeweilige Anbieter oder Betreiber der Seiten verantwortlich. Die verlinkten Seiten wurden zum Zeitpunkt der Verlinkung auf m\u00f6gliche Rechtsverst\u00f6\u00dfe \u00fcberpr\u00fcft. Rechtswidrige Inhalte waren zum Zeitpunkt der Verlinkung nicht erkennbar. Eine permanente inhaltliche Kontrolle der verlinkten Seiten ist jedoch ohne konkrete Anhaltspunkte einer Rechtsverletzung nicht zumutbar. Bei Bekanntwerden von Rechtsverletzungen werden wir derartige Links umgehend entfernen.<\/p>\n<h2>Urheberrecht<\/h2>\n<p>Die durch die Seitenbetreiber erstellten Inhalte und Werke auf diesen Seiten unterliegen dem deutschen Urheberrecht. Die Vervielf\u00e4ltigung, Bearbeitung, Verbreitung und jede Art der Verwertung au\u00dferhalb der Grenzen des Urheberrechtes bed\u00fcrfen der schriftlichen Zustimmung des jeweiligen Autors bzw. Erstellers. Downloads und Kopien dieser Seite sind nur f\u00fcr den privaten, nicht kommerziellen Gebrauch gestattet. Soweit die Inhalte auf dieser Seite nicht vom Betreiber erstellt wurden, werden die Urheberrechte Dritter beachtet. Insbesondere werden Inhalte Dritter als solche gekennzeichnet. Sollten Sie trotzdem auf eine Urheberrechtsverletzung aufmerksam werden, bitten wir um einen entsprechenden Hinweis. Bei Bekanntwerden von Rechtsverletzungen werden wir derartige Inhalte umgehend entfernen.<\/p>\n<p><em>Quellverweis:&nbsp;<a href=\"http:\/\/www.e-recht24.de\/muster-disclaimer.html\" target=\"_blank\" rel=\"nofollow noopener\">eRecht24<\/a><\/em><\/p>\n<p>Logo Font genutzt unter Creative Commons https:\/\/creativecommons.org\/licenses\/by-sa\/3.0\/de\/deed.en. Copyright Andreas Weygandt http:\/\/www.weygandt.de\/aw_siam\/<\/p>","protected":false},"excerpt":{"rendered":"<p>Haftung f\u00fcr Inhalte Als Diensteanbieter sind wir gem\u00e4\u00df \u00a7 7 Abs.1 TMG f\u00fcr eigene Inhalte auf diesen Seiten nach den<\/p>","protected":false},"author":1,"featured_media":0,"parent":0,"menu_order":0,"comment_status":"closed","ping_status":"closed","template":"","meta":{"footnotes":""},"class_list":["post-234","page","type-page","status-publish","hentry"],"yoast_head":"<!-- This site is optimized with the Yoast SEO plugin v20.0 - https:\/\/yoast.com\/wordpress\/plugins\/seo\/ -->\n<title>Disclaimer - Thailand Reiseguide<\/title>\n<meta name=\"robots\" content=\"noindex, follow, max-snippet:-1, max-image-preview:large, max-video-preview:-1\" \/>\n<meta property=\"og:locale\" content=\"en_GB\" \/>\n<meta property=\"og:type\" content=\"article\" \/>\n<meta property=\"og:title\" content=\"Disclaimer - Thailand Reiseguide\" \/>\n<meta property=\"og:description\" content=\"Haftung f\u00fcr Inhalte Als Diensteanbieter sind wir gem\u00e4\u00df \u00a7 7 Abs.1 TMG f\u00fcr eigene Inhalte auf diesen Seiten nach den\" \/>\n<meta property=\"og:url\" content=\"https:\/\/www.thailand-reiseguide.de\/en\/disclaimer\/\" \/>\n<meta property=\"og:site_name\" content=\"Thailand Reiseguide\" \/>\n<meta property=\"article:modified_time\" content=\"2022-04-17T20:57:04+00:00\" \/>\n<meta name=\"twitter:card\" content=\"summary_large_image\" \/>\n<meta name=\"twitter:label1\" content=\"Estimated reading time\" \/>\n\t<meta name=\"twitter:data1\" content=\"2 minutes\" \/>\n<script type=\"application\/ld+json\" class=\"yoast-schema-graph\">{\"@context\":\"https:\/\/schema.org\",\"@graph\":[{\"@type\":\"WebPage\",\"@id\":\"https:\/\/www.thailand-reiseguide.de\/disclaimer\/\",\"url\":\"https:\/\/www.thailand-reiseguide.de\/disclaimer\/\",\"name\":\"Disclaimer - Thailand Reiseguide\",\"isPartOf\":{\"@id\":\"https:\/\/www.thailand-reiseguide.de\/#website\"},\"datePublished\":\"2018-01-05T12:54:21+00:00\",\"dateModified\":\"2022-04-17T20:57:04+00:00\",\"breadcrumb\":{\"@id\":\"https:\/\/www.thailand-reiseguide.de\/disclaimer\/#breadcrumb\"},\"inLanguage\":\"en-GB\",\"potentialAction\":[{\"@type\":\"ReadAction\",\"target\":[\"https:\/\/www.thailand-reiseguide.de\/disclaimer\/\"]}]},{\"@type\":\"BreadcrumbList\",\"@id\":\"https:\/\/www.thailand-reiseguide.de\/disclaimer\/#breadcrumb\",\"itemListElement\":[{\"@type\":\"ListItem\",\"position\":1,\"name\":\"Home\",\"item\":\"https:\/\/www.thailand-reiseguide.de\/\"},{\"@type\":\"ListItem\",\"position\":2,\"name\":\"Disclaimer\"}]},{\"@type\":\"WebSite\",\"@id\":\"https:\/\/www.thailand-reiseguide.de\/#website\",\"url\":\"https:\/\/www.thailand-reiseguide.de\/\",\"name\":\"Thailand Reiseguide\",\"description\":\"Dein Reisef\u00fchrer f\u00fcr Thailand\",\"publisher\":{\"@id\":\"https:\/\/www.thailand-reiseguide.de\/#organization\"},\"potentialAction\":[{\"@type\":\"SearchAction\",\"target\":{\"@type\":\"EntryPoint\",\"urlTemplate\":\"https:\/\/www.thailand-reiseguide.de\/?s={search_term_string}\"},\"query-input\":\"required name=search_term_string\"}],\"inLanguage\":\"en-GB\"},{\"@type\":\"Organization\",\"@id\":\"https:\/\/www.thailand-reiseguide.de\/#organization\",\"name\":\"Thailand Reiseguide\",\"url\":\"https:\/\/www.thailand-reiseguide.de\/\",\"logo\":{\"@type\":\"ImageObject\",\"inLanguage\":\"en-GB\",\"@id\":\"https:\/\/www.thailand-reiseguide.de\/#\/schema\/logo\/image\/\",\"url\":\"https:\/\/www.thailand-reiseguide.de\/wp-content\/uploads\/2018\/01\/cropped-Thailand-Reiseguide-Dein-Thailand-Reisef\u00fchrer_.jpg\",\"contentUrl\":\"https:\/\/www.thailand-reiseguide.de\/wp-content\/uploads\/2018\/01\/cropped-Thailand-Reiseguide-Dein-Thailand-Reisef\u00fchrer_.jpg\",\"width\":652,\"height\":102,\"caption\":\"Thailand Reiseguide\"},\"image\":{\"@id\":\"https:\/\/www.thailand-reiseguide.de\/#\/schema\/logo\/image\/\"}}]}<\/script>\n<!-- \/ Yoast SEO plugin. -->","yoast_head_json":{"title":"Disclaimer - Thailand Reiseguide","robots":{"index":"noindex","follow":"follow","max-snippet":"max-snippet:-1","max-image-preview":"max-image-preview:large","max-video-preview":"max-video-preview:-1"},"og_locale":"en_GB","og_type":"article","og_title":"Disclaimer - Thailand Reiseguide","og_description":"Haftung f\u00fcr Inhalte Als Diensteanbieter sind wir gem\u00e4\u00df \u00a7 7 Abs.1 TMG f\u00fcr eigene Inhalte auf diesen Seiten nach den","og_url":"https:\/\/www.thailand-reiseguide.de\/en\/disclaimer\/","og_site_name":"Thailand Reiseguide","article_modified_time":"2022-04-17T20:57:04+00:00","twitter_card":"summary_large_image","twitter_misc":{"Estimated reading time":"2 minutes"},"schema":{"@context":"https:\/\/schema.org","@graph":[{"@type":"WebPage","@id":"https:\/\/www.thailand-reiseguide.de\/disclaimer\/","url":"https:\/\/www.thailand-reiseguide.de\/disclaimer\/","name":"Disclaimer - Thailand Reiseguide","isPartOf":{"@id":"https:\/\/www.thailand-reiseguide.de\/#website"},"datePublished":"2018-01-05T12:54:21+00:00","dateModified":"2022-04-17T20:57:04+00:00","breadcrumb":{"@id":"https:\/\/www.thailand-reiseguide.de\/disclaimer\/#breadcrumb"},"inLanguage":"en-GB","potentialAction":[{"@type":"ReadAction","target":["https:\/\/www.thailand-reiseguide.de\/disclaimer\/"]}]},{"@type":"BreadcrumbList","@id":"https:\/\/www.thailand-reiseguide.de\/disclaimer\/#breadcrumb","itemListElement":[{"@type":"ListItem","position":1,"name":"Home","item":"https:\/\/www.thailand-reiseguide.de\/"},{"@type":"ListItem","position":2,"name":"Disclaimer"}]},{"@type":"WebSite","@id":"https:\/\/www.thailand-reiseguide.de\/#website","url":"https:\/\/www.thailand-reiseguide.de\/","name":"Thailand Reiseguide","description":"Dein Reisef\u00fchrer f\u00fcr Thailand","publisher":{"@id":"https:\/\/www.thailand-reiseguide.de\/#organization"},"potentialAction":[{"@type":"SearchAction","target":{"@type":"EntryPoint","urlTemplate":"https:\/\/www.thailand-reiseguide.de\/?s={search_term_string}"},"query-input":"required name=search_term_string"}],"inLanguage":"en-GB"},{"@type":"Organization","@id":"https:\/\/www.thailand-reiseguide.de\/#organization","name":"Thailand Reiseguide","url":"https:\/\/www.thailand-reiseguide.de\/","logo":{"@type":"ImageObject","inLanguage":"en-GB","@id":"https:\/\/www.thailand-reiseguide.de\/#\/schema\/logo\/image\/","url":"https:\/\/www.thailand-reiseguide.de\/wp-content\/uploads\/2018\/01\/cropped-Thailand-Reiseguide-Dein-Thailand-Reisef\u00fchrer_.jpg","contentUrl":"https:\/\/www.thailand-reiseguide.de\/wp-content\/uploads\/2018\/01\/cropped-Thailand-Reiseguide-Dein-Thailand-Reisef\u00fchrer_.jpg","width":652,"height":102,"caption":"Thailand Reiseguide"},"image":{"@id":"https:\/\/www.thailand-reiseguide.de\/#\/schema\/logo\/image\/"}}]}},"_links":{"self":[{"href":"https:\/\/www.thailand-reiseguide.de\/en\/wp-json\/wp\/v2\/pages\/234","targetHints":{"allow":["GET"]}}],"collection":[{"href":"https:\/\/www.thailand-reiseguide.de\/en\/wp-json\/wp\/v2\/pages"}],"about":[{"href":"https:\/\/www.thailand-reiseguide.de\/en\/wp-json\/wp\/v2\/types\/page"}],"author":[{"embeddable":true,"href":"https:\/\/www.thailand-reiseguide.de\/en\/wp-json\/wp\/v2\/users\/1"}],"replies":[{"embeddable":true,"href":"https:\/\/www.thailand-reiseguide.de\/en\/wp-json\/wp\/v2\/comments?post=234"}],"version-history":[{"count":3,"href":"https:\/\/www.thailand-reiseguide.de\/en\/wp-json\/wp\/v2\/pages\/234\/revisions"}],"predecessor-version":[{"id":360,"href":"https:\/\/www.thailand-reiseguide.de\/en\/wp-json\/wp\/v2\/pages\/234\/revisions\/360"}],"wp:attachment":[{"href":"https:\/\/www.thailand-reiseguide.de\/en\/wp-json\/wp\/v2\/media?parent=234"}],"curies":[{"name":"wp","href":"https:\/\/api.w.org\/{rel}","templated":true}]}}