{"id":160,"date":"2017-12-24T00:02:51","date_gmt":"2017-12-23T23:02:51","guid":{"rendered":"http:\/\/www.thailand-reiseguide.de\/?page_id=160"},"modified":"2023-01-30T20:56:30","modified_gmt":"2023-01-30T19:56:30","slug":"buddhismus","status":"publish","type":"page","link":"https:\/\/www.thailand-reiseguide.de\/en\/buddhismus\/","title":{"rendered":"Buddhismus"},"content":{"rendered":"<p>Thailand ist ein Land mit einer reichen buddhistischen Tradition, die sich \u00fcber viele Jahrhunderte entwickelt hat. Die Mehrheit der Bev\u00f6lkerung, etwa 95%, bekennt sich zum Buddhismus und praktiziert die Lehren des Buddha in einer einzigartigen Art und Weise. Die Thais geh\u00f6ren zu den Tai-Volksgruppen, die urspr\u00fcnglich aus S\u00fcdchina stammen. Im Laufe der Geschichte hat sich ihre Kultur jedoch unter dem Einfluss von angrenzenden L\u00e4ndern, wie Laos, Kambodscha und Myanmar, sowie des alten K\u00f6nigreichs von Siam entwickelt.<\/p>\n\n\n\n<p>Buddhismus in Thailand hat eine lange Geschichte und ist eng mit der thail\u00e4ndischen Kultur verbunden. Die Menschen glauben an Karma und Wiedergeburt und bem\u00fchen sich, gute Taten zu vollbringen, um ein besseres Leben in ihrer n\u00e4chsten Inkarnation zu erlangen. Der Buddhismus hat auch einen starken Einfluss auf die Kunst, Architektur und das t\u00e4gliche Leben in Thailand.<\/p>\n\n\n\n<p>Eine der wichtigsten buddhistischen St\u00e4tten in Thailand ist Wat Phra Kaew, ein Tempel in Bangkok, der als das Heiligtum des Landes gilt und eine Replik des Smaragd-Buddha beherbergt. Es ist ein wichtiger Wallfahrtsort f\u00fcr buddhistische Pilger aus aller Welt.<\/p>\n\n\n\n<p>Die chinesische Bev\u00f6lkerung in Thailand ist ebenfalls ein wichtiger Teil des buddhistischen Lebens. Es gibt viele chinesische Tempel, die als Zentren f\u00fcr die Praxis und Verbreitung des Buddhismus dienen, und die chinesische Gemeinschaft ist aktiv an buddhistischen Feierlichkeiten und Veranstaltungen beteiligt.<\/p>\n\n\n\n<p>Abgesehen vom Buddhismus gibt es in Thailand auch andere Religionen, wie Christentum, Islam, Hinduismus und Animismus. Diese Religionen sind jedoch in der Minderheit und machen etwa 5% der Bev\u00f6lkerung aus.<\/p>\n\n\n\n<p>In Bezug auf die Praxis des Buddhismus in Thailand ist es \u00fcblich, regelm\u00e4\u00dfig Tempelbesuche zu unternehmen, um Opfergaben darzubringen und buddhistische Lehren zu h\u00f6ren. Es ist auch \u00fcblich, an buddhistischen Festen und Feierlichkeiten teilzunehmen, wie dem traditionellen Vesak-Fest, dem Buddhistischen Neujahr oder dem Magha Puja-Fest.<\/p>\n\n\n\n<p>Der Buddhismus spielt in Thailand eine sehr wichtige Rolle im t\u00e4glichen Leben und hat einen starken Einfluss.<\/p>","protected":false},"excerpt":{"rendered":"<p>Thailand ist ein Land mit einer reichen buddhistischen Tradition, die sich \u00fcber viele Jahrhunderte entwickelt hat. Die Mehrheit der Bev\u00f6lkerung,<\/p>","protected":false},"author":1,"featured_media":0,"parent":0,"menu_order":0,"comment_status":"closed","ping_status":"closed","template":"","meta":{"footnotes":""},"class_list":["post-160","page","type-page","status-publish","hentry"],"yoast_head":"<!-- This site is optimized with the Yoast SEO plugin v20.0 - https:\/\/yoast.com\/wordpress\/plugins\/seo\/ -->\n<title>Buddhismus - Thailand Reiseguide<\/title>\n<meta name=\"robots\" content=\"noindex, follow, max-snippet:-1, max-image-preview:large, max-video-preview:-1\" \/>\n<meta property=\"og:locale\" content=\"en_GB\" \/>\n<meta property=\"og:type\" content=\"article\" \/>\n<meta property=\"og:title\" content=\"Buddhismus - Thailand Reiseguide\" \/>\n<meta property=\"og:description\" content=\"Thailand ist ein Land mit einer reichen buddhistischen Tradition, die sich \u00fcber viele Jahrhunderte entwickelt hat. Die Mehrheit der Bev\u00f6lkerung,\" \/>\n<meta property=\"og:url\" content=\"https:\/\/www.thailand-reiseguide.de\/en\/buddhismus\/\" \/>\n<meta property=\"og:site_name\" content=\"Thailand Reiseguide\" \/>\n<meta property=\"article:modified_time\" content=\"2023-01-30T19:56:30+00:00\" \/>\n<meta name=\"twitter:card\" content=\"summary_large_image\" \/>\n<meta name=\"twitter:label1\" content=\"Estimated reading time\" \/>\n\t<meta name=\"twitter:data1\" content=\"2 minutes\" \/>\n<script type=\"application\/ld+json\" class=\"yoast-schema-graph\">{\"@context\":\"https:\/\/schema.org\",\"@graph\":[{\"@type\":\"WebPage\",\"@id\":\"https:\/\/www.thailand-reiseguide.de\/buddhismus\/\",\"url\":\"https:\/\/www.thailand-reiseguide.de\/buddhismus\/\",\"name\":\"Buddhismus - Thailand Reiseguide\",\"isPartOf\":{\"@id\":\"https:\/\/www.thailand-reiseguide.de\/#website\"},\"datePublished\":\"2017-12-23T23:02:51+00:00\",\"dateModified\":\"2023-01-30T19:56:30+00:00\",\"breadcrumb\":{\"@id\":\"https:\/\/www.thailand-reiseguide.de\/buddhismus\/#breadcrumb\"},\"inLanguage\":\"en-GB\",\"potentialAction\":[{\"@type\":\"ReadAction\",\"target\":[\"https:\/\/www.thailand-reiseguide.de\/buddhismus\/\"]}]},{\"@type\":\"BreadcrumbList\",\"@id\":\"https:\/\/www.thailand-reiseguide.de\/buddhismus\/#breadcrumb\",\"itemListElement\":[{\"@type\":\"ListItem\",\"position\":1,\"name\":\"Home\",\"item\":\"https:\/\/www.thailand-reiseguide.de\/\"},{\"@type\":\"ListItem\",\"position\":2,\"name\":\"Buddhismus\"}]},{\"@type\":\"WebSite\",\"@id\":\"https:\/\/www.thailand-reiseguide.de\/#website\",\"url\":\"https:\/\/www.thailand-reiseguide.de\/\",\"name\":\"Thailand Reiseguide\",\"description\":\"Dein Reisef\u00fchrer f\u00fcr Thailand\",\"publisher\":{\"@id\":\"https:\/\/www.thailand-reiseguide.de\/#organization\"},\"potentialAction\":[{\"@type\":\"SearchAction\",\"target\":{\"@type\":\"EntryPoint\",\"urlTemplate\":\"https:\/\/www.thailand-reiseguide.de\/?s={search_term_string}\"},\"query-input\":\"required name=search_term_string\"}],\"inLanguage\":\"en-GB\"},{\"@type\":\"Organization\",\"@id\":\"https:\/\/www.thailand-reiseguide.de\/#organization\",\"name\":\"Thailand Reiseguide\",\"url\":\"https:\/\/www.thailand-reiseguide.de\/\",\"logo\":{\"@type\":\"ImageObject\",\"inLanguage\":\"en-GB\",\"@id\":\"https:\/\/www.thailand-reiseguide.de\/#\/schema\/logo\/image\/\",\"url\":\"https:\/\/www.thailand-reiseguide.de\/wp-content\/uploads\/2018\/01\/cropped-Thailand-Reiseguide-Dein-Thailand-Reisef\u00fchrer_.jpg\",\"contentUrl\":\"https:\/\/www.thailand-reiseguide.de\/wp-content\/uploads\/2018\/01\/cropped-Thailand-Reiseguide-Dein-Thailand-Reisef\u00fchrer_.jpg\",\"width\":652,\"height\":102,\"caption\":\"Thailand Reiseguide\"},\"image\":{\"@id\":\"https:\/\/www.thailand-reiseguide.de\/#\/schema\/logo\/image\/\"}}]}<\/script>\n<!-- \/ Yoast SEO plugin. -->","yoast_head_json":{"title":"Buddhismus - Thailand Reiseguide","robots":{"index":"noindex","follow":"follow","max-snippet":"max-snippet:-1","max-image-preview":"max-image-preview:large","max-video-preview":"max-video-preview:-1"},"og_locale":"en_GB","og_type":"article","og_title":"Buddhismus - Thailand Reiseguide","og_description":"Thailand ist ein Land mit einer reichen buddhistischen Tradition, die sich \u00fcber viele Jahrhunderte entwickelt hat. Die Mehrheit der Bev\u00f6lkerung,","og_url":"https:\/\/www.thailand-reiseguide.de\/en\/buddhismus\/","og_site_name":"Thailand Reiseguide","article_modified_time":"2023-01-30T19:56:30+00:00","twitter_card":"summary_large_image","twitter_misc":{"Estimated reading time":"2 minutes"},"schema":{"@context":"https:\/\/schema.org","@graph":[{"@type":"WebPage","@id":"https:\/\/www.thailand-reiseguide.de\/buddhismus\/","url":"https:\/\/www.thailand-reiseguide.de\/buddhismus\/","name":"Buddhismus - Thailand Reiseguide","isPartOf":{"@id":"https:\/\/www.thailand-reiseguide.de\/#website"},"datePublished":"2017-12-23T23:02:51+00:00","dateModified":"2023-01-30T19:56:30+00:00","breadcrumb":{"@id":"https:\/\/www.thailand-reiseguide.de\/buddhismus\/#breadcrumb"},"inLanguage":"en-GB","potentialAction":[{"@type":"ReadAction","target":["https:\/\/www.thailand-reiseguide.de\/buddhismus\/"]}]},{"@type":"BreadcrumbList","@id":"https:\/\/www.thailand-reiseguide.de\/buddhismus\/#breadcrumb","itemListElement":[{"@type":"ListItem","position":1,"name":"Home","item":"https:\/\/www.thailand-reiseguide.de\/"},{"@type":"ListItem","position":2,"name":"Buddhismus"}]},{"@type":"WebSite","@id":"https:\/\/www.thailand-reiseguide.de\/#website","url":"https:\/\/www.thailand-reiseguide.de\/","name":"Thailand Reiseguide","description":"Dein Reisef\u00fchrer f\u00fcr Thailand","publisher":{"@id":"https:\/\/www.thailand-reiseguide.de\/#organization"},"potentialAction":[{"@type":"SearchAction","target":{"@type":"EntryPoint","urlTemplate":"https:\/\/www.thailand-reiseguide.de\/?s={search_term_string}"},"query-input":"required name=search_term_string"}],"inLanguage":"en-GB"},{"@type":"Organization","@id":"https:\/\/www.thailand-reiseguide.de\/#organization","name":"Thailand Reiseguide","url":"https:\/\/www.thailand-reiseguide.de\/","logo":{"@type":"ImageObject","inLanguage":"en-GB","@id":"https:\/\/www.thailand-reiseguide.de\/#\/schema\/logo\/image\/","url":"https:\/\/www.thailand-reiseguide.de\/wp-content\/uploads\/2018\/01\/cropped-Thailand-Reiseguide-Dein-Thailand-Reisef\u00fchrer_.jpg","contentUrl":"https:\/\/www.thailand-reiseguide.de\/wp-content\/uploads\/2018\/01\/cropped-Thailand-Reiseguide-Dein-Thailand-Reisef\u00fchrer_.jpg","width":652,"height":102,"caption":"Thailand Reiseguide"},"image":{"@id":"https:\/\/www.thailand-reiseguide.de\/#\/schema\/logo\/image\/"}}]}},"_links":{"self":[{"href":"https:\/\/www.thailand-reiseguide.de\/en\/wp-json\/wp\/v2\/pages\/160","targetHints":{"allow":["GET"]}}],"collection":[{"href":"https:\/\/www.thailand-reiseguide.de\/en\/wp-json\/wp\/v2\/pages"}],"about":[{"href":"https:\/\/www.thailand-reiseguide.de\/en\/wp-json\/wp\/v2\/types\/page"}],"author":[{"embeddable":true,"href":"https:\/\/www.thailand-reiseguide.de\/en\/wp-json\/wp\/v2\/users\/1"}],"replies":[{"embeddable":true,"href":"https:\/\/www.thailand-reiseguide.de\/en\/wp-json\/wp\/v2\/comments?post=160"}],"version-history":[{"count":2,"href":"https:\/\/www.thailand-reiseguide.de\/en\/wp-json\/wp\/v2\/pages\/160\/revisions"}],"predecessor-version":[{"id":418,"href":"https:\/\/www.thailand-reiseguide.de\/en\/wp-json\/wp\/v2\/pages\/160\/revisions\/418"}],"wp:attachment":[{"href":"https:\/\/www.thailand-reiseguide.de\/en\/wp-json\/wp\/v2\/media?parent=160"}],"curies":[{"name":"wp","href":"https:\/\/api.w.org\/{rel}","templated":true}]}}