{"id":110,"date":"2017-12-23T21:04:09","date_gmt":"2017-12-23T20:04:09","guid":{"rendered":"http:\/\/www.thailand-reiseguide.de\/?page_id=110"},"modified":"2023-01-30T20:50:19","modified_gmt":"2023-01-30T19:50:19","slug":"impfung-fuer-thailand","status":"publish","type":"page","link":"https:\/\/www.thailand-reiseguide.de\/en\/impfung-fuer-thailand\/","title":{"rendered":"Impfung"},"content":{"rendered":"<p>Wenn Sie planen, nach Thailand zu reisen, ist es wichtig, sich \u00fcber die empfohlenen Impfungen im Vorfeld gut zu informieren. Einige Impfungen sind standardm\u00e4\u00dfig empfohlen, w\u00e4hrend andere je nach Ihren individuellen Bed\u00fcrfnissen und Reisepl\u00e4nen erforderlich sein k\u00f6nnen.<\/p>\n\n\n\n<p>Standardm\u00e4\u00dfig empfohlene Impfungen f\u00fcr Thailand reisen beinhalten Hepatitis A, Diphtherie-Tetanus-Pertussis (TDP), Meningokokken-Erkrankungen und Influenza. Es ist auch wichtig, den Impfschutz gegen Polio und Kinderl\u00e4hmung aufzufrischen, insbesondere f\u00fcr Reisende, die aus L\u00e4ndern mit einem h\u00f6heren Risiko f\u00fcr Polio stammen.<\/p>\n\n\n\n<p>F\u00fcr Reisende, die l\u00e4nger als einen Monat in Thailand verbringen oder in l\u00e4ndlichen Gebieten wandern, kann es ratsam sein, eine Impfung gegen Japanische Enzephalitis (JE) in Betracht zu ziehen. JE ist eine Virusinfektion, die durch Stich von infizierten M\u00fccken \u00fcbertragen wird und zu Gehirnentz\u00fcndungen f\u00fchren kann.<\/p>\n\n\n\n<p>Wenn Sie anf\u00e4llig f\u00fcr Malaria sind, sollten Sie sich \u00fcber prophylaktische Ma\u00dfnahmen und m\u00f6gliche Impfungen informieren. Es ist wichtig zu beachten, dass es keine spezifische Impfung gegen Malaria gibt und dass eine prophylaktische Therapie in Kombination mit anderen Vorbeugungsma\u00dfnahmen wie M\u00fcckenschutz und angemessener Kleidung empfohlen wird.<\/p>\n\n\n\n<p>Wenn Sie bereits andere Impfungen ben\u00f6tigen oder wenn Sie k\u00fcrzlich geimpft wurden, ist es wichtig, Ihren Impfstatus zu \u00fcberpr\u00fcfen und zu \u00fcberpr\u00fcfen, ob Ihre Impfungen auf dem neuesten Stand sind. Es wird empfohlen, mindestens 4-6 Wochen vor Ihrer Reise einen Arzt aufzusuchen, um Ihren Impfstatus zu \u00fcberpr\u00fcfen und gegebenenfalls eine Booster-Dosis zu erhalten.<\/p>\n\n\n\n<p>Es ist auch wichtig zu beachten, dass einige Impfungen mehrere Dosen erfordern, um die volle Wirksamkeit zu erzielen, und dass einige Impfungen Zeit ben\u00f6tigen, um vollst\u00e4ndig zu wirken. Stellen Sie daher sicher, dass Sie sich rechtzeitig informieren und impfen lassen.<\/p>","protected":false},"excerpt":{"rendered":"<p>Wenn Sie planen, nach Thailand zu reisen, ist es wichtig, sich \u00fcber die empfohlenen Impfungen im Vorfeld gut zu informieren.<\/p>","protected":false},"author":1,"featured_media":0,"parent":0,"menu_order":0,"comment_status":"closed","ping_status":"closed","template":"","meta":{"footnotes":""},"class_list":["post-110","page","type-page","status-publish","hentry"],"yoast_head":"<!-- This site is optimized with the Yoast SEO plugin v20.0 - https:\/\/yoast.com\/wordpress\/plugins\/seo\/ -->\n<title>Impfung - Thailand Reiseguide<\/title>\n<meta name=\"robots\" content=\"noindex, follow, max-snippet:-1, max-image-preview:large, max-video-preview:-1\" \/>\n<meta property=\"og:locale\" content=\"en_GB\" \/>\n<meta property=\"og:type\" content=\"article\" \/>\n<meta property=\"og:title\" content=\"Impfung - Thailand Reiseguide\" \/>\n<meta property=\"og:description\" content=\"Wenn Sie planen, nach Thailand zu reisen, ist es wichtig, sich \u00fcber die empfohlenen Impfungen im Vorfeld gut zu informieren.\" \/>\n<meta property=\"og:url\" content=\"https:\/\/www.thailand-reiseguide.de\/en\/impfung-fuer-thailand\/\" \/>\n<meta property=\"og:site_name\" content=\"Thailand Reiseguide\" \/>\n<meta property=\"article:modified_time\" content=\"2023-01-30T19:50:19+00:00\" \/>\n<meta name=\"twitter:card\" content=\"summary_large_image\" \/>\n<meta name=\"twitter:label1\" content=\"Estimated reading time\" \/>\n\t<meta name=\"twitter:data1\" content=\"2 minutes\" \/>\n<script type=\"application\/ld+json\" class=\"yoast-schema-graph\">{\"@context\":\"https:\/\/schema.org\",\"@graph\":[{\"@type\":\"WebPage\",\"@id\":\"https:\/\/www.thailand-reiseguide.de\/impfung-fuer-thailand\/\",\"url\":\"https:\/\/www.thailand-reiseguide.de\/impfung-fuer-thailand\/\",\"name\":\"Impfung - Thailand Reiseguide\",\"isPartOf\":{\"@id\":\"https:\/\/www.thailand-reiseguide.de\/#website\"},\"datePublished\":\"2017-12-23T20:04:09+00:00\",\"dateModified\":\"2023-01-30T19:50:19+00:00\",\"breadcrumb\":{\"@id\":\"https:\/\/www.thailand-reiseguide.de\/impfung-fuer-thailand\/#breadcrumb\"},\"inLanguage\":\"en-GB\",\"potentialAction\":[{\"@type\":\"ReadAction\",\"target\":[\"https:\/\/www.thailand-reiseguide.de\/impfung-fuer-thailand\/\"]}]},{\"@type\":\"BreadcrumbList\",\"@id\":\"https:\/\/www.thailand-reiseguide.de\/impfung-fuer-thailand\/#breadcrumb\",\"itemListElement\":[{\"@type\":\"ListItem\",\"position\":1,\"name\":\"Home\",\"item\":\"https:\/\/www.thailand-reiseguide.de\/\"},{\"@type\":\"ListItem\",\"position\":2,\"name\":\"Impfung\"}]},{\"@type\":\"WebSite\",\"@id\":\"https:\/\/www.thailand-reiseguide.de\/#website\",\"url\":\"https:\/\/www.thailand-reiseguide.de\/\",\"name\":\"Thailand Reiseguide\",\"description\":\"Dein Reisef\u00fchrer f\u00fcr Thailand\",\"publisher\":{\"@id\":\"https:\/\/www.thailand-reiseguide.de\/#organization\"},\"potentialAction\":[{\"@type\":\"SearchAction\",\"target\":{\"@type\":\"EntryPoint\",\"urlTemplate\":\"https:\/\/www.thailand-reiseguide.de\/?s={search_term_string}\"},\"query-input\":\"required name=search_term_string\"}],\"inLanguage\":\"en-GB\"},{\"@type\":\"Organization\",\"@id\":\"https:\/\/www.thailand-reiseguide.de\/#organization\",\"name\":\"Thailand Reiseguide\",\"url\":\"https:\/\/www.thailand-reiseguide.de\/\",\"logo\":{\"@type\":\"ImageObject\",\"inLanguage\":\"en-GB\",\"@id\":\"https:\/\/www.thailand-reiseguide.de\/#\/schema\/logo\/image\/\",\"url\":\"https:\/\/www.thailand-reiseguide.de\/wp-content\/uploads\/2018\/01\/cropped-Thailand-Reiseguide-Dein-Thailand-Reisef\u00fchrer_.jpg\",\"contentUrl\":\"https:\/\/www.thailand-reiseguide.de\/wp-content\/uploads\/2018\/01\/cropped-Thailand-Reiseguide-Dein-Thailand-Reisef\u00fchrer_.jpg\",\"width\":652,\"height\":102,\"caption\":\"Thailand Reiseguide\"},\"image\":{\"@id\":\"https:\/\/www.thailand-reiseguide.de\/#\/schema\/logo\/image\/\"}}]}<\/script>\n<!-- \/ Yoast SEO plugin. -->","yoast_head_json":{"title":"Impfung - Thailand Reiseguide","robots":{"index":"noindex","follow":"follow","max-snippet":"max-snippet:-1","max-image-preview":"max-image-preview:large","max-video-preview":"max-video-preview:-1"},"og_locale":"en_GB","og_type":"article","og_title":"Impfung - Thailand Reiseguide","og_description":"Wenn Sie planen, nach Thailand zu reisen, ist es wichtig, sich \u00fcber die empfohlenen Impfungen im Vorfeld gut zu informieren.","og_url":"https:\/\/www.thailand-reiseguide.de\/en\/impfung-fuer-thailand\/","og_site_name":"Thailand Reiseguide","article_modified_time":"2023-01-30T19:50:19+00:00","twitter_card":"summary_large_image","twitter_misc":{"Estimated reading time":"2 minutes"},"schema":{"@context":"https:\/\/schema.org","@graph":[{"@type":"WebPage","@id":"https:\/\/www.thailand-reiseguide.de\/impfung-fuer-thailand\/","url":"https:\/\/www.thailand-reiseguide.de\/impfung-fuer-thailand\/","name":"Impfung - Thailand Reiseguide","isPartOf":{"@id":"https:\/\/www.thailand-reiseguide.de\/#website"},"datePublished":"2017-12-23T20:04:09+00:00","dateModified":"2023-01-30T19:50:19+00:00","breadcrumb":{"@id":"https:\/\/www.thailand-reiseguide.de\/impfung-fuer-thailand\/#breadcrumb"},"inLanguage":"en-GB","potentialAction":[{"@type":"ReadAction","target":["https:\/\/www.thailand-reiseguide.de\/impfung-fuer-thailand\/"]}]},{"@type":"BreadcrumbList","@id":"https:\/\/www.thailand-reiseguide.de\/impfung-fuer-thailand\/#breadcrumb","itemListElement":[{"@type":"ListItem","position":1,"name":"Home","item":"https:\/\/www.thailand-reiseguide.de\/"},{"@type":"ListItem","position":2,"name":"Impfung"}]},{"@type":"WebSite","@id":"https:\/\/www.thailand-reiseguide.de\/#website","url":"https:\/\/www.thailand-reiseguide.de\/","name":"Thailand Reiseguide","description":"Dein Reisef\u00fchrer f\u00fcr Thailand","publisher":{"@id":"https:\/\/www.thailand-reiseguide.de\/#organization"},"potentialAction":[{"@type":"SearchAction","target":{"@type":"EntryPoint","urlTemplate":"https:\/\/www.thailand-reiseguide.de\/?s={search_term_string}"},"query-input":"required name=search_term_string"}],"inLanguage":"en-GB"},{"@type":"Organization","@id":"https:\/\/www.thailand-reiseguide.de\/#organization","name":"Thailand Reiseguide","url":"https:\/\/www.thailand-reiseguide.de\/","logo":{"@type":"ImageObject","inLanguage":"en-GB","@id":"https:\/\/www.thailand-reiseguide.de\/#\/schema\/logo\/image\/","url":"https:\/\/www.thailand-reiseguide.de\/wp-content\/uploads\/2018\/01\/cropped-Thailand-Reiseguide-Dein-Thailand-Reisef\u00fchrer_.jpg","contentUrl":"https:\/\/www.thailand-reiseguide.de\/wp-content\/uploads\/2018\/01\/cropped-Thailand-Reiseguide-Dein-Thailand-Reisef\u00fchrer_.jpg","width":652,"height":102,"caption":"Thailand Reiseguide"},"image":{"@id":"https:\/\/www.thailand-reiseguide.de\/#\/schema\/logo\/image\/"}}]}},"_links":{"self":[{"href":"https:\/\/www.thailand-reiseguide.de\/en\/wp-json\/wp\/v2\/pages\/110","targetHints":{"allow":["GET"]}}],"collection":[{"href":"https:\/\/www.thailand-reiseguide.de\/en\/wp-json\/wp\/v2\/pages"}],"about":[{"href":"https:\/\/www.thailand-reiseguide.de\/en\/wp-json\/wp\/v2\/types\/page"}],"author":[{"embeddable":true,"href":"https:\/\/www.thailand-reiseguide.de\/en\/wp-json\/wp\/v2\/users\/1"}],"replies":[{"embeddable":true,"href":"https:\/\/www.thailand-reiseguide.de\/en\/wp-json\/wp\/v2\/comments?post=110"}],"version-history":[{"count":2,"href":"https:\/\/www.thailand-reiseguide.de\/en\/wp-json\/wp\/v2\/pages\/110\/revisions"}],"predecessor-version":[{"id":417,"href":"https:\/\/www.thailand-reiseguide.de\/en\/wp-json\/wp\/v2\/pages\/110\/revisions\/417"}],"wp:attachment":[{"href":"https:\/\/www.thailand-reiseguide.de\/en\/wp-json\/wp\/v2\/media?parent=110"}],"curies":[{"name":"wp","href":"https:\/\/api.w.org\/{rel}","templated":true}]}}