{"id":106,"date":"2017-12-23T21:03:16","date_gmt":"2017-12-23T20:03:16","guid":{"rendered":"http:\/\/www.thailand-reiseguide.de\/?page_id=106"},"modified":"2023-01-30T22:06:35","modified_gmt":"2023-01-30T21:06:35","slug":"sprache-thailaendisch","status":"publish","type":"page","link":"https:\/\/www.thailand-reiseguide.de\/en\/sprache-thailaendisch\/","title":{"rendered":"Sprache"},"content":{"rendered":"<p>Die Thail\u00e4ndische Sprache, auch bekannt als Thai oder Central Thai, ist die Amtssprache in Thailand und wird von \u00fcber 60 Millionen Menschen weltweit gesprochen. Es handelt sich dabei um eine tonale Sprache, d.h. die Bedeutung eines Wortes kann sich durch den Ton, mit dem es ausgesprochen wird, ver\u00e4ndern.<\/p>\n\n\n\n<p>Neben Thai werden in Thailand auch andere Sprachen gesprochen, darunter Lao, Khmer und Malay-Polynesische Sprachen. Es gibt jedoch viele Dialekte, die in verschiedenen Landesteilen gesprochen werden. Zum Beispiel wird im Norden Thailands die Nord-Thai-Sprache, auch bekannt als Lanna oder Kammu, gesprochen. In den Bergregionen des Nordens werden auch noch weitere lokale Dialekte gesprochen.<\/p>\n\n\n\n<p>In den touristischen Regionen Thailands ist es jedoch \u00fcblich, dass Englisch gesprochen wird, da viele Touristen aus \u00dcbersee kommen. Auch in Schulen wird Englisch unterrichtet, wodurch viele junge Thais die Sprache beherrschen.<\/p>\n\n\n\n<p>Die Thail\u00e4ndische Schrift basiert auf dem Brahmi-Schriftzeichen-System und besteht aus 44 Konsonanten und 32 Vokalen. Es ist eine Tonale Sprache, wodurch die Bedeutung eines Wortes durch den Ton, mit dem es ausgesprochen wird, ver\u00e4ndert werden kann.<\/p>\n\n\n\n<p>Thail\u00e4ndische Grammatik ist sehr einfach, das Verben und Adjektive nicht ver\u00e4ndert werden m\u00fcssen, um die Zeit und den Modus anzugeben. Es gibt jedoch einige Feinheiten in der Tonalit\u00e4t und der Wortstellung, die f\u00fcr Nicht-Muttersprachler schwierig zu erlernen sein k\u00f6nnen.<\/p>\n\n\n\n<p>Zusammenfassend kann man sagen, dass die Thail\u00e4ndische Sprache eine wichtige Kulturtradition Thailands ist und ein wichtiger Bestandteil des Alltagslebens der Thail\u00e4nder ist. Es ist jedoch auch wichtig zu beachten, dass es eine Tonale Sprache ist und dass es f\u00fcr Nicht-Muttersprachler schwierig sein kann, die Feinheiten der Sprache zu erlernen. Trotzdem ist es wichtig, ein paar grundlegende Phrasen zu lernen, um die Kultur und das Leben in Thailand besser zu verstehen und zu sch\u00e4tzen.<\/p>\n\n\n\n<ol class=\"wp-block-list\">\n<li>Hallo (Sawasdee)<\/li>\n\n\n\n<li>Guten Morgen (Sawasdee Krab\/Ka)<\/li>\n\n\n\n<li>Guten Abend (Sawasdee Wan)<\/li>\n\n\n\n<li>Ich hei\u00dfe&#8230; (Ch\u00e2u\/Khun &#8230;)<\/li>\n\n\n\n<li>Wie geht es Ihnen? (Sabai dee mai?)<\/li>\n\n\n\n<li>Danke (Khortod)<\/li>\n\n\n\n<li>Bitte (Chai)<\/li>\n\n\n\n<li>Entschuldigung (Khot Chan)<\/li>\n\n\n\n<li>Wie viel kostet das? (Tao rai?)<\/li>\n\n\n\n<li>Ich m\u00f6chte&#8230; (Ch\u00e2u\/Khun mai&#8230;)<\/li>\n\n\n\n<li>Wo ist&#8230; (Y\u00f9u Nii&#8230;)<\/li>\n\n\n\n<li>Ich verstehe nicht (Mai kao jai)<\/li>\n\n\n\n<li>Sprichst du Englisch? (Poot-dii-ang-rit mai?)<\/li>\n\n\n\n<li>Ja (Chai)<\/li>\n\n\n\n<li>Nein (Mai chai)\n<ul class=\"wp-block-list\"><\/ul>\n<\/li>\n<\/ol>\n\n\n\n<p>Die m\u00e4nnliche Form des Gru\u00dfes endet auf &#8222;Krab&#8220; und die weibliche Form endet auf &#8222;Ka&#8220;. Hier ein paar Beispiele:<\/p>\n\n\n\n<p>M\u00e4nnlich: &#8222;Sawasdee Krab&#8220; Weiblich: &#8222;Sawasdee Ka&#8220;<\/p>","protected":false},"excerpt":{"rendered":"<p>Die Thail\u00e4ndische Sprache, auch bekannt als Thai oder Central Thai, ist die Amtssprache in Thailand und wird von \u00fcber 60<\/p>","protected":false},"author":1,"featured_media":0,"parent":0,"menu_order":0,"comment_status":"closed","ping_status":"closed","template":"","meta":{"footnotes":""},"class_list":["post-106","page","type-page","status-publish","hentry"],"yoast_head":"<!-- This site is optimized with the Yoast SEO plugin v20.0 - https:\/\/yoast.com\/wordpress\/plugins\/seo\/ -->\n<title>Sprache - Thailand Reiseguide<\/title>\n<meta name=\"robots\" content=\"noindex, follow, max-snippet:-1, max-image-preview:large, max-video-preview:-1\" \/>\n<meta property=\"og:locale\" content=\"en_GB\" \/>\n<meta property=\"og:type\" content=\"article\" \/>\n<meta property=\"og:title\" content=\"Sprache - Thailand Reiseguide\" \/>\n<meta property=\"og:description\" content=\"Die Thail\u00e4ndische Sprache, auch bekannt als Thai oder Central Thai, ist die Amtssprache in Thailand und wird von \u00fcber 60\" \/>\n<meta property=\"og:url\" content=\"https:\/\/www.thailand-reiseguide.de\/en\/sprache-thailaendisch\/\" \/>\n<meta property=\"og:site_name\" content=\"Thailand Reiseguide\" \/>\n<meta property=\"article:modified_time\" content=\"2023-01-30T21:06:35+00:00\" \/>\n<meta name=\"twitter:card\" content=\"summary_large_image\" \/>\n<meta name=\"twitter:label1\" content=\"Estimated reading time\" \/>\n\t<meta name=\"twitter:data1\" content=\"3 minutes\" \/>\n<script type=\"application\/ld+json\" class=\"yoast-schema-graph\">{\"@context\":\"https:\/\/schema.org\",\"@graph\":[{\"@type\":\"WebPage\",\"@id\":\"https:\/\/www.thailand-reiseguide.de\/sprache-thailaendisch\/\",\"url\":\"https:\/\/www.thailand-reiseguide.de\/sprache-thailaendisch\/\",\"name\":\"Sprache - Thailand Reiseguide\",\"isPartOf\":{\"@id\":\"https:\/\/www.thailand-reiseguide.de\/#website\"},\"datePublished\":\"2017-12-23T20:03:16+00:00\",\"dateModified\":\"2023-01-30T21:06:35+00:00\",\"breadcrumb\":{\"@id\":\"https:\/\/www.thailand-reiseguide.de\/sprache-thailaendisch\/#breadcrumb\"},\"inLanguage\":\"en-GB\",\"potentialAction\":[{\"@type\":\"ReadAction\",\"target\":[\"https:\/\/www.thailand-reiseguide.de\/sprache-thailaendisch\/\"]}]},{\"@type\":\"BreadcrumbList\",\"@id\":\"https:\/\/www.thailand-reiseguide.de\/sprache-thailaendisch\/#breadcrumb\",\"itemListElement\":[{\"@type\":\"ListItem\",\"position\":1,\"name\":\"Home\",\"item\":\"https:\/\/www.thailand-reiseguide.de\/\"},{\"@type\":\"ListItem\",\"position\":2,\"name\":\"Sprache\"}]},{\"@type\":\"WebSite\",\"@id\":\"https:\/\/www.thailand-reiseguide.de\/#website\",\"url\":\"https:\/\/www.thailand-reiseguide.de\/\",\"name\":\"Thailand Reiseguide\",\"description\":\"Dein Reisef\u00fchrer f\u00fcr Thailand\",\"publisher\":{\"@id\":\"https:\/\/www.thailand-reiseguide.de\/#organization\"},\"potentialAction\":[{\"@type\":\"SearchAction\",\"target\":{\"@type\":\"EntryPoint\",\"urlTemplate\":\"https:\/\/www.thailand-reiseguide.de\/?s={search_term_string}\"},\"query-input\":\"required name=search_term_string\"}],\"inLanguage\":\"en-GB\"},{\"@type\":\"Organization\",\"@id\":\"https:\/\/www.thailand-reiseguide.de\/#organization\",\"name\":\"Thailand Reiseguide\",\"url\":\"https:\/\/www.thailand-reiseguide.de\/\",\"logo\":{\"@type\":\"ImageObject\",\"inLanguage\":\"en-GB\",\"@id\":\"https:\/\/www.thailand-reiseguide.de\/#\/schema\/logo\/image\/\",\"url\":\"https:\/\/www.thailand-reiseguide.de\/wp-content\/uploads\/2018\/01\/cropped-Thailand-Reiseguide-Dein-Thailand-Reisef\u00fchrer_.jpg\",\"contentUrl\":\"https:\/\/www.thailand-reiseguide.de\/wp-content\/uploads\/2018\/01\/cropped-Thailand-Reiseguide-Dein-Thailand-Reisef\u00fchrer_.jpg\",\"width\":652,\"height\":102,\"caption\":\"Thailand Reiseguide\"},\"image\":{\"@id\":\"https:\/\/www.thailand-reiseguide.de\/#\/schema\/logo\/image\/\"}}]}<\/script>\n<!-- \/ Yoast SEO plugin. -->","yoast_head_json":{"title":"Sprache - Thailand Reiseguide","robots":{"index":"noindex","follow":"follow","max-snippet":"max-snippet:-1","max-image-preview":"max-image-preview:large","max-video-preview":"max-video-preview:-1"},"og_locale":"en_GB","og_type":"article","og_title":"Sprache - Thailand Reiseguide","og_description":"Die Thail\u00e4ndische Sprache, auch bekannt als Thai oder Central Thai, ist die Amtssprache in Thailand und wird von \u00fcber 60","og_url":"https:\/\/www.thailand-reiseguide.de\/en\/sprache-thailaendisch\/","og_site_name":"Thailand Reiseguide","article_modified_time":"2023-01-30T21:06:35+00:00","twitter_card":"summary_large_image","twitter_misc":{"Estimated reading time":"3 minutes"},"schema":{"@context":"https:\/\/schema.org","@graph":[{"@type":"WebPage","@id":"https:\/\/www.thailand-reiseguide.de\/sprache-thailaendisch\/","url":"https:\/\/www.thailand-reiseguide.de\/sprache-thailaendisch\/","name":"Sprache - Thailand Reiseguide","isPartOf":{"@id":"https:\/\/www.thailand-reiseguide.de\/#website"},"datePublished":"2017-12-23T20:03:16+00:00","dateModified":"2023-01-30T21:06:35+00:00","breadcrumb":{"@id":"https:\/\/www.thailand-reiseguide.de\/sprache-thailaendisch\/#breadcrumb"},"inLanguage":"en-GB","potentialAction":[{"@type":"ReadAction","target":["https:\/\/www.thailand-reiseguide.de\/sprache-thailaendisch\/"]}]},{"@type":"BreadcrumbList","@id":"https:\/\/www.thailand-reiseguide.de\/sprache-thailaendisch\/#breadcrumb","itemListElement":[{"@type":"ListItem","position":1,"name":"Home","item":"https:\/\/www.thailand-reiseguide.de\/"},{"@type":"ListItem","position":2,"name":"Sprache"}]},{"@type":"WebSite","@id":"https:\/\/www.thailand-reiseguide.de\/#website","url":"https:\/\/www.thailand-reiseguide.de\/","name":"Thailand Reiseguide","description":"Dein Reisef\u00fchrer f\u00fcr Thailand","publisher":{"@id":"https:\/\/www.thailand-reiseguide.de\/#organization"},"potentialAction":[{"@type":"SearchAction","target":{"@type":"EntryPoint","urlTemplate":"https:\/\/www.thailand-reiseguide.de\/?s={search_term_string}"},"query-input":"required name=search_term_string"}],"inLanguage":"en-GB"},{"@type":"Organization","@id":"https:\/\/www.thailand-reiseguide.de\/#organization","name":"Thailand Reiseguide","url":"https:\/\/www.thailand-reiseguide.de\/","logo":{"@type":"ImageObject","inLanguage":"en-GB","@id":"https:\/\/www.thailand-reiseguide.de\/#\/schema\/logo\/image\/","url":"https:\/\/www.thailand-reiseguide.de\/wp-content\/uploads\/2018\/01\/cropped-Thailand-Reiseguide-Dein-Thailand-Reisef\u00fchrer_.jpg","contentUrl":"https:\/\/www.thailand-reiseguide.de\/wp-content\/uploads\/2018\/01\/cropped-Thailand-Reiseguide-Dein-Thailand-Reisef\u00fchrer_.jpg","width":652,"height":102,"caption":"Thailand Reiseguide"},"image":{"@id":"https:\/\/www.thailand-reiseguide.de\/#\/schema\/logo\/image\/"}}]}},"_links":{"self":[{"href":"https:\/\/www.thailand-reiseguide.de\/en\/wp-json\/wp\/v2\/pages\/106","targetHints":{"allow":["GET"]}}],"collection":[{"href":"https:\/\/www.thailand-reiseguide.de\/en\/wp-json\/wp\/v2\/pages"}],"about":[{"href":"https:\/\/www.thailand-reiseguide.de\/en\/wp-json\/wp\/v2\/types\/page"}],"author":[{"embeddable":true,"href":"https:\/\/www.thailand-reiseguide.de\/en\/wp-json\/wp\/v2\/users\/1"}],"replies":[{"embeddable":true,"href":"https:\/\/www.thailand-reiseguide.de\/en\/wp-json\/wp\/v2\/comments?post=106"}],"version-history":[{"count":4,"href":"https:\/\/www.thailand-reiseguide.de\/en\/wp-json\/wp\/v2\/pages\/106\/revisions"}],"predecessor-version":[{"id":431,"href":"https:\/\/www.thailand-reiseguide.de\/en\/wp-json\/wp\/v2\/pages\/106\/revisions\/431"}],"wp:attachment":[{"href":"https:\/\/www.thailand-reiseguide.de\/en\/wp-json\/wp\/v2\/media?parent=106"}],"curies":[{"name":"wp","href":"https:\/\/api.w.org\/{rel}","templated":true}]}}