{"id":104,"date":"2017-12-23T21:02:59","date_gmt":"2017-12-23T20:02:59","guid":{"rendered":"http:\/\/www.thailand-reiseguide.de\/?page_id=104"},"modified":"2023-01-30T21:58:15","modified_gmt":"2023-01-30T20:58:15","slug":"schulsystem-thailand","status":"publish","type":"page","link":"https:\/\/www.thailand-reiseguide.de\/en\/schulsystem-thailand\/","title":{"rendered":"Schulsystem"},"content":{"rendered":"<p>Das Schulsystem in Thailand ist ein komplexes und vielf\u00e4ltiges System, das Kinder und Jugendliche auf ihr zuk\u00fcnftiges Leben vorbereitet. Kinder in Thailand besuchen die Schule in der Regel ab dem Alter von sechs Jahren und haben eine Schulpflicht bis zum Alter von 15 Jahren. In Thailand gibt es Schuluniformen, die je nach Schultyp unterschiedlich sein k\u00f6nnen.<\/p>\n\n\n\n<p>Im Thai Schulsystem gibt es verschiedene Arten von Schulen, darunter Regierungsschulen, internationale Schulen, buddhistische Schulen, Montessori-Schulen und Privatschulen. Die Regierungsschulen sind die h\u00e4ufigsten und bieten eine allgemeine Bildung. Die internationalen Schulen bieten eine hochwertige Bildung in Englisch und ein internationales Lehrprogramm. Buddhistische Schulen sind spezialisierte Schulen, die buddhistische Lehren und Praktiken vermitteln. Montessori-Schulen bieten eine kindorientierte Bildung, die auf die Entwicklung des Kindes abgestimmt ist. Privatschulen bieten eine hochwertige Bildung und ein vielf\u00e4ltiges Lehrprogramm.<\/p>\n\n\n\n<p>In Thailand gibt es verschiedene Ausbildungswege, die Kinder und Jugendliche im Schulsystem besuchen k\u00f6nnen. Dazu geh\u00f6ren der allgemeine Bildungsweg, der akademische Bildungsweg und der berufliche Bildungsweg. Der allgemeine Bildungsweg ist die h\u00e4ufigste Art von Bildung und bereitet Kinder und Jugendliche auf ihr zuk\u00fcnftiges Leben vor. Der akademische Bildungsweg ist f\u00fcr Kinder und Jugendliche geeignet, die eine h\u00f6here Bildung anstreben. Der berufliche Bildungsweg ist f\u00fcr Kinder und Jugendliche geeignet, die eine berufliche Karriere anstreben.<\/p>\n\n\n\n<p>Der h\u00f6chste Abschluss im Thai Schulsystem ist das Bachelor-Diplom, das nach erfolgreichem Abschluss eines Bachelor-Studiums verliehen wird. Ein Bachelor-Studium dauert in der Regel vier bis sechs Jahre.<\/p>\n\n\n\n<p>Thail\u00e4ndische Schulen bieten auch Fremdsprachenunterricht an, darunter Englisch, Chinesisch, Japanisch und Deutsch. Englisch ist die am h\u00e4ufigsten unterrichtete Fremdsprache und wird als wichtige Sprache f\u00fcr die internationale Kommunikation angesehen. Fremdsprachenunterricht ist Teil des Schulcurriculums und wird ab einem fr\u00fchen Alter angeboten.<\/p>\n\n\n\n<p>Insgesamt ist das Schulsystem in Thailand ein komplexes und vielf\u00e4ltiges<\/p>","protected":false},"excerpt":{"rendered":"<p>Das Schulsystem in Thailand ist ein komplexes und vielf\u00e4ltiges System, das Kinder und Jugendliche auf ihr zuk\u00fcnftiges Leben vorbereitet. Kinder<\/p>","protected":false},"author":1,"featured_media":0,"parent":0,"menu_order":0,"comment_status":"closed","ping_status":"closed","template":"","meta":{"footnotes":""},"class_list":["post-104","page","type-page","status-publish","hentry"],"yoast_head":"<!-- This site is optimized with the Yoast SEO plugin v20.0 - https:\/\/yoast.com\/wordpress\/plugins\/seo\/ -->\n<title>Schulsystem - Thailand Reiseguide<\/title>\n<meta name=\"robots\" content=\"noindex, follow, max-snippet:-1, max-image-preview:large, max-video-preview:-1\" \/>\n<meta property=\"og:locale\" content=\"en_GB\" \/>\n<meta property=\"og:type\" content=\"article\" \/>\n<meta property=\"og:title\" content=\"Schulsystem - Thailand Reiseguide\" \/>\n<meta property=\"og:description\" content=\"Das Schulsystem in Thailand ist ein komplexes und vielf\u00e4ltiges System, das Kinder und Jugendliche auf ihr zuk\u00fcnftiges Leben vorbereitet. Kinder\" \/>\n<meta property=\"og:url\" content=\"https:\/\/www.thailand-reiseguide.de\/en\/schulsystem-thailand\/\" \/>\n<meta property=\"og:site_name\" content=\"Thailand Reiseguide\" \/>\n<meta property=\"article:modified_time\" content=\"2023-01-30T20:58:15+00:00\" \/>\n<meta name=\"twitter:card\" content=\"summary_large_image\" \/>\n<meta name=\"twitter:label1\" content=\"Estimated reading time\" \/>\n\t<meta name=\"twitter:data1\" content=\"2 minutes\" \/>\n<script type=\"application\/ld+json\" class=\"yoast-schema-graph\">{\"@context\":\"https:\/\/schema.org\",\"@graph\":[{\"@type\":\"WebPage\",\"@id\":\"https:\/\/www.thailand-reiseguide.de\/schulsystem-thailand\/\",\"url\":\"https:\/\/www.thailand-reiseguide.de\/schulsystem-thailand\/\",\"name\":\"Schulsystem - Thailand Reiseguide\",\"isPartOf\":{\"@id\":\"https:\/\/www.thailand-reiseguide.de\/#website\"},\"datePublished\":\"2017-12-23T20:02:59+00:00\",\"dateModified\":\"2023-01-30T20:58:15+00:00\",\"breadcrumb\":{\"@id\":\"https:\/\/www.thailand-reiseguide.de\/schulsystem-thailand\/#breadcrumb\"},\"inLanguage\":\"en-GB\",\"potentialAction\":[{\"@type\":\"ReadAction\",\"target\":[\"https:\/\/www.thailand-reiseguide.de\/schulsystem-thailand\/\"]}]},{\"@type\":\"BreadcrumbList\",\"@id\":\"https:\/\/www.thailand-reiseguide.de\/schulsystem-thailand\/#breadcrumb\",\"itemListElement\":[{\"@type\":\"ListItem\",\"position\":1,\"name\":\"Home\",\"item\":\"https:\/\/www.thailand-reiseguide.de\/\"},{\"@type\":\"ListItem\",\"position\":2,\"name\":\"Schulsystem\"}]},{\"@type\":\"WebSite\",\"@id\":\"https:\/\/www.thailand-reiseguide.de\/#website\",\"url\":\"https:\/\/www.thailand-reiseguide.de\/\",\"name\":\"Thailand Reiseguide\",\"description\":\"Dein Reisef\u00fchrer f\u00fcr Thailand\",\"publisher\":{\"@id\":\"https:\/\/www.thailand-reiseguide.de\/#organization\"},\"potentialAction\":[{\"@type\":\"SearchAction\",\"target\":{\"@type\":\"EntryPoint\",\"urlTemplate\":\"https:\/\/www.thailand-reiseguide.de\/?s={search_term_string}\"},\"query-input\":\"required name=search_term_string\"}],\"inLanguage\":\"en-GB\"},{\"@type\":\"Organization\",\"@id\":\"https:\/\/www.thailand-reiseguide.de\/#organization\",\"name\":\"Thailand Reiseguide\",\"url\":\"https:\/\/www.thailand-reiseguide.de\/\",\"logo\":{\"@type\":\"ImageObject\",\"inLanguage\":\"en-GB\",\"@id\":\"https:\/\/www.thailand-reiseguide.de\/#\/schema\/logo\/image\/\",\"url\":\"https:\/\/www.thailand-reiseguide.de\/wp-content\/uploads\/2018\/01\/cropped-Thailand-Reiseguide-Dein-Thailand-Reisef\u00fchrer_.jpg\",\"contentUrl\":\"https:\/\/www.thailand-reiseguide.de\/wp-content\/uploads\/2018\/01\/cropped-Thailand-Reiseguide-Dein-Thailand-Reisef\u00fchrer_.jpg\",\"width\":652,\"height\":102,\"caption\":\"Thailand Reiseguide\"},\"image\":{\"@id\":\"https:\/\/www.thailand-reiseguide.de\/#\/schema\/logo\/image\/\"}}]}<\/script>\n<!-- \/ Yoast SEO plugin. -->","yoast_head_json":{"title":"Schulsystem - Thailand Reiseguide","robots":{"index":"noindex","follow":"follow","max-snippet":"max-snippet:-1","max-image-preview":"max-image-preview:large","max-video-preview":"max-video-preview:-1"},"og_locale":"en_GB","og_type":"article","og_title":"Schulsystem - Thailand Reiseguide","og_description":"Das Schulsystem in Thailand ist ein komplexes und vielf\u00e4ltiges System, das Kinder und Jugendliche auf ihr zuk\u00fcnftiges Leben vorbereitet. Kinder","og_url":"https:\/\/www.thailand-reiseguide.de\/en\/schulsystem-thailand\/","og_site_name":"Thailand Reiseguide","article_modified_time":"2023-01-30T20:58:15+00:00","twitter_card":"summary_large_image","twitter_misc":{"Estimated reading time":"2 minutes"},"schema":{"@context":"https:\/\/schema.org","@graph":[{"@type":"WebPage","@id":"https:\/\/www.thailand-reiseguide.de\/schulsystem-thailand\/","url":"https:\/\/www.thailand-reiseguide.de\/schulsystem-thailand\/","name":"Schulsystem - Thailand Reiseguide","isPartOf":{"@id":"https:\/\/www.thailand-reiseguide.de\/#website"},"datePublished":"2017-12-23T20:02:59+00:00","dateModified":"2023-01-30T20:58:15+00:00","breadcrumb":{"@id":"https:\/\/www.thailand-reiseguide.de\/schulsystem-thailand\/#breadcrumb"},"inLanguage":"en-GB","potentialAction":[{"@type":"ReadAction","target":["https:\/\/www.thailand-reiseguide.de\/schulsystem-thailand\/"]}]},{"@type":"BreadcrumbList","@id":"https:\/\/www.thailand-reiseguide.de\/schulsystem-thailand\/#breadcrumb","itemListElement":[{"@type":"ListItem","position":1,"name":"Home","item":"https:\/\/www.thailand-reiseguide.de\/"},{"@type":"ListItem","position":2,"name":"Schulsystem"}]},{"@type":"WebSite","@id":"https:\/\/www.thailand-reiseguide.de\/#website","url":"https:\/\/www.thailand-reiseguide.de\/","name":"Thailand Reiseguide","description":"Dein Reisef\u00fchrer f\u00fcr Thailand","publisher":{"@id":"https:\/\/www.thailand-reiseguide.de\/#organization"},"potentialAction":[{"@type":"SearchAction","target":{"@type":"EntryPoint","urlTemplate":"https:\/\/www.thailand-reiseguide.de\/?s={search_term_string}"},"query-input":"required name=search_term_string"}],"inLanguage":"en-GB"},{"@type":"Organization","@id":"https:\/\/www.thailand-reiseguide.de\/#organization","name":"Thailand Reiseguide","url":"https:\/\/www.thailand-reiseguide.de\/","logo":{"@type":"ImageObject","inLanguage":"en-GB","@id":"https:\/\/www.thailand-reiseguide.de\/#\/schema\/logo\/image\/","url":"https:\/\/www.thailand-reiseguide.de\/wp-content\/uploads\/2018\/01\/cropped-Thailand-Reiseguide-Dein-Thailand-Reisef\u00fchrer_.jpg","contentUrl":"https:\/\/www.thailand-reiseguide.de\/wp-content\/uploads\/2018\/01\/cropped-Thailand-Reiseguide-Dein-Thailand-Reisef\u00fchrer_.jpg","width":652,"height":102,"caption":"Thailand Reiseguide"},"image":{"@id":"https:\/\/www.thailand-reiseguide.de\/#\/schema\/logo\/image\/"}}]}},"_links":{"self":[{"href":"https:\/\/www.thailand-reiseguide.de\/en\/wp-json\/wp\/v2\/pages\/104","targetHints":{"allow":["GET"]}}],"collection":[{"href":"https:\/\/www.thailand-reiseguide.de\/en\/wp-json\/wp\/v2\/pages"}],"about":[{"href":"https:\/\/www.thailand-reiseguide.de\/en\/wp-json\/wp\/v2\/types\/page"}],"author":[{"embeddable":true,"href":"https:\/\/www.thailand-reiseguide.de\/en\/wp-json\/wp\/v2\/users\/1"}],"replies":[{"embeddable":true,"href":"https:\/\/www.thailand-reiseguide.de\/en\/wp-json\/wp\/v2\/comments?post=104"}],"version-history":[{"count":2,"href":"https:\/\/www.thailand-reiseguide.de\/en\/wp-json\/wp\/v2\/pages\/104\/revisions"}],"predecessor-version":[{"id":425,"href":"https:\/\/www.thailand-reiseguide.de\/en\/wp-json\/wp\/v2\/pages\/104\/revisions\/425"}],"wp:attachment":[{"href":"https:\/\/www.thailand-reiseguide.de\/en\/wp-json\/wp\/v2\/media?parent=104"}],"curies":[{"name":"wp","href":"https:\/\/api.w.org\/{rel}","templated":true}]}}