{"id":102,"date":"2017-12-23T21:02:43","date_gmt":"2017-12-23T20:02:43","guid":{"rendered":"http:\/\/www.thailand-reiseguide.de\/?page_id=102"},"modified":"2023-01-30T22:10:32","modified_gmt":"2023-01-30T21:10:32","slug":"visum-und-einreisebestimmungen-thailand","status":"publish","type":"page","link":"https:\/\/www.thailand-reiseguide.de\/en\/visum-und-einreisebestimmungen-thailand\/","title":{"rendered":"Visum und Einreisebestimmungen"},"content":{"rendered":"<p>Thailand ist ein beliebtes Reiseziel und bietet eine Vielzahl an Attraktionen, aber auch f\u00fcr die Einreise gelten bestimmte Vorschriften und Regeln. Ein Tourist, der nach Thailand reisen m\u00f6chte, sollte sich daher vor seiner Reise \u00fcber die geltenden Visum- und Einreisebestimmungen informieren.<\/p>\n\n\n\n<p>Die meisten Touristen ben\u00f6tigen f\u00fcr einen Aufenthalt von bis zu 30 Tagen ein Touristenvisum, das bei Ankunft in Thailand erteilt wird. Dieses Visum kann an einer thail\u00e4ndischen Botschaft oder einem Konsulat im Heimatland beantragt werden. Eine andere Option ist ein Visum bei Ankunft, das direkt an einem thail\u00e4ndischen Flughafen erteilt wird.<\/p>\n\n\n\n<p>Ein Tourist sollte bei der Einreise nach Thailand auch einen g\u00fcltigen Reisepass und ein R\u00fcckflugticket bereithalten. Es ist auch empfehlenswert, einen ausreichenden Betrag an Bargeld zu haben, da es bei der Einreise zu Ein- oder Auszahlungsbeschr\u00e4nkungen kommen kann.<\/p>\n\n\n\n<p>Ein weiterer wichtiger Faktor, den man bei der Einreise nach Thailand beachten sollte, ist die Gesundheit. Es wird empfohlen, vor der Reise eine Reiseversicherung abzuschlie\u00dfen, die auch medizinische Notf\u00e4lle im Ausland abdeckt. Auch eine ausreichende medizinische Versorgung ist in Thailand ein wichtiger Faktor, da es in manchen Regionen zu Krankheiten wie Malaria oder Dengue-Fieber kommen kann.<\/p>\n\n\n\n<p>Wer sich vor seiner Reise \u00fcber die aktuellsten Visum- und Einreisebestimmungen informieren m\u00f6chte, kann dies auf der Website des thail\u00e4ndischen Au\u00dfenministeriums oder auf den Websites von Reiseveranstaltern tun. Hier kann man auch Informationen \u00fcber aktuelle Einreisebeschr\u00e4nkungen und Vorschriften erhalten, die aufgrund der aktuellen Covid-19-Situation gelten k\u00f6nnen.<\/p>\n\n\n\n<p>Abschlie\u00dfend kann man sagen, dass eine gr\u00fcndliche Vorbereitung auf die Einreise nach Thailand die Reise erleichtern und dazu beitragen kann, dass man sich w\u00e4hrend des Aufenthalts entspannt und sorglos f\u00fchlen kann. Es ist daher ratsam, sich fr\u00fchzeitig \u00fcber die geltenden Visum- und Einreisebestimmungen zu informieren. <\/p>\n\n\n\n<p>Weitere n\u00fctzliche Infos und Links, findet ihr auch <a href=\"https:\/\/www.thailand-reiseguide.de\/en\/reisevorbereitung-thailand\/\">hier<\/a>.<\/p>","protected":false},"excerpt":{"rendered":"<p>Thailand ist ein beliebtes Reiseziel und bietet eine Vielzahl an Attraktionen, aber auch f\u00fcr die Einreise gelten bestimmte Vorschriften und<\/p>","protected":false},"author":1,"featured_media":0,"parent":0,"menu_order":0,"comment_status":"closed","ping_status":"closed","template":"","meta":{"footnotes":""},"class_list":["post-102","page","type-page","status-publish","hentry"],"yoast_head":"<!-- This site is optimized with the Yoast SEO plugin v20.0 - https:\/\/yoast.com\/wordpress\/plugins\/seo\/ -->\n<title>Visum und Einreisebestimmungen - Thailand Reiseguide<\/title>\n<meta name=\"robots\" content=\"noindex, follow, max-snippet:-1, max-image-preview:large, max-video-preview:-1\" \/>\n<meta property=\"og:locale\" content=\"en_GB\" \/>\n<meta property=\"og:type\" content=\"article\" \/>\n<meta property=\"og:title\" content=\"Visum und Einreisebestimmungen - Thailand Reiseguide\" \/>\n<meta property=\"og:description\" content=\"Thailand ist ein beliebtes Reiseziel und bietet eine Vielzahl an Attraktionen, aber auch f\u00fcr die Einreise gelten bestimmte Vorschriften und\" \/>\n<meta property=\"og:url\" content=\"https:\/\/www.thailand-reiseguide.de\/en\/visum-und-einreisebestimmungen-thailand\/\" \/>\n<meta property=\"og:site_name\" content=\"Thailand Reiseguide\" \/>\n<meta property=\"article:modified_time\" content=\"2023-01-30T21:10:32+00:00\" \/>\n<meta name=\"twitter:card\" content=\"summary_large_image\" \/>\n<meta name=\"twitter:label1\" content=\"Estimated reading time\" \/>\n\t<meta name=\"twitter:data1\" content=\"2 minutes\" \/>\n<script type=\"application\/ld+json\" class=\"yoast-schema-graph\">{\"@context\":\"https:\/\/schema.org\",\"@graph\":[{\"@type\":\"WebPage\",\"@id\":\"https:\/\/www.thailand-reiseguide.de\/visum-und-einreisebestimmungen-thailand\/\",\"url\":\"https:\/\/www.thailand-reiseguide.de\/visum-und-einreisebestimmungen-thailand\/\",\"name\":\"Visum und Einreisebestimmungen - Thailand Reiseguide\",\"isPartOf\":{\"@id\":\"https:\/\/www.thailand-reiseguide.de\/#website\"},\"datePublished\":\"2017-12-23T20:02:43+00:00\",\"dateModified\":\"2023-01-30T21:10:32+00:00\",\"breadcrumb\":{\"@id\":\"https:\/\/www.thailand-reiseguide.de\/visum-und-einreisebestimmungen-thailand\/#breadcrumb\"},\"inLanguage\":\"en-GB\",\"potentialAction\":[{\"@type\":\"ReadAction\",\"target\":[\"https:\/\/www.thailand-reiseguide.de\/visum-und-einreisebestimmungen-thailand\/\"]}]},{\"@type\":\"BreadcrumbList\",\"@id\":\"https:\/\/www.thailand-reiseguide.de\/visum-und-einreisebestimmungen-thailand\/#breadcrumb\",\"itemListElement\":[{\"@type\":\"ListItem\",\"position\":1,\"name\":\"Home\",\"item\":\"https:\/\/www.thailand-reiseguide.de\/\"},{\"@type\":\"ListItem\",\"position\":2,\"name\":\"Visum und Einreisebestimmungen\"}]},{\"@type\":\"WebSite\",\"@id\":\"https:\/\/www.thailand-reiseguide.de\/#website\",\"url\":\"https:\/\/www.thailand-reiseguide.de\/\",\"name\":\"Thailand Reiseguide\",\"description\":\"Dein Reisef\u00fchrer f\u00fcr Thailand\",\"publisher\":{\"@id\":\"https:\/\/www.thailand-reiseguide.de\/#organization\"},\"potentialAction\":[{\"@type\":\"SearchAction\",\"target\":{\"@type\":\"EntryPoint\",\"urlTemplate\":\"https:\/\/www.thailand-reiseguide.de\/?s={search_term_string}\"},\"query-input\":\"required name=search_term_string\"}],\"inLanguage\":\"en-GB\"},{\"@type\":\"Organization\",\"@id\":\"https:\/\/www.thailand-reiseguide.de\/#organization\",\"name\":\"Thailand Reiseguide\",\"url\":\"https:\/\/www.thailand-reiseguide.de\/\",\"logo\":{\"@type\":\"ImageObject\",\"inLanguage\":\"en-GB\",\"@id\":\"https:\/\/www.thailand-reiseguide.de\/#\/schema\/logo\/image\/\",\"url\":\"https:\/\/www.thailand-reiseguide.de\/wp-content\/uploads\/2018\/01\/cropped-Thailand-Reiseguide-Dein-Thailand-Reisef\u00fchrer_.jpg\",\"contentUrl\":\"https:\/\/www.thailand-reiseguide.de\/wp-content\/uploads\/2018\/01\/cropped-Thailand-Reiseguide-Dein-Thailand-Reisef\u00fchrer_.jpg\",\"width\":652,\"height\":102,\"caption\":\"Thailand Reiseguide\"},\"image\":{\"@id\":\"https:\/\/www.thailand-reiseguide.de\/#\/schema\/logo\/image\/\"}}]}<\/script>\n<!-- \/ Yoast SEO plugin. -->","yoast_head_json":{"title":"Visum und Einreisebestimmungen - Thailand Reiseguide","robots":{"index":"noindex","follow":"follow","max-snippet":"max-snippet:-1","max-image-preview":"max-image-preview:large","max-video-preview":"max-video-preview:-1"},"og_locale":"en_GB","og_type":"article","og_title":"Visum und Einreisebestimmungen - Thailand Reiseguide","og_description":"Thailand ist ein beliebtes Reiseziel und bietet eine Vielzahl an Attraktionen, aber auch f\u00fcr die Einreise gelten bestimmte Vorschriften und","og_url":"https:\/\/www.thailand-reiseguide.de\/en\/visum-und-einreisebestimmungen-thailand\/","og_site_name":"Thailand Reiseguide","article_modified_time":"2023-01-30T21:10:32+00:00","twitter_card":"summary_large_image","twitter_misc":{"Estimated reading time":"2 minutes"},"schema":{"@context":"https:\/\/schema.org","@graph":[{"@type":"WebPage","@id":"https:\/\/www.thailand-reiseguide.de\/visum-und-einreisebestimmungen-thailand\/","url":"https:\/\/www.thailand-reiseguide.de\/visum-und-einreisebestimmungen-thailand\/","name":"Visum und Einreisebestimmungen - Thailand Reiseguide","isPartOf":{"@id":"https:\/\/www.thailand-reiseguide.de\/#website"},"datePublished":"2017-12-23T20:02:43+00:00","dateModified":"2023-01-30T21:10:32+00:00","breadcrumb":{"@id":"https:\/\/www.thailand-reiseguide.de\/visum-und-einreisebestimmungen-thailand\/#breadcrumb"},"inLanguage":"en-GB","potentialAction":[{"@type":"ReadAction","target":["https:\/\/www.thailand-reiseguide.de\/visum-und-einreisebestimmungen-thailand\/"]}]},{"@type":"BreadcrumbList","@id":"https:\/\/www.thailand-reiseguide.de\/visum-und-einreisebestimmungen-thailand\/#breadcrumb","itemListElement":[{"@type":"ListItem","position":1,"name":"Home","item":"https:\/\/www.thailand-reiseguide.de\/"},{"@type":"ListItem","position":2,"name":"Visum und Einreisebestimmungen"}]},{"@type":"WebSite","@id":"https:\/\/www.thailand-reiseguide.de\/#website","url":"https:\/\/www.thailand-reiseguide.de\/","name":"Thailand Reiseguide","description":"Dein Reisef\u00fchrer f\u00fcr Thailand","publisher":{"@id":"https:\/\/www.thailand-reiseguide.de\/#organization"},"potentialAction":[{"@type":"SearchAction","target":{"@type":"EntryPoint","urlTemplate":"https:\/\/www.thailand-reiseguide.de\/?s={search_term_string}"},"query-input":"required name=search_term_string"}],"inLanguage":"en-GB"},{"@type":"Organization","@id":"https:\/\/www.thailand-reiseguide.de\/#organization","name":"Thailand Reiseguide","url":"https:\/\/www.thailand-reiseguide.de\/","logo":{"@type":"ImageObject","inLanguage":"en-GB","@id":"https:\/\/www.thailand-reiseguide.de\/#\/schema\/logo\/image\/","url":"https:\/\/www.thailand-reiseguide.de\/wp-content\/uploads\/2018\/01\/cropped-Thailand-Reiseguide-Dein-Thailand-Reisef\u00fchrer_.jpg","contentUrl":"https:\/\/www.thailand-reiseguide.de\/wp-content\/uploads\/2018\/01\/cropped-Thailand-Reiseguide-Dein-Thailand-Reisef\u00fchrer_.jpg","width":652,"height":102,"caption":"Thailand Reiseguide"},"image":{"@id":"https:\/\/www.thailand-reiseguide.de\/#\/schema\/logo\/image\/"}}]}},"_links":{"self":[{"href":"https:\/\/www.thailand-reiseguide.de\/en\/wp-json\/wp\/v2\/pages\/102","targetHints":{"allow":["GET"]}}],"collection":[{"href":"https:\/\/www.thailand-reiseguide.de\/en\/wp-json\/wp\/v2\/pages"}],"about":[{"href":"https:\/\/www.thailand-reiseguide.de\/en\/wp-json\/wp\/v2\/types\/page"}],"author":[{"embeddable":true,"href":"https:\/\/www.thailand-reiseguide.de\/en\/wp-json\/wp\/v2\/users\/1"}],"replies":[{"embeddable":true,"href":"https:\/\/www.thailand-reiseguide.de\/en\/wp-json\/wp\/v2\/comments?post=102"}],"version-history":[{"count":2,"href":"https:\/\/www.thailand-reiseguide.de\/en\/wp-json\/wp\/v2\/pages\/102\/revisions"}],"predecessor-version":[{"id":433,"href":"https:\/\/www.thailand-reiseguide.de\/en\/wp-json\/wp\/v2\/pages\/102\/revisions\/433"}],"wp:attachment":[{"href":"https:\/\/www.thailand-reiseguide.de\/en\/wp-json\/wp\/v2\/media?parent=102"}],"curies":[{"name":"wp","href":"https:\/\/api.w.org\/{rel}","templated":true}]}}