{"id":100,"date":"2017-12-23T21:02:17","date_gmt":"2017-12-23T20:02:17","guid":{"rendered":"http:\/\/www.thailand-reiseguide.de\/?page_id=100"},"modified":"2023-01-30T21:08:48","modified_gmt":"2023-01-30T20:08:48","slug":"klima-thailand","status":"publish","type":"page","link":"https:\/\/www.thailand-reiseguide.de\/en\/klima-thailand\/","title":{"rendered":"Klima"},"content":{"rendered":"<p>Das Klima in Thailand ist gepr\u00e4gt von einer feuchthei\u00dfen Tropenklimazone. Die Temperaturen sind ganzj\u00e4hrig hoch, mit einer Durchschnittstemperatur von 27 bis 33 Grad Celsius. Es gibt jedoch erhebliche regionale Unterschiede bez\u00fcglich Klima und Wetter.<\/p>\n\n\n\n<p>Im Norden Thailands herrscht ein subtropisches Klima mit k\u00fchleren Wintern und hei\u00dfen, feuchten Sommern. Die Regenzeit in dieser Region dauert von Juni bis Oktober. Die beste Reisezeit f\u00fcr den Norden ist von November bis Mai, wenn die Temperaturen nicht zu hoch und die Luftfeuchtigkeit nicht zu stark sind.<\/p>\n\n\n\n<p>Im Osten Thailands, insbesondere im Golf von Thailand, ist das Klima sehr feucht und es regnet fast das ganze Jahr \u00fcber. Die Regenzeit ist hier jedoch von September bis Dezember am st\u00e4rksten. Die beste Reisezeit f\u00fcr diese Region ist von Januar bis August.<\/p>\n\n\n\n<p>Im Westen Thailands, insbesondere im Andamanischen Meer, herrscht ein tropisches Klima mit hei\u00dfen, feuchten Sommern und angenehmen Wintermonaten. Die Regenzeit dauert hier von Mai bis Oktober. Die beste Reisezeit f\u00fcr den Westen ist von November bis April.<\/p>\n\n\n\n<p>Im S\u00fcden Thailands, insbesondere auf den Inseln im Golf von Thailand, herrscht ein tropisches Klima mit hei\u00dfen, feuchten Sommern und angenehmen Wintermonaten. Die Regenzeit dauert hier von Mai bis Oktober. Die beste Reisezeit f\u00fcr den S\u00fcden ist von November bis April.<\/p>\n\n\n\n<p>Allgemein l\u00e4sst sich sagen, dass die beste Reisezeit f\u00fcr Thailand von November bis April ist, wenn die Temperaturen angenehm und die Regenzeit gering sind. Es ist jedoch auch m\u00f6glich, Thailand ganzj\u00e4hrig zu bereisen, da es in jeder Region auch w\u00e4hrend der Regenzeit viele Aktivit\u00e4ten und Attraktionen gibt.<\/p>\n\n\n\n<p>Wichtig zu beachten ist, dass das Klima in Thailand immer mehr von den Auswirkungen des Klimawandels beeinflusst wird. In manchen Regionen werden die Regenzeiten l\u00e4nger und heftiger, was zu \u00dcberschwemmungen und anderen Naturkatastrophen f\u00fchren kann. Es ist daher ratsam, sich vor einer Reise \u00fcber die aktuelle Wetterlage und eventuelle Risiken zu informieren.<\/p>","protected":false},"excerpt":{"rendered":"<p>Das Klima in Thailand ist gepr\u00e4gt von einer feuchthei\u00dfen Tropenklimazone. Die Temperaturen sind ganzj\u00e4hrig hoch, mit einer Durchschnittstemperatur von 27<\/p>","protected":false},"author":1,"featured_media":0,"parent":0,"menu_order":0,"comment_status":"closed","ping_status":"closed","template":"","meta":{"footnotes":""},"class_list":["post-100","page","type-page","status-publish","hentry"],"yoast_head":"<!-- This site is optimized with the Yoast SEO plugin v20.0 - https:\/\/yoast.com\/wordpress\/plugins\/seo\/ -->\n<title>Klima - Thailand Reiseguide<\/title>\n<meta name=\"robots\" content=\"noindex, follow, max-snippet:-1, max-image-preview:large, max-video-preview:-1\" \/>\n<meta property=\"og:locale\" content=\"en_GB\" \/>\n<meta property=\"og:type\" content=\"article\" \/>\n<meta property=\"og:title\" content=\"Klima - Thailand Reiseguide\" \/>\n<meta property=\"og:description\" content=\"Das Klima in Thailand ist gepr\u00e4gt von einer feuchthei\u00dfen Tropenklimazone. Die Temperaturen sind ganzj\u00e4hrig hoch, mit einer Durchschnittstemperatur von 27\" \/>\n<meta property=\"og:url\" content=\"https:\/\/www.thailand-reiseguide.de\/en\/klima-thailand\/\" \/>\n<meta property=\"og:site_name\" content=\"Thailand Reiseguide\" \/>\n<meta property=\"article:modified_time\" content=\"2023-01-30T20:08:48+00:00\" \/>\n<meta name=\"twitter:card\" content=\"summary_large_image\" \/>\n<meta name=\"twitter:label1\" content=\"Estimated reading time\" \/>\n\t<meta name=\"twitter:data1\" content=\"2 minutes\" \/>\n<script type=\"application\/ld+json\" class=\"yoast-schema-graph\">{\"@context\":\"https:\/\/schema.org\",\"@graph\":[{\"@type\":\"WebPage\",\"@id\":\"https:\/\/www.thailand-reiseguide.de\/klima-thailand\/\",\"url\":\"https:\/\/www.thailand-reiseguide.de\/klima-thailand\/\",\"name\":\"Klima - Thailand Reiseguide\",\"isPartOf\":{\"@id\":\"https:\/\/www.thailand-reiseguide.de\/#website\"},\"datePublished\":\"2017-12-23T20:02:17+00:00\",\"dateModified\":\"2023-01-30T20:08:48+00:00\",\"breadcrumb\":{\"@id\":\"https:\/\/www.thailand-reiseguide.de\/klima-thailand\/#breadcrumb\"},\"inLanguage\":\"en-GB\",\"potentialAction\":[{\"@type\":\"ReadAction\",\"target\":[\"https:\/\/www.thailand-reiseguide.de\/klima-thailand\/\"]}]},{\"@type\":\"BreadcrumbList\",\"@id\":\"https:\/\/www.thailand-reiseguide.de\/klima-thailand\/#breadcrumb\",\"itemListElement\":[{\"@type\":\"ListItem\",\"position\":1,\"name\":\"Home\",\"item\":\"https:\/\/www.thailand-reiseguide.de\/\"},{\"@type\":\"ListItem\",\"position\":2,\"name\":\"Klima\"}]},{\"@type\":\"WebSite\",\"@id\":\"https:\/\/www.thailand-reiseguide.de\/#website\",\"url\":\"https:\/\/www.thailand-reiseguide.de\/\",\"name\":\"Thailand Reiseguide\",\"description\":\"Dein Reisef\u00fchrer f\u00fcr Thailand\",\"publisher\":{\"@id\":\"https:\/\/www.thailand-reiseguide.de\/#organization\"},\"potentialAction\":[{\"@type\":\"SearchAction\",\"target\":{\"@type\":\"EntryPoint\",\"urlTemplate\":\"https:\/\/www.thailand-reiseguide.de\/?s={search_term_string}\"},\"query-input\":\"required name=search_term_string\"}],\"inLanguage\":\"en-GB\"},{\"@type\":\"Organization\",\"@id\":\"https:\/\/www.thailand-reiseguide.de\/#organization\",\"name\":\"Thailand Reiseguide\",\"url\":\"https:\/\/www.thailand-reiseguide.de\/\",\"logo\":{\"@type\":\"ImageObject\",\"inLanguage\":\"en-GB\",\"@id\":\"https:\/\/www.thailand-reiseguide.de\/#\/schema\/logo\/image\/\",\"url\":\"https:\/\/www.thailand-reiseguide.de\/wp-content\/uploads\/2018\/01\/cropped-Thailand-Reiseguide-Dein-Thailand-Reisef\u00fchrer_.jpg\",\"contentUrl\":\"https:\/\/www.thailand-reiseguide.de\/wp-content\/uploads\/2018\/01\/cropped-Thailand-Reiseguide-Dein-Thailand-Reisef\u00fchrer_.jpg\",\"width\":652,\"height\":102,\"caption\":\"Thailand Reiseguide\"},\"image\":{\"@id\":\"https:\/\/www.thailand-reiseguide.de\/#\/schema\/logo\/image\/\"}}]}<\/script>\n<!-- \/ Yoast SEO plugin. -->","yoast_head_json":{"title":"Klima - Thailand Reiseguide","robots":{"index":"noindex","follow":"follow","max-snippet":"max-snippet:-1","max-image-preview":"max-image-preview:large","max-video-preview":"max-video-preview:-1"},"og_locale":"en_GB","og_type":"article","og_title":"Klima - Thailand Reiseguide","og_description":"Das Klima in Thailand ist gepr\u00e4gt von einer feuchthei\u00dfen Tropenklimazone. Die Temperaturen sind ganzj\u00e4hrig hoch, mit einer Durchschnittstemperatur von 27","og_url":"https:\/\/www.thailand-reiseguide.de\/en\/klima-thailand\/","og_site_name":"Thailand Reiseguide","article_modified_time":"2023-01-30T20:08:48+00:00","twitter_card":"summary_large_image","twitter_misc":{"Estimated reading time":"2 minutes"},"schema":{"@context":"https:\/\/schema.org","@graph":[{"@type":"WebPage","@id":"https:\/\/www.thailand-reiseguide.de\/klima-thailand\/","url":"https:\/\/www.thailand-reiseguide.de\/klima-thailand\/","name":"Klima - Thailand Reiseguide","isPartOf":{"@id":"https:\/\/www.thailand-reiseguide.de\/#website"},"datePublished":"2017-12-23T20:02:17+00:00","dateModified":"2023-01-30T20:08:48+00:00","breadcrumb":{"@id":"https:\/\/www.thailand-reiseguide.de\/klima-thailand\/#breadcrumb"},"inLanguage":"en-GB","potentialAction":[{"@type":"ReadAction","target":["https:\/\/www.thailand-reiseguide.de\/klima-thailand\/"]}]},{"@type":"BreadcrumbList","@id":"https:\/\/www.thailand-reiseguide.de\/klima-thailand\/#breadcrumb","itemListElement":[{"@type":"ListItem","position":1,"name":"Home","item":"https:\/\/www.thailand-reiseguide.de\/"},{"@type":"ListItem","position":2,"name":"Klima"}]},{"@type":"WebSite","@id":"https:\/\/www.thailand-reiseguide.de\/#website","url":"https:\/\/www.thailand-reiseguide.de\/","name":"Thailand Reiseguide","description":"Dein Reisef\u00fchrer f\u00fcr Thailand","publisher":{"@id":"https:\/\/www.thailand-reiseguide.de\/#organization"},"potentialAction":[{"@type":"SearchAction","target":{"@type":"EntryPoint","urlTemplate":"https:\/\/www.thailand-reiseguide.de\/?s={search_term_string}"},"query-input":"required name=search_term_string"}],"inLanguage":"en-GB"},{"@type":"Organization","@id":"https:\/\/www.thailand-reiseguide.de\/#organization","name":"Thailand Reiseguide","url":"https:\/\/www.thailand-reiseguide.de\/","logo":{"@type":"ImageObject","inLanguage":"en-GB","@id":"https:\/\/www.thailand-reiseguide.de\/#\/schema\/logo\/image\/","url":"https:\/\/www.thailand-reiseguide.de\/wp-content\/uploads\/2018\/01\/cropped-Thailand-Reiseguide-Dein-Thailand-Reisef\u00fchrer_.jpg","contentUrl":"https:\/\/www.thailand-reiseguide.de\/wp-content\/uploads\/2018\/01\/cropped-Thailand-Reiseguide-Dein-Thailand-Reisef\u00fchrer_.jpg","width":652,"height":102,"caption":"Thailand Reiseguide"},"image":{"@id":"https:\/\/www.thailand-reiseguide.de\/#\/schema\/logo\/image\/"}}]}},"_links":{"self":[{"href":"https:\/\/www.thailand-reiseguide.de\/en\/wp-json\/wp\/v2\/pages\/100","targetHints":{"allow":["GET"]}}],"collection":[{"href":"https:\/\/www.thailand-reiseguide.de\/en\/wp-json\/wp\/v2\/pages"}],"about":[{"href":"https:\/\/www.thailand-reiseguide.de\/en\/wp-json\/wp\/v2\/types\/page"}],"author":[{"embeddable":true,"href":"https:\/\/www.thailand-reiseguide.de\/en\/wp-json\/wp\/v2\/users\/1"}],"replies":[{"embeddable":true,"href":"https:\/\/www.thailand-reiseguide.de\/en\/wp-json\/wp\/v2\/comments?post=100"}],"version-history":[{"count":3,"href":"https:\/\/www.thailand-reiseguide.de\/en\/wp-json\/wp\/v2\/pages\/100\/revisions"}],"predecessor-version":[{"id":422,"href":"https:\/\/www.thailand-reiseguide.de\/en\/wp-json\/wp\/v2\/pages\/100\/revisions\/422"}],"wp:attachment":[{"href":"https:\/\/www.thailand-reiseguide.de\/en\/wp-json\/wp\/v2\/media?parent=100"}],"curies":[{"name":"wp","href":"https:\/\/api.w.org\/{rel}","templated":true}]}}